{"id":13431,"date":"2022-07-18T09:12:00","date_gmt":"2022-07-18T07:12:00","guid":{"rendered":"https:\/\/kolstejn.cz\/rooms-garni\/"},"modified":"2022-07-20T09:37:20","modified_gmt":"2022-07-20T07:37:20","slug":"rooms-garni","status":"publish","type":"page","link":"https:\/\/kolstejn.cz\/en\/rooms-garni\/","title":{"rendered":"Rooms Garni ***"},"content":{"rendered":"\t\t<div data-elementor-type=\"wp-page\" data-elementor-id=\"13431\" class=\"elementor elementor-13431 elementor-713\" data-elementor-post-type=\"page\">\n\t\t\t\t\t\t<section class=\"elementor-section elementor-top-section elementor-element elementor-element-3f58ee6a elementor-section-boxed elementor-section-height-default elementor-section-height-default\" data-id=\"3f58ee6a\" data-element_type=\"section\">\n\t\t\t\t\t\t<div class=\"elementor-container elementor-column-gap-default\">\n\t\t\t\t\t<div class=\"elementor-column elementor-col-33 elementor-top-column elementor-element elementor-element-7582604d\" data-id=\"7582604d\" data-element_type=\"column\" data-settings=\"{&quot;background_background&quot;:&quot;classic&quot;}\">\n\t\t\t<div class=\"elementor-widget-wrap elementor-element-populated\">\n\t\t\t\t\t\t<div class=\"elementor-element elementor-element-f4680f2 elementor-widget elementor-widget-wd_image_or_svg\" data-id=\"f4680f2\" data-element_type=\"widget\" data-widget_type=\"wd_image_or_svg.default\">\n\t\t\t\t<div class=\"elementor-widget-container\">\n\t\t\t\t\t\n\t\t<div class=\"wd-image text-left\">\n\t\t\t\t\t\t\t\t<img loading=\"lazy\" decoding=\"async\" width=\"500\" height=\"320\" src=\"https:\/\/kolstejn.cz\/wp-content\/uploads\/2022\/07\/img-8954-scaled-1-500x320.jpg\" class=\"attachment-500x320 size-500x320\" alt=\"Pokoj v hotelu garni Kol\u0161tejn \u2014 detail vybaven\u00ed\" \/>\t\t\t\t\t<\/div>\n\n\t\t\t\t\t\t<\/div>\n\t\t\t\t<\/div>\n\t\t\t\t<div class=\"elementor-element elementor-element-38473435 wd-width-100 elementor-widget elementor-widget-wd_title\" data-id=\"38473435\" data-element_type=\"widget\" data-widget_type=\"wd_title.default\">\n\t\t\t\t<div class=\"elementor-widget-container\">\n\t\t\t\t\t\t\t<div class=\"title-wrapper wd-set-mb reset-last-child wd-title-color-default wd-title-style-default wd-title-size-default text-center\">\n\n\t\t\t\n\t\t\t<div class=\"liner-continer\">\n\t\t\t\t<h4 class=\"woodmart-title-container title wd-fontsize-l\">double room<\/h4> \n\t\t\t\t\t\t\t<\/div>\n\n\t\t\t\t\t<\/div>\n\t\t\t\t\t\t<\/div>\n\t\t\t\t<\/div>\n\t\t\t\t<div class=\"elementor-element elementor-element-1da5529 elementor-widget elementor-widget-wd_text_block\" data-id=\"1da5529\" data-element_type=\"widget\" data-widget_type=\"wd_text_block.default\">\n\t\t\t\t<div class=\"elementor-widget-container\">\n\t\t\t\t\t\t\t<div class=\"wd-text-block reset-last-child text-left\">\n\t\t\t\n\t\t\t<p>Double rooms with separate beds or a double bed in the reconstructed hotel garni Kol\u0161tejn ***. An extra bed is possible in some rooms.<br \/><br \/>Each room has its own bathroom with bathroom, toilet, hair dryer, towel service, hotel phone, LCD TV, wi-fi internet connection. Parking right next to the hotel.<br \/><br \/>The building is located above the hotel restaurant, approx. 10 steps away from the wellness hotel and reception. Breakfasts take place in the wellness hotel.<br \/><br \/>Pets are welcome at the garni hotel!<\/p>\n\t\t\t\t\t<\/div>\n\t\t\t\t\t\t<\/div>\n\t\t\t\t<\/div>\n\t\t\t\t\t<\/div>\n\t\t<\/div>\n\t\t\t\t<div class=\"elementor-column elementor-col-33 elementor-top-column elementor-element elementor-element-196ffd81\" data-id=\"196ffd81\" data-element_type=\"column\" data-settings=\"{&quot;background_background&quot;:&quot;classic&quot;}\">\n\t\t\t<div class=\"elementor-widget-wrap elementor-element-populated\">\n\t\t\t\t\t\t<div class=\"elementor-element elementor-element-3393588 elementor-widget elementor-widget-wd_image_or_svg\" data-id=\"3393588\" data-element_type=\"widget\" data-widget_type=\"wd_image_or_svg.default\">\n\t\t\t\t<div class=\"elementor-widget-container\">\n\t\t\t\t\t\n\t\t<div class=\"wd-image text-left\">\n\t\t\t\t\t\t\t\t<img loading=\"lazy\" decoding=\"async\" width=\"500\" height=\"320\" src=\"https:\/\/kolstejn.cz\/wp-content\/uploads\/2022\/07\/img-4677-scaled-1-500x320.jpg\" class=\"attachment-500x320 size-500x320\" alt=\"Dvoul\u016f\u017ekov\u00fd pokoj v hotelu garni Kol\u0161tejn\" \/>\t\t\t\t\t<\/div>\n\n\t\t\t\t\t\t<\/div>\n\t\t\t\t<\/div>\n\t\t\t\t<div class=\"elementor-element elementor-element-532dd5f4 wd-width-100 elementor-widget elementor-widget-wd_title\" data-id=\"532dd5f4\" data-element_type=\"widget\" data-widget_type=\"wd_title.default\">\n\t\t\t\t<div class=\"elementor-widget-container\">\n\t\t\t\t\t\t\t<div class=\"title-wrapper wd-set-mb reset-last-child wd-title-color-default wd-title-style-default wd-title-size-default text-center\">\n\n\t\t\t\n\t\t\t<div class=\"liner-continer\">\n\t\t\t\t<h4 class=\"woodmart-title-container title wd-fontsize-l\">triple room<\/h4> \n\t\t\t\t\t\t\t<\/div>\n\n\t\t\t\t\t<\/div>\n\t\t\t\t\t\t<\/div>\n\t\t\t\t<\/div>\n\t\t\t\t<div class=\"elementor-element elementor-element-1bac5938 elementor-widget elementor-widget-wd_text_block\" data-id=\"1bac5938\" data-element_type=\"widget\" data-widget_type=\"wd_text_block.default\">\n\t\t\t\t<div class=\"elementor-widget-container\">\n\t\t\t\t\t\t\t<div class=\"wd-text-block reset-last-child text-left\">\n\t\t\t\n\t\t\t<p>Triple rooms with separate beds or a double bed in the renovated hotel garni Kol\u0161tejn ***.<br \/><br \/>Each room has its own bathroom with bathroom, toilet, hair dryer, towel service, hotel telephone, LCD TV, wi-fi internet connection. Parking right next to the hotel.<br \/><br \/>The building is located above the hotel restaurant, approx. 10 steps away from the wellness hotel and reception. Breakfasts take place in the wellness hotel.<br \/><br \/>Pets are welcome at the garni hotel!<\/p>\n\t\t\t\t\t<\/div>\n\t\t\t\t\t\t<\/div>\n\t\t\t\t<\/div>\n\t\t\t\t\t<\/div>\n\t\t<\/div>\n\t\t\t\t<div class=\"elementor-column elementor-col-33 elementor-top-column elementor-element elementor-element-41fe29d0\" data-id=\"41fe29d0\" data-element_type=\"column\" data-settings=\"{&quot;background_background&quot;:&quot;classic&quot;}\">\n\t\t\t<div class=\"elementor-widget-wrap elementor-element-populated\">\n\t\t\t\t\t\t<div class=\"elementor-element elementor-element-b925886 elementor-widget elementor-widget-wd_image_or_svg\" data-id=\"b925886\" data-element_type=\"widget\" data-widget_type=\"wd_image_or_svg.default\">\n\t\t\t\t<div class=\"elementor-widget-container\">\n\t\t\t\t\t\n\t\t<div class=\"wd-image text-left\">\n\t\t\t\t\t\t\t\t<img loading=\"lazy\" decoding=\"async\" width=\"500\" height=\"320\" src=\"https:\/\/kolstejn.cz\/wp-content\/uploads\/2022\/07\/img-8952-scaled-1-500x320.jpg\" class=\"attachment-500x320 size-500x320\" alt=\"Pokoj v hotelu garni Kol\u0161tejn \u2014 postel a n\u00e1bytek\" \/>\t\t\t\t\t<\/div>\n\n\t\t\t\t\t\t<\/div>\n\t\t\t\t<\/div>\n\t\t\t\t<div class=\"elementor-element elementor-element-5bb8d6af wd-width-100 elementor-widget elementor-widget-wd_title\" data-id=\"5bb8d6af\" data-element_type=\"widget\" data-widget_type=\"wd_title.default\">\n\t\t\t\t<div class=\"elementor-widget-container\">\n\t\t\t\t\t\t\t<div class=\"title-wrapper wd-set-mb reset-last-child wd-title-color-default wd-title-style-default wd-title-size-default text-center\">\n\n\t\t\t\n\t\t\t<div class=\"liner-continer\">\n\t\t\t\t<h4 class=\"woodmart-title-container title wd-fontsize-l\">five-bed room<\/h4> \n\t\t\t\t\t\t\t<\/div>\n\n\t\t\t\t\t<\/div>\n\t\t\t\t\t\t<\/div>\n\t\t\t\t<\/div>\n\t\t\t\t<div class=\"elementor-element elementor-element-56117215 elementor-widget elementor-widget-wd_text_block\" data-id=\"56117215\" data-element_type=\"widget\" data-widget_type=\"wd_text_block.default\">\n\t\t\t\t<div class=\"elementor-widget-container\">\n\t\t\t\t\t\t\t<div class=\"wd-text-block reset-last-child text-left\">\n\t\t\t\n\t\t\t<p>Five-bed rooms with separate beds in the renovated hotel garni Kol\u0161tejn ***.<br \/><br \/>These rooms have their own bathroom with bathroom, toilet, hair dryer, towel service, hotel phone, LCD TV, wi -fi internet connection. Parking right next to the hotel.<br \/><br \/>The building is located above the hotel restaurant, approx. 10 steps away from the wellness hotel and reception. Breakfast is served in the wellness hotel.<br \/><br \/>Pets are welcome at the hotel garni!<\/p>\n\t\t\t\t\t<\/div>\n\t\t\t\t\t\t<\/div>\n\t\t\t\t<\/div>\n\t\t\t\t\t<\/div>\n\t\t<\/div>\n\t\t\t\t\t<\/div>\n\t\t<\/section>\n\t\t\t\t<\/div>\n\t\t","protected":false},"excerpt":{"rendered":"<p>double room Double rooms with separate beds or a double bed in the reconstructed hotel garni Kol\u0161tejn ***. An extra<\/p>\n","protected":false},"author":1,"featured_media":0,"parent":0,"menu_order":0,"comment_status":"closed","ping_status":"closed","template":"","meta":{"footnotes":""},"class_list":["post-13431","page","type-page","status-publish","hentry"],"_links":{"self":[{"href":"https:\/\/kolstejn.cz\/en\/wp-json\/wp\/v2\/pages\/13431","targetHints":{"allow":["GET"]}}],"collection":[{"href":"https:\/\/kolstejn.cz\/en\/wp-json\/wp\/v2\/pages"}],"about":[{"href":"https:\/\/kolstejn.cz\/en\/wp-json\/wp\/v2\/types\/page"}],"author":[{"embeddable":true,"href":"https:\/\/kolstejn.cz\/en\/wp-json\/wp\/v2\/users\/1"}],"replies":[{"embeddable":true,"href":"https:\/\/kolstejn.cz\/en\/wp-json\/wp\/v2\/comments?post=13431"}],"version-history":[{"count":0,"href":"https:\/\/kolstejn.cz\/en\/wp-json\/wp\/v2\/pages\/13431\/revisions"}],"wp:attachment":[{"href":"https:\/\/kolstejn.cz\/en\/wp-json\/wp\/v2\/media?parent=13431"}],"curies":[{"name":"wp","href":"https:\/\/api.w.org\/{rel}","templated":true}]}}