{"id":13441,"date":"2022-07-13T19:45:53","date_gmt":"2022-07-13T17:45:53","guid":{"rendered":"https:\/\/kolstejn.cz\/corporate-stays\/"},"modified":"2022-07-19T16:23:48","modified_gmt":"2022-07-19T14:23:48","slug":"corporate-stays","status":"publish","type":"page","link":"https:\/\/kolstejn.cz\/en\/corporate-stays\/","title":{"rendered":"Corporate stays"},"content":{"rendered":"\t\t<div data-elementor-type=\"wp-page\" data-elementor-id=\"13441\" class=\"elementor elementor-13441 elementor-50\" data-elementor-post-type=\"page\">\n\t\t\t\t\t\t<section class=\"elementor-section elementor-top-section elementor-element elementor-element-4ddd1ef elementor-section-boxed elementor-section-height-default elementor-section-height-default\" data-id=\"4ddd1ef\" data-element_type=\"section\">\n\t\t\t\t\t\t<div class=\"elementor-container elementor-column-gap-default\">\n\t\t\t\t\t<div class=\"elementor-column elementor-col-100 elementor-top-column elementor-element elementor-element-fa0573e\" data-id=\"fa0573e\" data-element_type=\"column\">\n\t\t\t<div class=\"elementor-widget-wrap elementor-element-populated\">\n\t\t\t\t\t\t<div class=\"elementor-element elementor-element-6977a34 wd-width-100 elementor-widget elementor-widget-wd_title\" data-id=\"6977a34\" data-element_type=\"widget\" data-widget_type=\"wd_title.default\">\n\t\t\t\t<div class=\"elementor-widget-container\">\n\t\t\t\t\t\t\t<div class=\"title-wrapper wd-set-mb reset-last-child wd-title-color-default wd-title-style-default wd-title-size-default text-center\">\n\n\t\t\t\n\t\t\t<div class=\"liner-continer\">\n\t\t\t\t<h4 class=\"woodmart-title-container title wd-fontsize-l\">Corporate stays \"Wellness &amp; Workplace\"<\/h4> \n\t\t\t\t\t\t\t<\/div>\n\n\t\t\t\t\t\t\t<div class=\"title-after_title reset-last-child wd-fontsize-xs\">\n\t\t\t\t\t<p>During the day, conference, team building or training, in the evening relax in the wellness area and have fun bowling. See what the richly equipped stays include.<\/p>\t\t\t\t<\/div>\n\t\t\t\t\t<\/div>\n\t\t\t\t\t\t<\/div>\n\t\t\t\t<\/div>\n\t\t\t\t\t<\/div>\n\t\t<\/div>\n\t\t\t\t\t<\/div>\n\t\t<\/section>\n\t\t\t\t<section class=\"elementor-section elementor-top-section elementor-element elementor-element-4abeb0e2 elementor-section-stretched animated-fast elementor-section-boxed elementor-section-height-default elementor-section-height-default elementor-invisible\" data-id=\"4abeb0e2\" data-element_type=\"section\" data-settings=\"{&quot;stretch_section&quot;:&quot;section-stretched&quot;,&quot;background_background&quot;:&quot;classic&quot;,&quot;animation&quot;:&quot;fadeIn&quot;}\">\n\t\t\t\t\t\t<div class=\"elementor-container elementor-column-gap-default\">\n\t\t\t\t\t<div class=\"elementor-column elementor-col-100 elementor-top-column elementor-element elementor-element-60a83f1b\" data-id=\"60a83f1b\" data-element_type=\"column\">\n\t\t\t<div class=\"elementor-widget-wrap elementor-element-populated\">\n\t\t\t\t\t\t<section class=\"elementor-section elementor-inner-section elementor-element elementor-element-3169db44 elementor-section-boxed elementor-section-height-default elementor-section-height-default\" data-id=\"3169db44\" data-element_type=\"section\">\n\t\t\t\t\t\t<div class=\"elementor-container elementor-column-gap-default\">\n\t\t\t\t\t<div class=\"elementor-column elementor-col-50 elementor-inner-column elementor-element elementor-element-671ca50c\" data-id=\"671ca50c\" data-element_type=\"column\" data-settings=\"{&quot;background_background&quot;:&quot;classic&quot;}\">\n\t\t\t<div class=\"elementor-widget-wrap elementor-element-populated\">\n\t\t\t\t\t\t<div class=\"elementor-element elementor-element-68cf7163 wd-width-100 elementor-widget elementor-widget-wd_title\" data-id=\"68cf7163\" data-element_type=\"widget\" data-widget_type=\"wd_title.default\">\n\t\t\t\t<div class=\"elementor-widget-container\">\n\t\t\t\t\t\t\t<div class=\"title-wrapper wd-set-mb reset-last-child wd-title-color-primary wd-title-style-underlined-2 wd-title-size-default text-center\">\n\n\t\t\t\n\t\t\t<div class=\"liner-continer\">\n\t\t\t\t<h4 class=\"woodmart-title-container title wd-fontsize-l\">WELLNESS HOTEL ***<\/h4> \n\t\t\t\t\t\t\t<\/div>\n\n\t\t\t\t\t<\/div>\n\t\t\t\t\t\t<\/div>\n\t\t\t\t<\/div>\n\t\t\t\t<div class=\"elementor-element elementor-element-4f59886 elementor-widget elementor-widget-wd_text_block\" data-id=\"4f59886\" data-element_type=\"widget\" data-widget_type=\"wd_text_block.default\">\n\t\t\t\t<div class=\"elementor-widget-container\">\n\t\t\t\t\t\t\t<div class=\"wd-text-block reset-last-child text-center\">\n\t\t\t\n\t\t\t<p><strong>The price of the corporate package \"Wellness &amp; Workplace\" on request: reditel@kolstejn.cz<br \/><\/strong><\/p><p>There are 24 comfortable double rooms available in the hotel building, all of which can also be used as accommodation for one person. In some rooms, a folding chair or couch is available, suitable for the accommodation of a third person. The total capacity of the hotel is 48 beds and 15 extra beds.<\/p>\n\t\t\t\t\t<\/div>\n\t\t\t\t\t\t<\/div>\n\t\t\t\t<\/div>\n\t\t\t\t<div class=\"elementor-element elementor-element-d87678d elementor-widget elementor-widget-wd_popup\" data-id=\"d87678d\" data-element_type=\"widget\" data-widget_type=\"wd_popup.default\">\n\t\t\t\t<div class=\"elementor-widget-container\">\n\t\t\t\t\t\t\t\t\t<div class=\"wd-button-wrapper text-center\" >\n\t\t\t<a class=\"btn btn-style-default btn-shape-rectangle btn-size-default wd-open-popup btn-color-primary btn-icon-pos-right\"  href=\"#1\">\n\t\t\t\t<span class=\"wd-btn-text\" data-elementor-setting-key=\"text\">\n\t\t\t\t\tWhat the package includes\t\t\t\t<\/span>\n\n\t\t\t\t\t\t\t<\/a>\n\t\t<\/div>\n\t\t\t\t\t\t\t<div id=\"1\" class=\"mfp-hide wd-popup wd-popup-element wd-scroll-content wd-entry-content\" style=\"--wd-popup-width:800px;\">\n\t\t\t\t\t\t\t<link rel=\"stylesheet\" id=\"elementor-post-13617-css\" href=\"https:\/\/kolstejn.cz\/wp-content\/uploads\/elementor\/css\/post-13617.css?ver=1773322455\" type=\"text\/css\" media=\"all\">\n\t\t\t\t\t<div data-elementor-type=\"wp-post\" data-elementor-id=\"13617\" class=\"elementor elementor-13617 elementor-458\" data-elementor-post-type=\"cms_block\">\n\t\t\t\t\t\t<section class=\"elementor-section elementor-top-section elementor-element elementor-element-bd5f1eb elementor-section-boxed elementor-section-height-default elementor-section-height-default\" data-id=\"bd5f1eb\" data-element_type=\"section\">\n\t\t\t\t\t\t<div class=\"elementor-container elementor-column-gap-default\">\n\t\t\t\t\t<div class=\"elementor-column elementor-col-100 elementor-top-column elementor-element elementor-element-b91e9de\" data-id=\"b91e9de\" data-element_type=\"column\">\n\t\t\t<div class=\"elementor-widget-wrap elementor-element-populated\">\n\t\t\t\t\t\t<div class=\"elementor-element elementor-element-6ca2485 wd-width-100 elementor-widget elementor-widget-wd_title\" data-id=\"6ca2485\" data-element_type=\"widget\" data-widget_type=\"wd_title.default\">\n\t\t\t\t<div class=\"elementor-widget-container\">\n\t\t\t\t\t\t\t<div class=\"title-wrapper wd-set-mb reset-last-child wd-title-color-default wd-title-style-default wd-title-size-default text-center\">\n\n\t\t\t\n\t\t\t<div class=\"liner-continer\">\n\t\t\t\t<h4 class=\"woodmart-title-container title wd-fontsize-l\">Corporate package<br \/>\n WELLNESS HOTEL ***<\/h4> \n\t\t\t\t\t\t\t<\/div>\n\n\t\t\t\t\t<\/div>\n\t\t\t\t\t\t<\/div>\n\t\t\t\t<\/div>\n\t\t\t\t\t<\/div>\n\t\t<\/div>\n\t\t\t\t\t<\/div>\n\t\t<\/section>\n\t\t\t\t<section class=\"elementor-section elementor-top-section elementor-element elementor-element-98a417d elementor-section-boxed elementor-section-height-default elementor-section-height-default\" data-id=\"98a417d\" data-element_type=\"section\">\n\t\t\t\t\t\t<div class=\"elementor-container elementor-column-gap-default\">\n\t\t\t\t\t<div class=\"elementor-column elementor-col-50 elementor-top-column elementor-element elementor-element-7913105\" data-id=\"7913105\" data-element_type=\"column\">\n\t\t\t<div class=\"elementor-widget-wrap elementor-element-populated\">\n\t\t\t\t\t\t<div class=\"elementor-element elementor-element-fce6409 wd-width-100 elementor-widget elementor-widget-wd_title\" data-id=\"fce6409\" data-element_type=\"widget\" data-widget_type=\"wd_title.default\">\n\t\t\t\t<div class=\"elementor-widget-container\">\n\t\t\t\t\t\t\t<div class=\"title-wrapper wd-set-mb reset-last-child wd-title-color-default wd-title-style-default wd-title-size-small text-left\">\n\n\t\t\t\n\t\t\t<div class=\"liner-continer\">\n\t\t\t\t<h4 class=\"woodmart-title-container title wd-fontsize-m\">The package includes:<\/h4> \n\t\t\t\t\t\t\t<\/div>\n\n\t\t\t\t\t<\/div>\n\t\t\t\t\t\t<\/div>\n\t\t\t\t<\/div>\n\t\t\t\t<div class=\"elementor-element elementor-element-dadc45f elementor-widget elementor-widget-wd_text_block\" data-id=\"dadc45f\" data-element_type=\"widget\" data-widget_type=\"wd_text_block.default\">\n\t\t\t\t<div class=\"elementor-widget-container\">\n\t\t\t\t\t\t\t<div class=\"wd-text-block reset-last-child text-left\">\n\t\t\t\n\t\t\t<ul><li>1 x accommodation in a wellness hotel<\/li><li>1 x rich buffet breakfast<\/li><li>1 x dinner in the form of a festive buffet worth CZK 550\/person in the premises of a modern bowling bar (warm even a cold buffet tailor-made for the client) including the rental of 2 bowling alleys for 2 hours until 10 p.m.)<\/li><li>1 x entrance to the wellness area<\/li><li>1 x entrance to the hotel swimming pool with salt water and counter current <\/li><li>meeting hall rental for the entire duration of your stay (small hall up to 25 people, large hall up to 50 people) including technology - projector, flipchart, screen, free of charge<\/li><\/ul><ul><li >1 x coffeebreak (selection of coffees and teas, water, sweet and savory pastries, fruit)<\/li><li>1 x guided tour of the microbrewery with tasting right in the cellar for free<\/li><li>free parking at the hotel<\/li><li> li><li>free high-speed Wi-Fi connection throughout the building<\/li><\/ul><p><strong><em> (*The corporate package can only be used for a group of <u>20 or more people.< \/u>)<\/em><\/strong><\/p>\n\t\t\t\t\t<\/div>\n\t\t\t\t\t\t<\/div>\n\t\t\t\t<\/div>\n\t\t\t\t\t<\/div>\n\t\t<\/div>\n\t\t\t\t<div class=\"elementor-column elementor-col-50 elementor-top-column elementor-element elementor-element-88496cd\" data-id=\"88496cd\" data-element_type=\"column\">\n\t\t\t<div class=\"elementor-widget-wrap elementor-element-populated\">\n\t\t\t\t\t\t<div class=\"elementor-element elementor-element-148a229 wd-width-100 elementor-widget elementor-widget-wd_title\" data-id=\"148a229\" data-element_type=\"widget\" data-widget_type=\"wd_title.default\">\n\t\t\t\t<div class=\"elementor-widget-container\">\n\t\t\t\t\t\t\t<div class=\"title-wrapper wd-set-mb reset-last-child wd-title-color-default wd-title-style-default wd-title-size-small text-left\">\n\n\t\t\t\n\t\t\t<div class=\"liner-continer\">\n\t\t\t\t<h4 class=\"woodmart-title-container title wd-fontsize-m\">We will also be happy to arrange for your company for an additional fee:<\/h4> \n\t\t\t\t\t\t\t<\/div>\n\n\t\t\t\t\t<\/div>\n\t\t\t\t\t\t<\/div>\n\t\t\t\t<\/div>\n\t\t\t\t<div class=\"elementor-element elementor-element-9375124 elementor-widget elementor-widget-wd_text_block\" data-id=\"9375124\" data-element_type=\"widget\" data-widget_type=\"wd_text_block.default\">\n\t\t\t\t<div class=\"elementor-widget-container\">\n\t\t\t\t\t\t\t<div class=\"wd-text-block reset-last-child text-left\">\n\t\t\t\n\t\t\t<ul><li>special sauna program for you - <a href=\"https:\/\/kolstejn.cz\/en\/sauna-ceremonies\/\">Sauna ceremonies<\/a><\/li><li>private wellness center (capacity 10 persons)<\/li><li>private regime of the wellness complex outside opening hours (capacity 30 persons)<\/li><li><a href=\"https:\/\/kolstejn.cz\/en\/massage\/\">Massages<\/a> <\/li><li>accompanying program (magician performance, bartender show...)<\/li><li><a href=\"https:\/\/kolstejn.cz\/en\/leisure\/\">rental of mountain scooters and electric bikes (in in summer)<\/a><\/li><li>entrance to the ski areas Proskil Brann\u00e1 and Park Franti\u0161kov Brann\u00e1 (in winter)<\/li><li> <\/li><\/ul>\n\t\t\t\t\t<\/div>\n\t\t\t\t\t\t<\/div>\n\t\t\t\t<\/div>\n\t\t\t\t\t<\/div>\n\t\t<\/div>\n\t\t\t\t\t<\/div>\n\t\t<\/section>\n\t\t\t\t<\/div>\n\t\t\t\t\t<\/div>\n\t\t\t\t\t\t\t\t<\/div>\n\t\t\t\t<\/div>\n\t\t\t\t\t<\/div>\n\t\t<\/div>\n\t\t\t\t<div class=\"elementor-column elementor-col-50 elementor-inner-column elementor-element elementor-element-2836651a\" data-id=\"2836651a\" data-element_type=\"column\">\n\t\t\t<div class=\"elementor-widget-wrap elementor-element-populated\">\n\t\t\t\t\t\t<div class=\"elementor-element elementor-element-68ccf6e9 elementor-widget elementor-widget-wd_image_or_svg\" data-id=\"68ccf6e9\" data-element_type=\"widget\" data-widget_type=\"wd_image_or_svg.default\">\n\t\t\t\t<div class=\"elementor-widget-container\">\n\t\t\t\t\t\n\t\t<div class=\"wd-image text-left\">\n\t\t\t\t\t\t\t\t\t\t\t\t\t<\/div>\n\n\t\t\t\t\t\t<\/div>\n\t\t\t\t<\/div>\n\t\t\t\t\t<\/div>\n\t\t<\/div>\n\t\t\t\t\t<\/div>\n\t\t<\/section>\n\t\t\t\t<section class=\"elementor-section elementor-inner-section elementor-element elementor-element-76328b elementor-reverse-mobile elementor-section-boxed elementor-section-height-default elementor-section-height-default\" data-id=\"76328b\" data-element_type=\"section\">\n\t\t\t\t\t\t<div class=\"elementor-container elementor-column-gap-default\">\n\t\t\t\t\t<div class=\"elementor-column elementor-col-50 elementor-inner-column elementor-element elementor-element-298e80b0\" data-id=\"298e80b0\" data-element_type=\"column\">\n\t\t\t<div class=\"elementor-widget-wrap elementor-element-populated\">\n\t\t\t\t\t\t<div class=\"elementor-element elementor-element-3882cc1 elementor-widget elementor-widget-wd_image_or_svg\" data-id=\"3882cc1\" data-element_type=\"widget\" data-widget_type=\"wd_image_or_svg.default\">\n\t\t\t\t<div class=\"elementor-widget-container\">\n\t\t\t\t\t\n\t\t<div class=\"wd-image text-left\">\n\t\t\t\t\t\t\t\t\t\t\t\t\t<\/div>\n\n\t\t\t\t\t\t<\/div>\n\t\t\t\t<\/div>\n\t\t\t\t\t<\/div>\n\t\t<\/div>\n\t\t\t\t<div class=\"elementor-column elementor-col-50 elementor-inner-column elementor-element elementor-element-30592658\" data-id=\"30592658\" data-element_type=\"column\" data-settings=\"{&quot;background_background&quot;:&quot;classic&quot;}\">\n\t\t\t<div class=\"elementor-widget-wrap elementor-element-populated\">\n\t\t\t\t\t\t<div class=\"elementor-element elementor-element-74437f1a wd-width-100 elementor-widget elementor-widget-wd_title\" data-id=\"74437f1a\" data-element_type=\"widget\" data-widget_type=\"wd_title.default\">\n\t\t\t\t<div class=\"elementor-widget-container\">\n\t\t\t\t\t\t\t<div class=\"title-wrapper wd-set-mb reset-last-child wd-title-color-primary wd-title-style-underlined-2 wd-title-size-default text-center\">\n\n\t\t\t\n\t\t\t<div class=\"liner-continer\">\n\t\t\t\t<h4 class=\"woodmart-title-container title wd-fontsize-l\">HOTEL GARNI ***<\/h4> \n\t\t\t\t\t\t\t<\/div>\n\n\t\t\t\t\t<\/div>\n\t\t\t\t\t\t<\/div>\n\t\t\t\t<\/div>\n\t\t\t\t<div class=\"elementor-element elementor-element-1f3368e1 elementor-widget elementor-widget-wd_text_block\" data-id=\"1f3368e1\" data-element_type=\"widget\" data-widget_type=\"wd_text_block.default\">\n\t\t\t\t<div class=\"elementor-widget-container\">\n\t\t\t\t\t\t\t<div class=\"wd-text-block reset-last-child text-center\">\n\t\t\t\n\t\t\t<p><strong>The price of the corporate package \"Wellness &amp; Workplace\" on request: reditel@kolstejn.cz<br \/><\/strong><\/p><p>The new-smelling premises of Hotel garni *** are located on the first floor of a historic building from 1325 on a small square in the village of Brann\u00e1, directly above the Kol\u0161tejn restaurant and microbrewery.<\/p>\n\t\t\t\t\t<\/div>\n\t\t\t\t\t\t<\/div>\n\t\t\t\t<\/div>\n\t\t\t\t<div class=\"elementor-element elementor-element-f5cb92e elementor-widget elementor-widget-wd_popup\" data-id=\"f5cb92e\" data-element_type=\"widget\" data-widget_type=\"wd_popup.default\">\n\t\t\t\t<div class=\"elementor-widget-container\">\n\t\t\t\t\t\t\t\t\t<div class=\"wd-button-wrapper text-center\" >\n\t\t\t<a class=\"btn btn-style-default btn-shape-rectangle btn-size-default wd-open-popup btn-color-primary btn-icon-pos-right\"  href=\"#2\">\n\t\t\t\t<span class=\"wd-btn-text\" data-elementor-setting-key=\"text\">\n\t\t\t\t\tWhat the package includes\t\t\t\t<\/span>\n\n\t\t\t\t\t\t\t<\/a>\n\t\t<\/div>\n\t\t\t\t\t\t\t<div id=\"2\" class=\"mfp-hide wd-popup wd-popup-element wd-scroll-content wd-entry-content\" style=\"--wd-popup-width:800px;\">\n\t\t\t\t\t\t\t<link rel=\"stylesheet\" id=\"elementor-post-13631-css\" href=\"https:\/\/kolstejn.cz\/wp-content\/uploads\/elementor\/css\/post-13631.css?ver=1773322455\" type=\"text\/css\" media=\"all\">\n\t\t\t\t\t<div data-elementor-type=\"wp-post\" data-elementor-id=\"13631\" class=\"elementor elementor-13631 elementor-464\" data-elementor-post-type=\"cms_block\">\n\t\t\t\t\t\t<section class=\"elementor-section elementor-top-section elementor-element elementor-element-5a65901c elementor-section-boxed elementor-section-height-default elementor-section-height-default\" data-id=\"5a65901c\" data-element_type=\"section\">\n\t\t\t\t\t\t<div class=\"elementor-container elementor-column-gap-default\">\n\t\t\t\t\t<div class=\"elementor-column elementor-col-100 elementor-top-column elementor-element elementor-element-728c0ee6\" data-id=\"728c0ee6\" data-element_type=\"column\">\n\t\t\t<div class=\"elementor-widget-wrap elementor-element-populated\">\n\t\t\t\t\t\t<div class=\"elementor-element elementor-element-62d6619c wd-width-100 elementor-widget elementor-widget-wd_title\" data-id=\"62d6619c\" data-element_type=\"widget\" data-widget_type=\"wd_title.default\">\n\t\t\t\t<div class=\"elementor-widget-container\">\n\t\t\t\t\t\t\t<div class=\"title-wrapper wd-set-mb reset-last-child wd-title-color-default wd-title-style-default wd-title-size-default text-center\">\n\n\t\t\t\n\t\t\t<div class=\"liner-continer\">\n\t\t\t\t<h4 class=\"woodmart-title-container title wd-fontsize-l\">Corporate package<br \/>\n HOTEL GARNI ***<\/h4> \n\t\t\t\t\t\t\t<\/div>\n\n\t\t\t\t\t<\/div>\n\t\t\t\t\t\t<\/div>\n\t\t\t\t<\/div>\n\t\t\t\t\t<\/div>\n\t\t<\/div>\n\t\t\t\t\t<\/div>\n\t\t<\/section>\n\t\t\t\t<section class=\"elementor-section elementor-top-section elementor-element elementor-element-3603bc26 elementor-section-boxed elementor-section-height-default elementor-section-height-default\" data-id=\"3603bc26\" data-element_type=\"section\">\n\t\t\t\t\t\t<div class=\"elementor-container elementor-column-gap-default\">\n\t\t\t\t\t<div class=\"elementor-column elementor-col-50 elementor-top-column elementor-element elementor-element-26ff1bf8\" data-id=\"26ff1bf8\" data-element_type=\"column\">\n\t\t\t<div class=\"elementor-widget-wrap elementor-element-populated\">\n\t\t\t\t\t\t<div class=\"elementor-element elementor-element-60b4dd94 wd-width-100 elementor-widget elementor-widget-wd_title\" data-id=\"60b4dd94\" data-element_type=\"widget\" data-widget_type=\"wd_title.default\">\n\t\t\t\t<div class=\"elementor-widget-container\">\n\t\t\t\t\t\t\t<div class=\"title-wrapper wd-set-mb reset-last-child wd-title-color-default wd-title-style-default wd-title-size-small text-left\">\n\n\t\t\t\n\t\t\t<div class=\"liner-continer\">\n\t\t\t\t<h4 class=\"woodmart-title-container title wd-fontsize-m\">The package includes:<\/h4> \n\t\t\t\t\t\t\t<\/div>\n\n\t\t\t\t\t<\/div>\n\t\t\t\t\t\t<\/div>\n\t\t\t\t<\/div>\n\t\t\t\t<div class=\"elementor-element elementor-element-41644dca elementor-widget elementor-widget-wd_text_block\" data-id=\"41644dca\" data-element_type=\"widget\" data-widget_type=\"wd_text_block.default\">\n\t\t\t\t<div class=\"elementor-widget-container\">\n\t\t\t\t\t\t\t<div class=\"wd-text-block reset-last-child text-left\">\n\t\t\t\n\t\t\t<ul><li><ul><li>1 x accommodation in hotel garni<\/li><li>1 x rich buffet breakfast<\/li><li>1 x dinner in the form of a festive buffet worth 550 CZK\/person - without drinks in the premises of the modern bowling bar (hot and cold buffet tailor-made for the client) including the rental of 2 bowling lanes for 2 hours until 10 p.m.)<\/li><li>1 x entrance to the wellness area<\/li><li>1 x entrance to the hotel swimming pool with salt water and counter current<\/li><li>meeting hall rental for the entire stay (small hall up to 25 people, large hall up to 50 people) including technology \u2013 projector, flipchart, screen, free of charge<\/li> <\/ul><ul><li>1 x coffeebreak (selection of coffees and teas, water, sweet and savory pastries, fruit)<\/li><li>1 x guided tour of the microbrewery with tasting directly in the cellar for free<\/li> <li>free parking at the hotel<\/li><li>free high-speed Wi-Fi connection throughout the building<\/li><\/ul><p><strong><em> (*The corporate package can only be used for a group <u>20 or more people.<\/u>)<\/em><\/strong><\/p><\/li><\/ul>\n\t\t\t\t\t<\/div>\n\t\t\t\t\t\t<\/div>\n\t\t\t\t<\/div>\n\t\t\t\t\t<\/div>\n\t\t<\/div>\n\t\t\t\t<div class=\"elementor-column elementor-col-50 elementor-top-column elementor-element elementor-element-3de93d83\" data-id=\"3de93d83\" data-element_type=\"column\">\n\t\t\t<div class=\"elementor-widget-wrap elementor-element-populated\">\n\t\t\t\t\t\t<div class=\"elementor-element elementor-element-7962163b wd-width-100 elementor-widget elementor-widget-wd_title\" data-id=\"7962163b\" data-element_type=\"widget\" data-widget_type=\"wd_title.default\">\n\t\t\t\t<div class=\"elementor-widget-container\">\n\t\t\t\t\t\t\t<div class=\"title-wrapper wd-set-mb reset-last-child wd-title-color-default wd-title-style-default wd-title-size-small text-left\">\n\n\t\t\t\n\t\t\t<div class=\"liner-continer\">\n\t\t\t\t<h4 class=\"woodmart-title-container title wd-fontsize-m\">We will also be happy to arrange for your company for an additional fee:<\/h4> \n\t\t\t\t\t\t\t<\/div>\n\n\t\t\t\t\t<\/div>\n\t\t\t\t\t\t<\/div>\n\t\t\t\t<\/div>\n\t\t\t\t<div class=\"elementor-element elementor-element-1a25136 elementor-widget elementor-widget-wd_text_block\" data-id=\"1a25136\" data-element_type=\"widget\" data-widget_type=\"wd_text_block.default\">\n\t\t\t\t<div class=\"elementor-widget-container\">\n\t\t\t\t\t\t\t<div class=\"wd-text-block reset-last-child text-left\">\n\t\t\t\n\t\t\t<ul><li>special sauna program for you - <a href=\"https:\/\/kolstejn.cz\/en\/sauna-ceremonies\/\">Sauna ceremonies<\/a><\/li><li>private wellness center (capacity 10 persons)<\/li><li>private regime of the wellness complex outside opening hours (capacity 30 persons)<\/li><li><a href=\"https:\/\/kolstejn.cz\/en\/massage\/\">massages<\/a> <\/li><li>accompanying program (magician performance, bartender show...)<\/li><li><a href=\"https:\/\/kolstejn.cz\/en\/leisure\/\">rental of mountain scooters and electric bikes (in in summer)<\/a><\/li><li>entrance to the ski areas Proskil Brann\u00e1 and Park Franti\u0161kov Brann\u00e1 (in winter)<\/li><li> <\/li><\/ul>\n\t\t\t\t\t<\/div>\n\t\t\t\t\t\t<\/div>\n\t\t\t\t<\/div>\n\t\t\t\t\t<\/div>\n\t\t<\/div>\n\t\t\t\t\t<\/div>\n\t\t<\/section>\n\t\t\t\t<\/div>\n\t\t\t\t\t<\/div>\n\t\t\t\t\t\t\t\t<\/div>\n\t\t\t\t<\/div>\n\t\t\t\t\t<\/div>\n\t\t<\/div>\n\t\t\t\t\t<\/div>\n\t\t<\/section>\n\t\t\t\t\t<\/div>\n\t\t<\/div>\n\t\t\t\t\t<\/div>\n\t\t<\/section>\n\t\t\t\t<\/div>\n\t\t","protected":false},"excerpt":{"rendered":"<p>Corporate stays &#8220;Wellness &amp; Workplace&#8221; During the day, conference, team building or training, in the evening relax in the wellness<\/p>\n","protected":false},"author":1,"featured_media":0,"parent":0,"menu_order":0,"comment_status":"closed","ping_status":"closed","template":"","meta":{"footnotes":""},"class_list":["post-13441","page","type-page","status-publish","hentry"],"_links":{"self":[{"href":"https:\/\/kolstejn.cz\/en\/wp-json\/wp\/v2\/pages\/13441","targetHints":{"allow":["GET"]}}],"collection":[{"href":"https:\/\/kolstejn.cz\/en\/wp-json\/wp\/v2\/pages"}],"about":[{"href":"https:\/\/kolstejn.cz\/en\/wp-json\/wp\/v2\/types\/page"}],"author":[{"embeddable":true,"href":"https:\/\/kolstejn.cz\/en\/wp-json\/wp\/v2\/users\/1"}],"replies":[{"embeddable":true,"href":"https:\/\/kolstejn.cz\/en\/wp-json\/wp\/v2\/comments?post=13441"}],"version-history":[{"count":0,"href":"https:\/\/kolstejn.cz\/en\/wp-json\/wp\/v2\/pages\/13441\/revisions"}],"wp:attachment":[{"href":"https:\/\/kolstejn.cz\/en\/wp-json\/wp\/v2\/media?parent=13441"}],"curies":[{"name":"wp","href":"https:\/\/api.w.org\/{rel}","templated":true}]}}