{"id":13445,"date":"2022-07-13T19:45:10","date_gmt":"2022-07-13T17:45:10","guid":{"rendered":"https:\/\/kolstejn.cz\/microbrewery\/"},"modified":"2025-10-30T14:41:38","modified_gmt":"2025-10-30T13:41:38","slug":"microbrewery","status":"publish","type":"page","link":"https:\/\/kolstejn.cz\/en\/microbrewery\/","title":{"rendered":"Microbrewery"},"content":{"rendered":"\t\t<div data-elementor-type=\"wp-page\" data-elementor-id=\"13445\" class=\"elementor elementor-13445 elementor-46\" data-elementor-post-type=\"page\">\n\t\t\t\t\t\t<section class=\"elementor-section elementor-top-section elementor-element elementor-element-5ebf4585 elementor-section-stretched animated-fast elementor-section-boxed elementor-section-height-default elementor-section-height-default elementor-invisible\" data-id=\"5ebf4585\" data-element_type=\"section\" data-settings=\"{&quot;stretch_section&quot;:&quot;section-stretched&quot;,&quot;background_background&quot;:&quot;classic&quot;,&quot;animation&quot;:&quot;fadeIn&quot;}\">\n\t\t\t\t\t\t<div class=\"elementor-container elementor-column-gap-default\">\n\t\t\t\t\t<div class=\"elementor-column elementor-col-100 elementor-top-column elementor-element elementor-element-6d06c021\" data-id=\"6d06c021\" data-element_type=\"column\">\n\t\t\t<div class=\"elementor-widget-wrap elementor-element-populated\">\n\t\t\t\t\t\t<section class=\"elementor-section elementor-inner-section elementor-element elementor-element-48a35ba1 elementor-section-boxed elementor-section-height-default elementor-section-height-default\" data-id=\"48a35ba1\" data-element_type=\"section\">\n\t\t\t\t\t\t<div class=\"elementor-container elementor-column-gap-default\">\n\t\t\t\t\t<div class=\"elementor-column elementor-col-50 elementor-inner-column elementor-element elementor-element-77902e06\" data-id=\"77902e06\" data-element_type=\"column\" data-settings=\"{&quot;background_background&quot;:&quot;classic&quot;}\">\n\t\t\t<div class=\"elementor-widget-wrap elementor-element-populated\">\n\t\t\t\t\t\t<div class=\"elementor-element elementor-element-7d28e8c0 wd-width-100 elementor-widget elementor-widget-wd_title\" data-id=\"7d28e8c0\" data-element_type=\"widget\" data-widget_type=\"wd_title.default\">\n\t\t\t\t<div class=\"elementor-widget-container\">\n\t\t\t\t\t\t\t<div class=\"title-wrapper wd-set-mb reset-last-child wd-title-color-primary wd-title-style-underlined-2 wd-title-size-default text-center\">\n\n\t\t\t\n\t\t\t<div class=\"liner-continer\">\n\t\t\t\t<h4 class=\"woodmart-title-container title wd-fontsize-l\">THE STORY CONTINUES<\/h4> \n\t\t\t\t\t\t\t<\/div>\n\n\t\t\t\t\t<\/div>\n\t\t\t\t\t\t<\/div>\n\t\t\t\t<\/div>\n\t\t\t\t<div class=\"elementor-element elementor-element-5156f659 elementor-widget elementor-widget-wd_text_block\" data-id=\"5156f659\" data-element_type=\"widget\" data-widget_type=\"wd_text_block.default\">\n\t\t\t\t<div class=\"elementor-widget-container\">\n\t\t\t\t\t\t\t<div class=\"wd-text-block reset-last-child text-center\">\n\t\t\t\n\t\t\t<p data-pm-slice=\"1 1 []\">The Kol\u0161tejn mini-brewery continues the long-standing tradition of brewing in the village of Brann\u00e1 in Jesen\u00edky. The construction of the microbrewery began in 2012, and it opened 2013, being ceremonially consecrated and blessed three months later. It is part of the Kol\u0161tejn wellness center complex and you can find it in the back of the Kol\u0161tejn Restaurant.<\/p>\n\t\t\t\t\t<\/div>\n\t\t\t\t\t\t<\/div>\n\t\t\t\t<\/div>\n\t\t\t\t\t<\/div>\n\t\t<\/div>\n\t\t\t\t<div class=\"elementor-column elementor-col-50 elementor-inner-column elementor-element elementor-element-567c2398\" data-id=\"567c2398\" data-element_type=\"column\">\n\t\t\t<div class=\"elementor-widget-wrap elementor-element-populated\">\n\t\t\t\t\t\t<div class=\"elementor-element elementor-element-55ec031 elementor-widget elementor-widget-wd_image_or_svg\" data-id=\"55ec031\" data-element_type=\"widget\" data-widget_type=\"wd_image_or_svg.default\">\n\t\t\t\t<div class=\"elementor-widget-container\">\n\t\t\t\t\t\n\t\t<div class=\"wd-image text-left\">\n\t\t\t\t\t\t\t\t<img loading=\"lazy\" decoding=\"async\" width=\"500\" height=\"400\" src=\"https:\/\/kolstejn.cz\/wp-content\/uploads\/2022\/07\/IMG_4644-scaled-1-500x400.jpg\" class=\"attachment-500x400 size-500x400\" alt=\"Hotel Kol\u0161tejn \u2014 fotografie z galerie\" \/>\t\t\t\t\t<\/div>\n\n\t\t\t\t\t\t<\/div>\n\t\t\t\t<\/div>\n\t\t\t\t\t<\/div>\n\t\t<\/div>\n\t\t\t\t\t<\/div>\n\t\t<\/section>\n\t\t\t\t<section class=\"elementor-section elementor-inner-section elementor-element elementor-element-29521f50 elementor-reverse-mobile elementor-section-boxed elementor-section-height-default elementor-section-height-default\" data-id=\"29521f50\" data-element_type=\"section\">\n\t\t\t\t\t\t<div class=\"elementor-container elementor-column-gap-default\">\n\t\t\t\t\t<div class=\"elementor-column elementor-col-50 elementor-inner-column elementor-element elementor-element-51ed549e\" data-id=\"51ed549e\" data-element_type=\"column\">\n\t\t\t<div class=\"elementor-widget-wrap elementor-element-populated\">\n\t\t\t\t\t\t<div class=\"elementor-element elementor-element-772fe76c elementor-widget elementor-widget-wd_image_or_svg\" data-id=\"772fe76c\" data-element_type=\"widget\" data-widget_type=\"wd_image_or_svg.default\">\n\t\t\t\t<div class=\"elementor-widget-container\">\n\t\t\t\t\t\n\t\t<div class=\"wd-image text-left\">\n\t\t\t\t\t\t\t\t<img loading=\"lazy\" decoding=\"async\" width=\"1536\" height=\"1536\" src=\"https:\/\/kolstejn.cz\/wp-content\/uploads\/2022\/07\/337254701_187379357375006_5594848365696645628_n.jpg\" class=\"attachment-full size-full\" alt=\"Hotel Kol\u0161tejn \u2014 fotografie z galerie\" srcset=\"https:\/\/kolstejn.cz\/wp-content\/uploads\/2022\/07\/337254701_187379357375006_5594848365696645628_n.jpg 1536w, https:\/\/kolstejn.cz\/wp-content\/uploads\/2022\/07\/337254701_187379357375006_5594848365696645628_n-300x300.jpg 300w\" sizes=\"auto, (max-width: 1536px) 100vw, 1536px\" \/>\t\t\t\t\t<\/div>\n\n\t\t\t\t\t\t<\/div>\n\t\t\t\t<\/div>\n\t\t\t\t\t<\/div>\n\t\t<\/div>\n\t\t\t\t<div class=\"elementor-column elementor-col-50 elementor-inner-column elementor-element elementor-element-606b4271\" data-id=\"606b4271\" data-element_type=\"column\" data-settings=\"{&quot;background_background&quot;:&quot;classic&quot;}\">\n\t\t\t<div class=\"elementor-widget-wrap elementor-element-populated\">\n\t\t\t\t\t\t<div class=\"elementor-element elementor-element-6773ad03 wd-width-100 elementor-widget elementor-widget-wd_title\" data-id=\"6773ad03\" data-element_type=\"widget\" data-widget_type=\"wd_title.default\">\n\t\t\t\t<div class=\"elementor-widget-container\">\n\t\t\t\t\t\t\t<div class=\"title-wrapper wd-set-mb reset-last-child wd-title-color-primary wd-title-style-underlined-2 wd-title-size-default text-center\">\n\n\t\t\t\n\t\t\t<div class=\"liner-continer\">\n\t\t\t\t<h4 class=\"woodmart-title-container title wd-fontsize-l\">BEER MAKING\/TOURS<\/h4> \n\t\t\t\t\t\t\t<\/div>\n\n\t\t\t\t\t<\/div>\n\t\t\t\t\t\t<\/div>\n\t\t\t\t<\/div>\n\t\t\t\t<div class=\"elementor-element elementor-element-2911e860 elementor-widget elementor-widget-wd_text_block\" data-id=\"2911e860\" data-element_type=\"widget\" data-widget_type=\"wd_text_block.default\">\n\t\t\t\t<div class=\"elementor-widget-container\">\n\t\t\t\t\t\t\t<div class=\"wd-text-block reset-last-child text-center\">\n\t\t\t\n\t\t\t<p data-pm-slice=\"1 1 []\">We brew light and semi-dark lagers, but we also prepare beer specials according to the season. The beers from our brewery are unfiltered and unpasteurized. You can taste all our beers during a tasting combined with a guided tour of the Kol\u0161tejn Minibrewery. If you are interested in a tour, please contact the operator at <span class=\"underline decoration-2 underline-offset-4 decoration-red-500 hover:bg-red-100\" data-highlight-id=\"grammar-c5372992-40b9-43e8-9220-0a6259f8dc28\" data-type=\"custom-highlight\">702 072 034<\/span>, provozni@kolstejn.cz. The minimum number in one group is 6, but the maximum is 15 people. <span class=\"underline decoration-2 underline-offset-4 decoration-red-500 hover:bg-red-100\" data-highlight-id=\"grammar-e1016368-2837-4947-a5af-adbd6a84249e\" data-type=\"custom-highlight\">Price<\/span> CZK 180 CZK per person, or 230 CZK per person with tasting included.<\/p>\n\t\t\t\t\t<\/div>\n\t\t\t\t\t\t<\/div>\n\t\t\t\t<\/div>\n\t\t\t\t\t<\/div>\n\t\t<\/div>\n\t\t\t\t\t<\/div>\n\t\t<\/section>\n\t\t\t\t<section class=\"elementor-section elementor-inner-section elementor-element elementor-element-4c1cf92f elementor-section-boxed elementor-section-height-default elementor-section-height-default\" data-id=\"4c1cf92f\" data-element_type=\"section\">\n\t\t\t\t\t\t<div class=\"elementor-container elementor-column-gap-default\">\n\t\t\t\t\t<div class=\"elementor-column elementor-col-50 elementor-inner-column elementor-element elementor-element-5b8b1b35\" data-id=\"5b8b1b35\" data-element_type=\"column\" data-settings=\"{&quot;background_background&quot;:&quot;classic&quot;}\">\n\t\t\t<div class=\"elementor-widget-wrap elementor-element-populated\">\n\t\t\t\t\t\t<div class=\"elementor-element elementor-element-5bbc554 wd-width-100 elementor-widget elementor-widget-wd_title\" data-id=\"5bbc554\" data-element_type=\"widget\" data-widget_type=\"wd_title.default\">\n\t\t\t\t<div class=\"elementor-widget-container\">\n\t\t\t\t\t\t\t<div class=\"title-wrapper wd-set-mb reset-last-child wd-title-color-primary wd-title-style-underlined-2 wd-title-size-default text-center\">\n\n\t\t\t\n\t\t\t<div class=\"liner-continer\">\n\t\t\t\t<h4 class=\"woodmart-title-container title wd-fontsize-l\">HISTORY IN BRANN\u00c9<\/h4> \n\t\t\t\t\t\t\t<\/div>\n\n\t\t\t\t\t<\/div>\n\t\t\t\t\t\t<\/div>\n\t\t\t\t<\/div>\n\t\t\t\t<div class=\"elementor-element elementor-element-9f9f38d elementor-widget elementor-widget-wd_text_block\" data-id=\"9f9f38d\" data-element_type=\"widget\" data-widget_type=\"wd_text_block.default\">\n\t\t\t\t<div class=\"elementor-widget-container\">\n\t\t\t\t\t\t\t<div class=\"wd-text-block reset-last-child text-center\">\n\t\t\t\n\t\t\t<p data-pm-slice=\"1 1 []\">The history of brewing was written <span class=\"underline decoration-2 underline-offset-4 decoration-red-500 hover:bg-red-100\" data-highlight-id=\"grammar-efe795c2-832f-4f7f-9c4c-f0ddb447a0c2\" data-type=\"custom-highlight\">right in<\/span> our restaurant! We found that the today's restaurant building was built by the <span class=\"underline decoration-2 underline-offset-4 decoration-red-500 hover:bg-red-100\" data-highlight-id=\"grammar-b210c5e2-29ab-48a9-8e82-0fde2f5e9786\" data-type=\"custom-highlight\">foit<\/span> around the year 1325 during the founding of the city of Goldenstein and its market square. The village of Goldenstein was established around 1282 along the old trade route to Silesia. The name Kol\u0161tejn was created to honor the German Goldenstein (golden stone). Brann\u00e1 is now is named after the river of the same name that flows through the village.<\/p>\n\t\t\t\t\t<\/div>\n\t\t\t\t\t\t<\/div>\n\t\t\t\t<\/div>\n\t\t\t\t\t<\/div>\n\t\t<\/div>\n\t\t\t\t<div class=\"elementor-column elementor-col-50 elementor-inner-column elementor-element elementor-element-429a3b2e\" data-id=\"429a3b2e\" data-element_type=\"column\" data-settings=\"{&quot;background_background&quot;:&quot;classic&quot;}\">\n\t\t\t<div class=\"elementor-widget-wrap elementor-element-populated\">\n\t\t\t\t\t\t<div class=\"elementor-element elementor-element-22a1aa51 elementor-widget elementor-widget-spacer\" data-id=\"22a1aa51\" data-element_type=\"widget\" data-widget_type=\"spacer.default\">\n\t\t\t\t<div class=\"elementor-widget-container\">\n\t\t\t\t\t\t\t<div class=\"elementor-spacer\">\n\t\t\t<div class=\"elementor-spacer-inner\"><\/div>\n\t\t<\/div>\n\t\t\t\t\t\t<\/div>\n\t\t\t\t<\/div>\n\t\t\t\t\t<\/div>\n\t\t<\/div>\n\t\t\t\t\t<\/div>\n\t\t<\/section>\n\t\t\t\t\t<\/div>\n\t\t<\/div>\n\t\t\t\t\t<\/div>\n\t\t<\/section>\n\t\t\t\t<section class=\"elementor-section elementor-top-section elementor-element elementor-element-e521972 elementor-section-boxed elementor-section-height-default elementor-section-height-default\" data-id=\"e521972\" data-element_type=\"section\">\n\t\t\t\t\t\t<div class=\"elementor-container elementor-column-gap-default\">\n\t\t\t\t\t<div class=\"elementor-column elementor-col-100 elementor-top-column elementor-element elementor-element-433fc90\" data-id=\"433fc90\" data-element_type=\"column\">\n\t\t\t<div class=\"elementor-widget-wrap elementor-element-populated\">\n\t\t\t\t\t\t<div class=\"elementor-element elementor-element-967a995 wd-width-100 elementor-widget elementor-widget-wd_title\" data-id=\"967a995\" data-element_type=\"widget\" data-widget_type=\"wd_title.default\">\n\t\t\t\t<div class=\"elementor-widget-container\">\n\t\t\t\t\t\t\t<div class=\"title-wrapper wd-set-mb reset-last-child wd-title-color-primary wd-title-style-underlined-2 wd-title-size-default text-center\">\n\n\t\t\t\n\t\t\t<div class=\"liner-continer\">\n\t\t\t\t<h4 class=\"woodmart-title-container title wd-fontsize-l\">OUR BEERS<\/h4> \n\t\t\t\t\t\t\t<\/div>\n\n\t\t\t\t\t\t\t<div class=\"title-after_title reset-last-child wd-fontsize-xs\">\n\t\t\t\t\t<p><strong>The assortment <\/strong>of types of beers offered is chosen with the general public in mind. We brew traditional light and semi-dark lagers, draft beer and bottom-fermented specials. Our endeavor is to satisfy the taste demands of various types of customers. The menu is also adapted to the seasons, when in winter and spring beers are brewed with a higher degree of strength, and in the summer season, beers with a lower degree of strength appear on the menu.<\/p>\t\t\t\t<\/div>\n\t\t\t\t\t<\/div>\n\t\t\t\t\t\t<\/div>\n\t\t\t\t<\/div>\n\t\t\t\t<section class=\"elementor-section elementor-inner-section elementor-element elementor-element-c1ac2f8 elementor-section-boxed elementor-section-height-default elementor-section-height-default\" data-id=\"c1ac2f8\" data-element_type=\"section\">\n\t\t\t\t\t\t<div class=\"elementor-container elementor-column-gap-default\">\n\t\t\t\t\t<div class=\"elementor-column elementor-col-33 elementor-inner-column elementor-element elementor-element-9162f29\" data-id=\"9162f29\" data-element_type=\"column\">\n\t\t\t<div class=\"elementor-widget-wrap elementor-element-populated\">\n\t\t\t\t\t\t<div class=\"elementor-element elementor-element-894388f elementor-widget elementor-widget-wd_image_or_svg\" data-id=\"894388f\" data-element_type=\"widget\" data-widget_type=\"wd_image_or_svg.default\">\n\t\t\t\t<div class=\"elementor-widget-container\">\n\t\t\t\t\t\n\t\t<div class=\"wd-image text-center\">\n\t\t\t\t\t\t\t\t<img loading=\"lazy\" decoding=\"async\" width=\"263\" height=\"338\" src=\"https:\/\/kolstejn.cz\/wp-content\/uploads\/2022\/07\/logopivo-vogtey-citrus-herba-velka-1-263x338-1.png\" class=\"attachment-full size-full\" alt=\"Hotel Kol\u0161tejn \u2014 wellness centrum v Jesen\u00edk\u00e1ch\" srcset=\"https:\/\/kolstejn.cz\/wp-content\/uploads\/2022\/07\/logopivo-vogtey-citrus-herba-velka-1-263x338-1.png 263w, https:\/\/kolstejn.cz\/wp-content\/uploads\/2022\/07\/logopivo-vogtey-citrus-herba-velka-1-263x338-1-233x300.png 233w\" sizes=\"auto, (max-width: 263px) 100vw, 263px\" \/>\t\t\t\t\t<\/div>\n\n\t\t\t\t\t\t<\/div>\n\t\t\t\t<\/div>\n\t\t\t\t\t<\/div>\n\t\t<\/div>\n\t\t\t\t<div class=\"elementor-column elementor-col-33 elementor-inner-column elementor-element elementor-element-d091b70\" data-id=\"d091b70\" data-element_type=\"column\">\n\t\t\t<div class=\"elementor-widget-wrap elementor-element-populated\">\n\t\t\t\t\t\t<div class=\"elementor-element elementor-element-85ee28e elementor-widget elementor-widget-wd_image_or_svg\" data-id=\"85ee28e\" data-element_type=\"widget\" data-widget_type=\"wd_image_or_svg.default\">\n\t\t\t\t<div class=\"elementor-widget-container\">\n\t\t\t\t\t\n\t\t<div class=\"wd-image text-center\">\n\t\t\t\t\t\t\t\t<img loading=\"lazy\" decoding=\"async\" width=\"248\" height=\"337\" src=\"https:\/\/kolstejn.cz\/wp-content\/uploads\/2022\/07\/vanocnilezak.jpg\" class=\"attachment-full size-full\" alt=\"Hotel Kol\u0161tejn \u2014 wellness centrum v Jesen\u00edk\u00e1ch\" srcset=\"https:\/\/kolstejn.cz\/wp-content\/uploads\/2022\/07\/vanocnilezak.jpg 248w, https:\/\/kolstejn.cz\/wp-content\/uploads\/2022\/07\/vanocnilezak-221x300.jpg 221w\" sizes=\"auto, (max-width: 248px) 100vw, 248px\" \/>\t\t\t\t\t<\/div>\n\n\t\t\t\t\t\t<\/div>\n\t\t\t\t<\/div>\n\t\t\t\t\t<\/div>\n\t\t<\/div>\n\t\t\t\t<div class=\"elementor-column elementor-col-33 elementor-inner-column elementor-element elementor-element-5a43e5b\" data-id=\"5a43e5b\" data-element_type=\"column\">\n\t\t\t<div class=\"elementor-widget-wrap elementor-element-populated\">\n\t\t\t\t\t\t<div class=\"elementor-element elementor-element-572adbb elementor-widget elementor-widget-wd_image_or_svg\" data-id=\"572adbb\" data-element_type=\"widget\" data-widget_type=\"wd_image_or_svg.default\">\n\t\t\t\t<div class=\"elementor-widget-container\">\n\t\t\t\t\t\n\t\t<div class=\"wd-image text-center\">\n\t\t\t\t\t\t\t\t<img loading=\"lazy\" decoding=\"async\" width=\"236\" height=\"323\" src=\"https:\/\/kolstejn.cz\/wp-content\/uploads\/2022\/07\/Dolmen-11-Kolstejn.png\" class=\"attachment-full size-full\" alt=\"Hotel Kol\u0161tejn \u2014 wellness centrum v Jesen\u00edk\u00e1ch\" srcset=\"https:\/\/kolstejn.cz\/wp-content\/uploads\/2022\/07\/Dolmen-11-Kolstejn.png 236w, https:\/\/kolstejn.cz\/wp-content\/uploads\/2022\/07\/Dolmen-11-Kolstejn-219x300.png 219w\" sizes=\"auto, (max-width: 236px) 100vw, 236px\" \/>\t\t\t\t\t<\/div>\n\n\t\t\t\t\t\t<\/div>\n\t\t\t\t<\/div>\n\t\t\t\t\t<\/div>\n\t\t<\/div>\n\t\t\t\t\t<\/div>\n\t\t<\/section>\n\t\t\t\t<section class=\"elementor-section elementor-inner-section elementor-element elementor-element-5f489fd elementor-section-boxed elementor-section-height-default elementor-section-height-default\" data-id=\"5f489fd\" data-element_type=\"section\">\n\t\t\t\t\t\t<div class=\"elementor-container elementor-column-gap-default\">\n\t\t\t\t\t<div class=\"elementor-column elementor-col-33 elementor-inner-column elementor-element elementor-element-2b887f2\" data-id=\"2b887f2\" data-element_type=\"column\">\n\t\t\t<div class=\"elementor-widget-wrap elementor-element-populated\">\n\t\t\t\t\t\t<div class=\"elementor-element elementor-element-f5cc910 elementor-widget elementor-widget-wd_image_or_svg\" data-id=\"f5cc910\" data-element_type=\"widget\" data-widget_type=\"wd_image_or_svg.default\">\n\t\t\t\t<div class=\"elementor-widget-container\">\n\t\t\t\t\t\n\t\t<div class=\"wd-image text-center\">\n\t\t\t\t\t\t\t\t<img loading=\"lazy\" decoding=\"async\" width=\"246\" height=\"324\" src=\"https:\/\/kolstejn.cz\/wp-content\/uploads\/2022\/07\/Bran-12-Kolstejn.png\" class=\"attachment-full size-full\" alt=\"Hotel Kol\u0161tejn \u2014 wellness centrum v Jesen\u00edk\u00e1ch\" srcset=\"https:\/\/kolstejn.cz\/wp-content\/uploads\/2022\/07\/Bran-12-Kolstejn.png 246w, https:\/\/kolstejn.cz\/wp-content\/uploads\/2022\/07\/Bran-12-Kolstejn-228x300.png 228w\" sizes=\"auto, (max-width: 246px) 100vw, 246px\" \/>\t\t\t\t\t<\/div>\n\n\t\t\t\t\t\t<\/div>\n\t\t\t\t<\/div>\n\t\t\t\t\t<\/div>\n\t\t<\/div>\n\t\t\t\t<div class=\"elementor-column elementor-col-33 elementor-inner-column elementor-element elementor-element-5d20e30\" data-id=\"5d20e30\" data-element_type=\"column\">\n\t\t\t<div class=\"elementor-widget-wrap elementor-element-populated\">\n\t\t\t\t\t\t<div class=\"elementor-element elementor-element-cfe3cac elementor-widget elementor-widget-wd_image_or_svg\" data-id=\"cfe3cac\" data-element_type=\"widget\" data-widget_type=\"wd_image_or_svg.default\">\n\t\t\t\t<div class=\"elementor-widget-container\">\n\t\t\t\t\t\n\t\t<div class=\"wd-image text-center\">\n\t\t\t\t\t\t\t\t<img loading=\"lazy\" decoding=\"async\" width=\"280\" height=\"350\" src=\"https:\/\/kolstejn.cz\/wp-content\/uploads\/2022\/08\/menhir_cmyk_bile_pozadi-280x350.jpg\" class=\"attachment-x350 size-x350\" alt=\"Logo piva Menhir \u2014 minipivovar Kol\u0161tejn\" srcset=\"https:\/\/kolstejn.cz\/wp-content\/uploads\/2022\/08\/menhir_cmyk_bile_pozadi-280x350.jpg 280w, https:\/\/kolstejn.cz\/wp-content\/uploads\/2022\/08\/menhir_cmyk_bile_pozadi-240x300.jpg 240w, https:\/\/kolstejn.cz\/wp-content\/uploads\/2022\/08\/menhir_cmyk_bile_pozadi-819x1024.jpg 819w, https:\/\/kolstejn.cz\/wp-content\/uploads\/2022\/08\/menhir_cmyk_bile_pozadi-768x960.jpg 768w, https:\/\/kolstejn.cz\/wp-content\/uploads\/2022\/08\/menhir_cmyk_bile_pozadi.jpg 864w\" sizes=\"auto, (max-width: 280px) 100vw, 280px\" \/>\t\t\t\t\t<\/div>\n\n\t\t\t\t\t\t<\/div>\n\t\t\t\t<\/div>\n\t\t\t\t\t<\/div>\n\t\t<\/div>\n\t\t\t\t<div class=\"elementor-column elementor-col-33 elementor-inner-column elementor-element elementor-element-6977f1f\" data-id=\"6977f1f\" data-element_type=\"column\">\n\t\t\t<div class=\"elementor-widget-wrap elementor-element-populated\">\n\t\t\t\t\t\t<div class=\"elementor-element elementor-element-4dba31d elementor-widget elementor-widget-wd_image_or_svg\" data-id=\"4dba31d\" data-element_type=\"widget\" data-widget_type=\"wd_image_or_svg.default\">\n\t\t\t\t<div class=\"elementor-widget-container\">\n\t\t\t\t\t\n\t\t<div class=\"wd-image text-center\">\n\t\t\t\t\t\t\t\t<img loading=\"lazy\" decoding=\"async\" width=\"284\" height=\"284\" src=\"https:\/\/kolstejn.cz\/wp-content\/uploads\/2023\/06\/LOGO_SOLAS.png\" class=\"attachment-full size-full\" alt=\"Logo pivovaru Solas \u2014 minipivovar Kol\u0161tejn\" srcset=\"https:\/\/kolstejn.cz\/wp-content\/uploads\/2023\/06\/LOGO_SOLAS.png 284w, https:\/\/kolstejn.cz\/wp-content\/uploads\/2023\/06\/LOGO_SOLAS-150x150.png 150w\" sizes=\"auto, (max-width: 284px) 100vw, 284px\" \/>\t\t\t\t\t<\/div>\n\n\t\t\t\t\t\t<\/div>\n\t\t\t\t<\/div>\n\t\t\t\t\t<\/div>\n\t\t<\/div>\n\t\t\t\t\t<\/div>\n\t\t<\/section>\n\t\t\t\t\t<\/div>\n\t\t<\/div>\n\t\t\t\t\t<\/div>\n\t\t<\/section>\n\t\t\t\t<section class=\"elementor-section elementor-top-section elementor-element elementor-element-c15c741 elementor-section-boxed elementor-section-height-default elementor-section-height-default\" data-id=\"c15c741\" data-element_type=\"section\">\n\t\t\t\t\t\t<div class=\"elementor-container elementor-column-gap-default\">\n\t\t\t\t\t<div class=\"elementor-column elementor-col-50 elementor-top-column elementor-element elementor-element-d991006\" data-id=\"d991006\" data-element_type=\"column\">\n\t\t\t<div class=\"elementor-widget-wrap elementor-element-populated\">\n\t\t\t\t\t\t<div class=\"elementor-element elementor-element-e3878af elementor-widget elementor-widget-wd_text_block\" data-id=\"e3878af\" data-element_type=\"widget\" data-widget_type=\"wd_text_block.default\">\n\t\t\t\t<div class=\"elementor-widget-container\">\n\t\t\t\t\t\t\t<div class=\"wd-text-block reset-last-child text-left\">\n\t\t\t\n\t\t\t<p>Our beers <strong>can be tasted<\/strong> not only in the Kol\u0161tejn restaurant, where they are tapped directly from the lager tanks,<\/p><p><strong>customers<\/strong> also have the option of purchasing beers in these forms :<\/p><p>\u2013 0.75l glass bottles with a label,<br \/>\u2013 5l kegs \u2013 must be arranged 24 hours in advance,<br \/>\u2013 or into your own mugs, which we will fill for you in the restaurant at the tap (beer directly from the tank).<\/p><p>Not all types of beers are always on tap in our restaurant. We adapt the range of beers to the season and the capacity of the microbrewery. Other types of brewed beers will be continuously replenished according to the capacity of the facility.<\/p>\n\t\t\t\t\t<\/div>\n\t\t\t\t\t\t<\/div>\n\t\t\t\t<\/div>\n\t\t\t\t\t<\/div>\n\t\t<\/div>\n\t\t\t\t<div class=\"elementor-column elementor-col-50 elementor-top-column elementor-element elementor-element-a49b877\" data-id=\"a49b877\" data-element_type=\"column\">\n\t\t\t<div class=\"elementor-widget-wrap elementor-element-populated\">\n\t\t\t\t\t\t<div class=\"elementor-element elementor-element-5bc78fb elementor-widget elementor-widget-wd_image_or_svg\" data-id=\"5bc78fb\" data-element_type=\"widget\" data-widget_type=\"wd_image_or_svg.default\">\n\t\t\t\t<div class=\"elementor-widget-container\">\n\t\t\t\t\t\n\t\t<div class=\"wd-image text-left\">\n\t\t\t\t\t\t\t\t<img loading=\"lazy\" decoding=\"async\" width=\"724\" height=\"1024\" src=\"https:\/\/kolstejn.cz\/wp-content\/uploads\/2022\/07\/restaurantguru-certificate1-724x1024-1.png\" class=\"attachment-full size-full\" alt=\"Hotel Kol\u0161tejn \u2014 wellness centrum v Jesen\u00edk\u00e1ch\" srcset=\"https:\/\/kolstejn.cz\/wp-content\/uploads\/2022\/07\/restaurantguru-certificate1-724x1024-1.png 724w, https:\/\/kolstejn.cz\/wp-content\/uploads\/2022\/07\/restaurantguru-certificate1-724x1024-1-212x300.png 212w\" sizes=\"auto, (max-width: 724px) 100vw, 724px\" \/>\t\t\t\t\t<\/div>\n\n\t\t\t\t\t\t<\/div>\n\t\t\t\t<\/div>\n\t\t\t\t\t<\/div>\n\t\t<\/div>\n\t\t\t\t\t<\/div>\n\t\t<\/section>\n\t\t\t\t<\/div>\n\t\t","protected":false},"excerpt":{"rendered":"<p>THE STORY CONTINUES The Kol\u0161tejn mini-brewery continues the long-standing tradition of brewing in the village of Brann\u00e1 in Jesen\u00edky. The<\/p>\n","protected":false},"author":1,"featured_media":0,"parent":0,"menu_order":0,"comment_status":"closed","ping_status":"closed","template":"","meta":{"footnotes":""},"class_list":["post-13445","page","type-page","status-publish","hentry"],"_links":{"self":[{"href":"https:\/\/kolstejn.cz\/en\/wp-json\/wp\/v2\/pages\/13445","targetHints":{"allow":["GET"]}}],"collection":[{"href":"https:\/\/kolstejn.cz\/en\/wp-json\/wp\/v2\/pages"}],"about":[{"href":"https:\/\/kolstejn.cz\/en\/wp-json\/wp\/v2\/types\/page"}],"author":[{"embeddable":true,"href":"https:\/\/kolstejn.cz\/en\/wp-json\/wp\/v2\/users\/1"}],"replies":[{"embeddable":true,"href":"https:\/\/kolstejn.cz\/en\/wp-json\/wp\/v2\/comments?post=13445"}],"version-history":[{"count":1,"href":"https:\/\/kolstejn.cz\/en\/wp-json\/wp\/v2\/pages\/13445\/revisions"}],"predecessor-version":[{"id":24698,"href":"https:\/\/kolstejn.cz\/en\/wp-json\/wp\/v2\/pages\/13445\/revisions\/24698"}],"wp:attachment":[{"href":"https:\/\/kolstejn.cz\/en\/wp-json\/wp\/v2\/media?parent=13445"}],"curies":[{"name":"wp","href":"https:\/\/api.w.org\/{rel}","templated":true}]}}