{"id":14009,"date":"2022-07-14T09:30:14","date_gmt":"2022-07-14T07:30:14","guid":{"rendered":"https:\/\/kolstejn.cz\/zasady-anulowania\/"},"modified":"2022-07-19T12:18:51","modified_gmt":"2022-07-19T10:18:51","slug":"zasady-anulowania","status":"publish","type":"page","link":"https:\/\/kolstejn.cz\/pl\/zasady-anulowania\/","title":{"rendered":"Zasady anulowania"},"content":{"rendered":"\t\t<div data-elementor-type=\"wp-page\" data-elementor-id=\"14009\" class=\"elementor elementor-14009 elementor-192\" data-elementor-post-type=\"page\">\n\t\t\t\t\t\t<section class=\"elementor-section elementor-top-section elementor-element elementor-element-782a5da elementor-section-boxed elementor-section-height-default elementor-section-height-default\" data-id=\"782a5da\" data-element_type=\"section\">\n\t\t\t\t\t\t<div class=\"elementor-container elementor-column-gap-default\">\n\t\t\t\t\t<div class=\"elementor-column elementor-col-100 elementor-top-column elementor-element elementor-element-fea5ade\" data-id=\"fea5ade\" data-element_type=\"column\">\n\t\t\t<div class=\"elementor-widget-wrap elementor-element-populated\">\n\t\t\t\t\t\t<div class=\"elementor-element elementor-element-b9efdb6 elementor-widget elementor-widget-wd_text_block\" data-id=\"b9efdb6\" data-element_type=\"widget\" data-widget_type=\"wd_text_block.default\">\n\t\t\t\t<div class=\"elementor-widget-container\">\n\t\t\t\t\t\t\t<div class=\"wd-text-block reset-last-child text-left\">\n\t\t\t\n\t\t\t<div><strong>1) ZAM\u00d3WIENIE<\/strong><\/div><div>Hotel przyjmuje wy\u0142\u0105cznie zam\u00f3wienia pisemne, przesy\u0142ane listownie lub poczt\u0105 elektroniczn\u0105.<\/div><div> <\/div><div>< strong>2) ANULOWANIE<\/strong><\/div><div>Op\u0142aty za anulowanie dotycz\u0105 tylko potwierdzonych zam\u00f3wie\u0144 pisemnych (e-mail, list).<\/div><div>Op\u0142ata za anulowanie jest obliczana od ca\u0142kowitej kwoty zam\u00f3wienia, a nie od kwoty zaliczki.<\/div><div> <\/div><div>Je\u017celi go\u015b\u0107 nie wp\u0142aci zaliczki zgodnie z art. I ust. 2.2 prawid\u0142owo i\/lub na czas, rezerwacja zakwaterowania zostanie anulowana po up\u0142ywie terminu p\u0142atno\u015bci faktury zaliczkowej.<\/div><div> <\/div><div>Go\u015b\u0107 ma prawo do odst\u0105pienia od umowy noclegowej przed dniem rozpocz\u0119cia noclegu, nawet bez podania pow\u00f3d. Go\u015b\u0107 zobowi\u0105zany jest dor\u0119czy\u0107 wynajmuj\u0105cemu pisemne o\u015bwiadczenie o odst\u0105pieniu od umowy. W takim przypadku kwaterodawca ma prawo obci\u0105\u017cy\u0107 go\u015bcia op\u0142at\u0105 anulacyjn\u0105, kt\u00f3rej wysoko\u015b\u0107 b\u0119dzie liczona od kwoty wp\u0142aconej zadatku, przy czym stawka op\u0142aty anulacyjnej zostanie ustalona w nast\u0119puj\u0105cy spos\u00f3b: w dniach kalendarzowych) | Stawka op\u0142aty za anulowanie (w %)<\/li><li>30 lub wi\u0119cej dni przed planowanym rozpocz\u0119ciem zakwaterowania | 0% od ceny rezerwacji<\/li><li>29 \u2013 14 lub wi\u0119cej dni przed planowanym przyjazdem do miejsca zakwaterowania | 25% ceny rezerwacji<\/li><li>13 \u2013 8 lub wi\u0119cej dni przed planowanym przyjazdem do miejsca zakwaterowania | 50% ceny rezerwacji<\/li><li>7 \u2013 1 dzie\u0144\/dzie\u0144 przed planowanym przyjazdem do miejsca zakwaterowania | 100% ceny rezerwacji<\/li><\/ul><div> <\/div><div>W przypadku, gdy go\u015b\u0107 nie stawi si\u0119 na nocleg, kwaterodawca ma prawo odst\u0105pi\u0107 od umowy zakwaterowania i na jednocze\u015bnie ma prawo obci\u0105\u017cy\u0107 go\u015bcia op\u0142at\u0105 anulacyjn\u0105 w wysoko\u015bci 100% ceny rezerwacji. Nie dotyczy to sytuacji, gdy klient zawiadomi pisemnie kwaterodawc\u0119 nie p\u00f3\u017aniej ni\u017c 7 dni przed planowanym przyjazdem. Warunki okre\u015blone w Artykule 2, paragraf 2.1 niniejszego regulaminu zakwaterowania b\u0119d\u0105 stosowane odpowiednio w formularzu zg\u0142oszeniowym.<\/div>\n\t\t\t\t\t<\/div>\n\t\t\t\t\t\t<\/div>\n\t\t\t\t<\/div>\n\t\t\t\t\t<\/div>\n\t\t<\/div>\n\t\t\t\t\t<\/div>\n\t\t<\/section>\n\t\t\t\t<\/div>\n\t\t","protected":false},"excerpt":{"rendered":"<p>1) ZAM\u00d3WIENIEHotel przyjmuje wy\u0142\u0105cznie zam\u00f3wienia pisemne, przesy\u0142ane listownie lub poczt\u0105 elektroniczn\u0105. < strong>2) ANULOWANIEOp\u0142aty za anulowanie dotycz\u0105 tylko potwierdzonych zam\u00f3wie\u0144<\/p>\n","protected":false},"author":1,"featured_media":0,"parent":0,"menu_order":0,"comment_status":"closed","ping_status":"closed","template":"","meta":{"footnotes":""},"class_list":["post-14009","page","type-page","status-publish","hentry"],"_links":{"self":[{"href":"https:\/\/kolstejn.cz\/pl\/wp-json\/wp\/v2\/pages\/14009","targetHints":{"allow":["GET"]}}],"collection":[{"href":"https:\/\/kolstejn.cz\/pl\/wp-json\/wp\/v2\/pages"}],"about":[{"href":"https:\/\/kolstejn.cz\/pl\/wp-json\/wp\/v2\/types\/page"}],"author":[{"embeddable":true,"href":"https:\/\/kolstejn.cz\/pl\/wp-json\/wp\/v2\/users\/1"}],"replies":[{"embeddable":true,"href":"https:\/\/kolstejn.cz\/pl\/wp-json\/wp\/v2\/comments?post=14009"}],"version-history":[{"count":0,"href":"https:\/\/kolstejn.cz\/pl\/wp-json\/wp\/v2\/pages\/14009\/revisions"}],"wp:attachment":[{"href":"https:\/\/kolstejn.cz\/pl\/wp-json\/wp\/v2\/media?parent=14009"}],"curies":[{"name":"wp","href":"https:\/\/api.w.org\/{rel}","templated":true}]}}