{"id":14013,"date":"2022-07-13T19:49:58","date_gmt":"2022-07-13T17:49:58","guid":{"rendered":"https:\/\/kolstejn.cz\/ocena\/"},"modified":"2022-07-19T14:50:12","modified_gmt":"2022-07-19T12:50:12","slug":"ocena","status":"publish","type":"page","link":"https:\/\/kolstejn.cz\/pl\/ocena\/","title":{"rendered":"Ocena"},"content":{"rendered":"\t\t<div data-elementor-type=\"wp-page\" data-elementor-id=\"14013\" class=\"elementor elementor-14013 elementor-79\" data-elementor-post-type=\"page\">\n\t\t\t\t\t\t<section class=\"elementor-section elementor-top-section elementor-element elementor-element-6e9e3b4 elementor-section-boxed elementor-section-height-default elementor-section-height-default\" data-id=\"6e9e3b4\" data-element_type=\"section\">\n\t\t\t\t\t\t<div class=\"elementor-container elementor-column-gap-default\">\n\t\t\t\t\t<div class=\"elementor-column elementor-col-50 elementor-top-column elementor-element elementor-element-e85baf5\" data-id=\"e85baf5\" data-element_type=\"column\">\n\t\t\t<div class=\"elementor-widget-wrap elementor-element-populated\">\n\t\t\t\t\t\t<div class=\"elementor-element elementor-element-b6b0195 elementor-widget elementor-widget-wd_text_block\" data-id=\"b6b0195\" data-element_type=\"widget\" data-widget_type=\"wd_text_block.default\">\n\t\t\t\t<div class=\"elementor-widget-container\">\n\t\t\t\t\t\t\t<div class=\"wd-text-block reset-last-child text-left\">\n\t\t\t\n\t\t\t<p><script type=\"text\/javascript\" src=\"https:\/\/api.trustyou.com\/static\/3rdparty\/iframe-resizer\/js\/iframeResizer.min.js\"><\/script><br \/>\n <iframe src=\"https:\/\/api.trustyou.com\/hotels\/774c772e-1aaf-4db1-99d7-57cae96f0146\/reviews.html?key=4fac0b89-43a7-483e-9a75-11adad4bb314&amp;iframe_resizer=true\" width=\" 100%\" frameborder=\"0\"><\/iframe><br \/>\n <script type=\"text\/javascript\">iFrameResize({});<\/script><\/p>\n\n\t\t\t\t\t<\/div>\n\t\t\t\t\t\t<\/div>\n\t\t\t\t<\/div>\n\t\t\t\t\t<\/div>\n\t\t<\/div>\n\t\t\t\t<div class=\"elementor-column elementor-col-50 elementor-top-column elementor-element elementor-element-1f54933\" data-id=\"1f54933\" data-element_type=\"column\">\n\t\t\t<div class=\"elementor-widget-wrap elementor-element-populated\">\n\t\t\t\t\t\t<div class=\"elementor-element elementor-element-054e690 wd-width-100 elementor-widget elementor-widget-wd_title\" data-id=\"054e690\" data-element_type=\"widget\" data-widget_type=\"wd_title.default\">\n\t\t\t\t<div class=\"elementor-widget-container\">\n\t\t\t\t\t\t\t<div class=\"title-wrapper wd-set-mb reset-last-child wd-title-color-default wd-title-style-default wd-title-size-default text-center\">\n\n\t\t\t\n\t\t\t<div class=\"liner-continer\">\n\t\t\t\t<h4 class=\"woodmart-title-container title wd-fontsize-l\">jak oceniaj\u0105 nas nasi klienci<\/h4> \n\t\t\t\t\t\t\t<\/div>\n\n\t\t\t\t\t<\/div>\n\t\t\t\t\t\t<\/div>\n\t\t\t\t<\/div>\n\t\t\t\t<div class=\"elementor-element elementor-element-2f23152 elementor-widget elementor-widget-wd_testimonials\" data-id=\"2f23152\" data-element_type=\"widget\" data-widget_type=\"wd_testimonials.default\">\n\t\t\t\t<div class=\"elementor-widget-container\">\n\t\t\t\t\t\t\t<div class=\"testimonials testimon-style-standard  color-scheme- testimon-with-rating testimon-align-center wd-carousel-container wd-carousel-dis-mb wd-off-md wd-off-sm\" id=\"carousel-4908\">\n\t\t\t\t\t\t\t<div class=\"wd-carousel-inner\">\n\t\t\t\n\t\t\t<div class=\"wd-carousel wd-grid\" data-speed=\"10000\" data-wrap=\"yes\" data-autoplay=\"yes\" data-scroll_per_page=\"yes\" style=\"--wd-col-lg:1;--wd-col-md:1;--wd-col-sm:1;--wd-gap-lg:30px;--wd-gap-sm:10px;\">\n\t\t\t\t\t\t\t\t\t<div class=\"wd-carousel-wrap\">\n\t\t\t\t\n\t\t\t\t\t\t\t\t\t\n<div class=\"testimonial wd-carousel-item\">\n\t<div class=\"testimonial-inner\">\n\t\t\n\t\t<div class=\"testimonial-content\">\n\t\t\t<div class=\"testimonial-rating\">\n\t\t\t\t<span class=\"star-rating\">\n\t\t\t\t\t<span style=\"width:100%\"><\/span>\n\t\t\t\t<\/span>\n\t\t\t<\/div>\n\n\t\t\t<p>Pobyt zdecydowanie zas\u0142uguje na 5 gwiazdek! Pok\u00f3j by\u0142 przestronny i czysty, strefa wellness by\u0142a idealna na relaks, a jedzenie w restauracji by\u0142o doskona\u0142e (nawet w formie bez laktozy). Cieszyli\u015bmy si\u0119 r\u00f3wnie\u017c piwem z hotelowego minibrowaru. Musz\u0119 te\u017c pochwali\u0107 personel, a zw\u0142aszcza bardzo mi\u0142\u0105 recepcjonistk\u0119, kt\u00f3ra zawsze ch\u0119tnie nam pomaga\u0142a i regularnie pyta\u0142a, jak cieszymy si\u0119 z naszego pobytu. Idealne wakacje od pocz\u0105tku do ko\u0144ca.<\/p>\n\t\t\t<footer>\n\t\t\t\t\n\t\t\t\t\t\t\t<\/footer>\n\t\t<\/div>\n\t<\/div>\n<\/div>\t\t\t\t\t\t\t\t\t\n<div class=\"testimonial wd-carousel-item\">\n\t<div class=\"testimonial-inner\">\n\t\t\n\t\t<div class=\"testimonial-content\">\n\t\t\t<div class=\"testimonial-rating\">\n\t\t\t\t<span class=\"star-rating\">\n\t\t\t\t\t<span style=\"width:100%\"><\/span>\n\t\t\t\t<\/span>\n\t\t\t<\/div>\n\n\t\t\t<p>Chcieliby\u015bmy serdecznie podzi\u0119kowa\u0107 za niesamowite dwa dni pe\u0142ne komfortu i wypoczynku, kt\u00f3rymi cudownie si\u0119 bawili\u015bmy iz tej okazji zaproponowa\u0142am mojej kochanej po\u0142\u00f3wce w Pa\u0144stwa hotelu, a latem b\u0119dziemy mie\u0107 wesele.<br\/ >R\u00f3wnie\u017c wszystkiego najlepszego dla wszystkich wspania\u0142ych ludzi, kt\u00f3rzy dla Ciebie pracuj\u0105. Pozdrawiamy r\u00f3wnie\u017c szefa kuchni za ci\u0119cie gastronomiczne :-), kt\u00f3re na d\u0142ugo zapami\u0119tamy i czekamy na Was w przysz\u0142ym roku.<\/p>\n\t\t\t<footer>\n\t\t\t\t\n\t\t\t\t\t\t\t<\/footer>\n\t\t<\/div>\n\t<\/div>\n<\/div>\t\t\t\t\t\t\t\t\t\n<div class=\"testimonial wd-carousel-item\">\n\t<div class=\"testimonial-inner\">\n\t\t\n\t\t<div class=\"testimonial-content\">\n\t\t\t<div class=\"testimonial-rating\">\n\t\t\t\t<span class=\"star-rating\">\n\t\t\t\t\t<span style=\"width:100%\"><\/span>\n\t\t\t\t<\/span>\n\t\t\t<\/div>\n\n\t\t\t<p>Czyste i przestronne pokoje, fantastyczne wellness z rytua\u0142ami saunowymi, przyjemne masa\u017ce, doskona\u0142e jedzenie, niesamowite otoczenie i \u015bwietny personel zawsze z u\u015bmiechem na twarzy! Absolutna satysfakcja!! Na pewno wr\u00f3cimy.<\/p>\n\t\t\t<footer>\n\t\t\t\t\n\t\t\t\t\t\t\t<\/footer>\n\t\t<\/div>\n\t<\/div>\n<\/div>\t\t\t\t\t\t\t\t\t\n<div class=\"testimonial wd-carousel-item\">\n\t<div class=\"testimonial-inner\">\n\t\t\n\t\t<div class=\"testimonial-content\">\n\t\t\t<div class=\"testimonial-rating\">\n\t\t\t\t<span class=\"star-rating\">\n\t\t\t\t\t<span style=\"width:100%\"><\/span>\n\t\t\t\t<\/span>\n\t\t\t<\/div>\n\n\t\t\t<p>Doskona\u0142a restauracja, doskona\u0142a kuchnia, doskona\u0142e piwo i bardzo mi\u0142y i pomocny personel. Polecam i na pewno nie byli\u015bmy tu ostatni raz.<\/p>\n\t\t\t<footer>\n\t\t\t\t\n\t\t\t\t\t\t\t<\/footer>\n\t\t<\/div>\n\t<\/div>\n<\/div>\t\t\t\t\t\t\t\t\t\n<div class=\"testimonial wd-carousel-item\">\n\t<div class=\"testimonial-inner\">\n\t\t\n\t\t<div class=\"testimonial-content\">\n\t\t\t<div class=\"testimonial-rating\">\n\t\t\t\t<span class=\"star-rating\">\n\t\t\t\t\t<span style=\"width:100%\"><\/span>\n\t\t\t\t<\/span>\n\t\t\t<\/div>\n\n\t\t\t<p>Dzisiejszy deszczowy dzie\u0144 u\u015bwietni\u0142 wy\u015bmienity obiad w restauracji Kol\u0161tejn. Po przeczytaniu niekt\u00f3rych recenzji troch\u0119 si\u0119 martwi\u0142em, ale dla nas - maksymalna satysfakcja. Najpierw mieli\u015bmy okazj\u0119 zobaczy\u0107 entuzjazm w oczach ch\u0142opak przy s\u0105siednim stoliku, gdy mi\u0142a kelnerka przynios\u0142a mu trzy wielkie knedle z owocami, babcia te\u017c zjad\u0142a a potem na naszym stole wyl\u0105dowa\u0142 talerz z policzkami wo\u0142owymi, od dawna nie jedli\u015bmy wi\u0119kszego przysmaku....wspaniale jedzenie, bardzo dobre piwo, szybka, mi\u0142a, u\u015bmiechni\u0119ta obs\u0142uga .... mog\u0119 tylko poleci\u0107<\/ p>?\n\t\t\t<footer>\n\t\t\t\t\n\t\t\t\t\t\t\t<\/footer>\n\t\t<\/div>\n\t<\/div>\n<\/div>\t\t\t\t\t\t\t\t\t\n<div class=\"testimonial wd-carousel-item\">\n\t<div class=\"testimonial-inner\">\n\t\t\n\t\t<div class=\"testimonial-content\">\n\t\t\t<div class=\"testimonial-rating\">\n\t\t\t\t<span class=\"star-rating\">\n\t\t\t\t\t<span style=\"width:100%\"><\/span>\n\t\t\t\t<\/span>\n\t\t\t<\/div>\n\n\t\t\t<p>\u0141adne miejsce. \u0141adne siedzenia. Przyjemna obs\u0142uga. Dobre jedzenie.<\/p>\n\t\t\t<footer>\n\t\t\t\t\n\t\t\t\t\t\t\t<\/footer>\n\t\t<\/div>\n\t<\/div>\n<\/div>\t\t\t\t\t\t\t\t\t\n<div class=\"testimonial wd-carousel-item\">\n\t<div class=\"testimonial-inner\">\n\t\t\n\t\t<div class=\"testimonial-content\">\n\t\t\t<div class=\"testimonial-rating\">\n\t\t\t\t<span class=\"star-rating\">\n\t\t\t\t\t<span style=\"width:100%\"><\/span>\n\t\t\t\t<\/span>\n\t\t\t<\/div>\n\n\t\t\t<p>Naprawd\u0119 podoba\u0142a nam si\u0119 obs\u0142uga tutaj, jedzenie by\u0142o doskona\u0142e<\/p>\n\t\t\t<footer>\n\t\t\t\t\n\t\t\t\t\t\t\t<\/footer>\n\t\t<\/div>\n\t<\/div>\n<\/div>\t\t\t\t\n\t\t\t\t\t\t\t\t\t<\/div>\n\t\t\t\t\t\t\t<\/div>\n\t\t\t\t\t\t\t\t\t\t\t\t\t\t<div class=\"wd-nav-arrows wd-pos-sep wd-hover-1 wd-icon-1\">\n\t\t\t<div class=\"wd-btn-arrow wd-prev wd-disabled\">\n\t\t\t\t<div class=\"wd-arrow-inner\"><\/div>\n\t\t\t<\/div>\n\t\t\t<div class=\"wd-btn-arrow wd-next\">\n\t\t\t\t<div class=\"wd-arrow-inner\"><\/div>\n\t\t\t<\/div>\n\t\t<\/div>\n\t\t\t\t\t\t\n\t\t\t\t<\/div>\n\n\t\t\t\t\t\t<div class=\"wd-nav-pagin-wrap text-center wd-style-shape wd-hide-md-sm wd-hide-sm\">\n\t\t\t<ul class=\"wd-nav-pagin\"><\/ul>\n\t\t<\/div>\n\t\t\t\t\t\t\t\t\t\t\t<\/div>\n\t\t\t\t\t\t<\/div>\n\t\t\t\t<\/div>\n\t\t\t\t<div class=\"elementor-element elementor-element-762c42d elementor-widget elementor-widget-html\" data-id=\"762c42d\" data-element_type=\"widget\" data-widget_type=\"html.default\">\n\t\t\t\t<div class=\"elementor-widget-container\">\n\t\t\t\t\t<iframe loading=\"lazy\" width=\"640\" height=\"900\" src=\"https:\/\/www.firmy.cz\/detail\/13070443-kolstejn-wellness-centrum-branna.html?widget&limit=3\" style=\"border: brak; \" frameborder=\"0\"><\/iframe>\t\t\t\t<\/div>\n\t\t\t\t<\/div>\n\t\t\t\t\t<\/div>\n\t\t<\/div>\n\t\t\t\t\t<\/div>\n\t\t<\/section>\n\t\t\t\t<section class=\"elementor-section elementor-top-section elementor-element elementor-element-fb53389 elementor-section-boxed elementor-section-height-default elementor-section-height-default\" data-id=\"fb53389\" data-element_type=\"section\">\n\t\t\t\t\t\t<div class=\"elementor-container elementor-column-gap-default\">\n\t\t\t\t\t<div class=\"elementor-column elementor-col-50 elementor-top-column elementor-element elementor-element-9da9d38 elementor-hidden-mobile elementor-hidden-tablet\" data-id=\"9da9d38\" data-element_type=\"column\">\n\t\t\t<div class=\"elementor-widget-wrap elementor-element-populated\">\n\t\t\t\t\t\t<div class=\"elementor-element elementor-element-19e3c5e elementor-fixed elementor-widget elementor-widget-wd_text_block\" data-id=\"19e3c5e\" data-element_type=\"widget\" data-settings=\"{&quot;_position&quot;:&quot;fixed&quot;}\" data-widget_type=\"wd_text_block.default\">\n\t\t\t\t<div class=\"elementor-widget-container\">\n\t\t\t\t\t\t\t<div class=\"wd-text-block reset-last-child text-left\">\n\t\t\t\n\t\t\t<p><!-- Wid\u017cet TrustYou --><br \/>\n <iframe style=\"obramowanie:0;szeroko\u015b\u0107:170px;wysoko\u015b\u0107:144px;\" src=\"https:\/\/api.trustyou.com\/hotels\/774c772e-1aaf-4db1-99d7-57cae96f0146\/seal.html?key=4fac0b89-43a7-483e-9a75-11adad4bb314&size=xl&scale=5\"><\/iframe><br \/>\n <!-- Wid\u017cet TrustYou --><\/p>\n\n\t\t\t\t\t<\/div>\n\t\t\t\t\t\t<\/div>\n\t\t\t\t<\/div>\n\t\t\t\t\t<\/div>\n\t\t<\/div>\n\t\t\t\t<div class=\"elementor-column elementor-col-50 elementor-top-column elementor-element elementor-element-f60f6cb\" data-id=\"f60f6cb\" data-element_type=\"column\">\n\t\t\t<div class=\"elementor-widget-wrap\">\n\t\t\t\t\t\t\t<\/div>\n\t\t<\/div>\n\t\t\t\t\t<\/div>\n\t\t<\/section>\n\t\t\t\t<\/div>\n\t\t","protected":false},"excerpt":{"rendered":"<p>jak oceniaj\u0105 nas nasi klienci Pobyt zdecydowanie zas\u0142uguje na 5 gwiazdek! Pok\u00f3j by\u0142 przestronny i czysty, strefa wellness by\u0142a idealna<\/p>\n","protected":false},"author":1,"featured_media":0,"parent":0,"menu_order":0,"comment_status":"closed","ping_status":"closed","template":"","meta":{"footnotes":""},"class_list":["post-14013","page","type-page","status-publish","hentry"],"_links":{"self":[{"href":"https:\/\/kolstejn.cz\/pl\/wp-json\/wp\/v2\/pages\/14013","targetHints":{"allow":["GET"]}}],"collection":[{"href":"https:\/\/kolstejn.cz\/pl\/wp-json\/wp\/v2\/pages"}],"about":[{"href":"https:\/\/kolstejn.cz\/pl\/wp-json\/wp\/v2\/types\/page"}],"author":[{"embeddable":true,"href":"https:\/\/kolstejn.cz\/pl\/wp-json\/wp\/v2\/users\/1"}],"replies":[{"embeddable":true,"href":"https:\/\/kolstejn.cz\/pl\/wp-json\/wp\/v2\/comments?post=14013"}],"version-history":[{"count":0,"href":"https:\/\/kolstejn.cz\/pl\/wp-json\/wp\/v2\/pages\/14013\/revisions"}],"wp:attachment":[{"href":"https:\/\/kolstejn.cz\/pl\/wp-json\/wp\/v2\/media?parent=14013"}],"curies":[{"name":"wp","href":"https:\/\/api.w.org\/{rel}","templated":true}]}}