{"id":14015,"date":"2022-07-13T19:45:53","date_gmt":"2022-07-13T17:45:53","guid":{"rendered":"https:\/\/kolstejn.cz\/pobyty-firmowe\/"},"modified":"2022-07-19T16:24:31","modified_gmt":"2022-07-19T14:24:31","slug":"pobyty-firmowe","status":"publish","type":"page","link":"https:\/\/kolstejn.cz\/pl\/pobyty-firmowe\/","title":{"rendered":"Pobyty firmowe"},"content":{"rendered":"\t\t<div data-elementor-type=\"wp-page\" data-elementor-id=\"14015\" class=\"elementor elementor-14015 elementor-50\" data-elementor-post-type=\"page\">\n\t\t\t\t\t\t<section class=\"elementor-section elementor-top-section elementor-element elementor-element-4ddd1ef elementor-section-boxed elementor-section-height-default elementor-section-height-default\" data-id=\"4ddd1ef\" data-element_type=\"section\">\n\t\t\t\t\t\t<div class=\"elementor-container elementor-column-gap-default\">\n\t\t\t\t\t<div class=\"elementor-column elementor-col-100 elementor-top-column elementor-element elementor-element-fa0573e\" data-id=\"fa0573e\" data-element_type=\"column\">\n\t\t\t<div class=\"elementor-widget-wrap elementor-element-populated\">\n\t\t\t\t\t\t<div class=\"elementor-element elementor-element-6977a34 wd-width-100 elementor-widget elementor-widget-wd_title\" data-id=\"6977a34\" data-element_type=\"widget\" data-widget_type=\"wd_title.default\">\n\t\t\t\t<div class=\"elementor-widget-container\">\n\t\t\t\t\t\t\t<div class=\"title-wrapper wd-set-mb reset-last-child wd-title-color-default wd-title-style-default wd-title-size-default text-center\">\n\n\t\t\t\n\t\t\t<div class=\"liner-continer\">\n\t\t\t\t<h4 class=\"woodmart-title-container title wd-fontsize-l\">Pobyty firmowe \"Wellness &amp; Workplace\"<\/h4> \n\t\t\t\t\t\t\t<\/div>\n\n\t\t\t\t\t\t\t<div class=\"title-after_title reset-last-child wd-fontsize-xs\">\n\t\t\t\t\t<p>W ci\u0105gu dnia, konferencji, team buildingu czy szkolenia, wieczorem zrelaksuj si\u0119 w strefie wellness i pobaw si\u0119 w kr\u0119gle. Zobacz, co zawieraj\u0105 bogato wyposa\u017cone pobyty.<\/p>\t\t\t\t<\/div>\n\t\t\t\t\t<\/div>\n\t\t\t\t\t\t<\/div>\n\t\t\t\t<\/div>\n\t\t\t\t\t<\/div>\n\t\t<\/div>\n\t\t\t\t\t<\/div>\n\t\t<\/section>\n\t\t\t\t<section class=\"elementor-section elementor-top-section elementor-element elementor-element-4abeb0e2 elementor-section-stretched animated-fast elementor-section-boxed elementor-section-height-default elementor-section-height-default elementor-invisible\" data-id=\"4abeb0e2\" data-element_type=\"section\" data-settings=\"{&quot;stretch_section&quot;:&quot;section-stretched&quot;,&quot;background_background&quot;:&quot;classic&quot;,&quot;animation&quot;:&quot;fadeIn&quot;}\">\n\t\t\t\t\t\t<div class=\"elementor-container elementor-column-gap-default\">\n\t\t\t\t\t<div class=\"elementor-column elementor-col-100 elementor-top-column elementor-element elementor-element-60a83f1b\" data-id=\"60a83f1b\" data-element_type=\"column\">\n\t\t\t<div class=\"elementor-widget-wrap elementor-element-populated\">\n\t\t\t\t\t\t<section class=\"elementor-section elementor-inner-section elementor-element elementor-element-3169db44 elementor-section-boxed elementor-section-height-default elementor-section-height-default\" data-id=\"3169db44\" data-element_type=\"section\">\n\t\t\t\t\t\t<div class=\"elementor-container elementor-column-gap-default\">\n\t\t\t\t\t<div class=\"elementor-column elementor-col-50 elementor-inner-column elementor-element elementor-element-671ca50c\" data-id=\"671ca50c\" data-element_type=\"column\" data-settings=\"{&quot;background_background&quot;:&quot;classic&quot;}\">\n\t\t\t<div class=\"elementor-widget-wrap elementor-element-populated\">\n\t\t\t\t\t\t<div class=\"elementor-element elementor-element-68cf7163 wd-width-100 elementor-widget elementor-widget-wd_title\" data-id=\"68cf7163\" data-element_type=\"widget\" data-widget_type=\"wd_title.default\">\n\t\t\t\t<div class=\"elementor-widget-container\">\n\t\t\t\t\t\t\t<div class=\"title-wrapper wd-set-mb reset-last-child wd-title-color-primary wd-title-style-underlined-2 wd-title-size-default text-center\">\n\n\t\t\t\n\t\t\t<div class=\"liner-continer\">\n\t\t\t\t<h4 class=\"woodmart-title-container title wd-fontsize-l\">HOTEL WELLNESS ***<\/h4> \n\t\t\t\t\t\t\t<\/div>\n\n\t\t\t\t\t<\/div>\n\t\t\t\t\t\t<\/div>\n\t\t\t\t<\/div>\n\t\t\t\t<div class=\"elementor-element elementor-element-4f59886 elementor-widget elementor-widget-wd_text_block\" data-id=\"4f59886\" data-element_type=\"widget\" data-widget_type=\"wd_text_block.default\">\n\t\t\t\t<div class=\"elementor-widget-container\">\n\t\t\t\t\t\t\t<div class=\"wd-text-block reset-last-child text-center\">\n\t\t\t\n\t\t\t<p><strong>Cena pakietu firmowego \u201eWellness &amp; Miejsce pracy\u201d na \u017cyczenie: reditel@kolstejn.cz<br \/><\/strong><\/p><p>W budynku hotelowym dost\u0119pne s\u0105 24 komfortowe pokoje dwuosobowe, z kt\u00f3rych wszystkie mog\u0105 by\u0107 r\u00f3wnie\u017c wykorzystane jako zakwaterowanie dla jednej osoby. W niekt\u00f3rych pokojach dost\u0119pne jest sk\u0142adane krzes\u0142o lub kanapa, odpowiednie do zakwaterowania trzeciej osoby. Ca\u0142kowita pojemno\u015b\u0107 hotelu to 48 \u0142\u00f3\u017cek i 15 dostawek.<\/p>\n\t\t\t\t\t<\/div>\n\t\t\t\t\t\t<\/div>\n\t\t\t\t<\/div>\n\t\t\t\t<div class=\"elementor-element elementor-element-d87678d elementor-widget elementor-widget-wd_popup\" data-id=\"d87678d\" data-element_type=\"widget\" data-widget_type=\"wd_popup.default\">\n\t\t\t\t<div class=\"elementor-widget-container\">\n\t\t\t\t\t\t\t\t\t<div class=\"wd-button-wrapper text-center\" >\n\t\t\t<a class=\"btn btn-style-default btn-shape-rectangle btn-size-default wd-open-popup btn-color-primary btn-icon-pos-right\"  href=\"#1\">\n\t\t\t\t<span class=\"wd-btn-text\" data-elementor-setting-key=\"text\">\n\t\t\t\t\tCo zawiera pakiet\t\t\t\t<\/span>\n\n\t\t\t\t\t\t\t<\/a>\n\t\t<\/div>\n\t\t\t\t\t\t\t<div id=\"1\" class=\"mfp-hide wd-popup wd-popup-element wd-scroll-content wd-entry-content\" style=\"--wd-popup-width:800px;\">\n\t\t\t\t\t\t\t<link rel=\"stylesheet\" id=\"elementor-post-14294-css\" href=\"https:\/\/kolstejn.cz\/wp-content\/uploads\/elementor\/css\/post-14294.css?ver=1773764567\" type=\"text\/css\" media=\"all\">\n\t\t\t\t\t<div data-elementor-type=\"wp-post\" data-elementor-id=\"14294\" class=\"elementor elementor-14294 elementor-458\" data-elementor-post-type=\"cms_block\">\n\t\t\t\t\t\t<section class=\"elementor-section elementor-top-section elementor-element elementor-element-bd5f1eb elementor-section-boxed elementor-section-height-default elementor-section-height-default\" data-id=\"bd5f1eb\" data-element_type=\"section\">\n\t\t\t\t\t\t<div class=\"elementor-container elementor-column-gap-default\">\n\t\t\t\t\t<div class=\"elementor-column elementor-col-100 elementor-top-column elementor-element elementor-element-b91e9de\" data-id=\"b91e9de\" data-element_type=\"column\">\n\t\t\t<div class=\"elementor-widget-wrap elementor-element-populated\">\n\t\t\t\t\t\t<div class=\"elementor-element elementor-element-6ca2485 wd-width-100 elementor-widget elementor-widget-wd_title\" data-id=\"6ca2485\" data-element_type=\"widget\" data-widget_type=\"wd_title.default\">\n\t\t\t\t<div class=\"elementor-widget-container\">\n\t\t\t\t\t\t\t<div class=\"title-wrapper wd-set-mb reset-last-child wd-title-color-default wd-title-style-default wd-title-size-default text-center\">\n\n\t\t\t\n\t\t\t<div class=\"liner-continer\">\n\t\t\t\t<h4 class=\"woodmart-title-container title wd-fontsize-l\">Pakiet korporacyjny<br \/>\n HOTEL WELLNESS ***<\/h4> \n\t\t\t\t\t\t\t<\/div>\n\n\t\t\t\t\t<\/div>\n\t\t\t\t\t\t<\/div>\n\t\t\t\t<\/div>\n\t\t\t\t\t<\/div>\n\t\t<\/div>\n\t\t\t\t\t<\/div>\n\t\t<\/section>\n\t\t\t\t<section class=\"elementor-section elementor-top-section elementor-element elementor-element-98a417d elementor-section-boxed elementor-section-height-default elementor-section-height-default\" data-id=\"98a417d\" data-element_type=\"section\">\n\t\t\t\t\t\t<div class=\"elementor-container elementor-column-gap-default\">\n\t\t\t\t\t<div class=\"elementor-column elementor-col-50 elementor-top-column elementor-element elementor-element-7913105\" data-id=\"7913105\" data-element_type=\"column\">\n\t\t\t<div class=\"elementor-widget-wrap elementor-element-populated\">\n\t\t\t\t\t\t<div class=\"elementor-element elementor-element-fce6409 wd-width-100 elementor-widget elementor-widget-wd_title\" data-id=\"fce6409\" data-element_type=\"widget\" data-widget_type=\"wd_title.default\">\n\t\t\t\t<div class=\"elementor-widget-container\">\n\t\t\t\t\t\t\t<div class=\"title-wrapper wd-set-mb reset-last-child wd-title-color-default wd-title-style-default wd-title-size-small text-left\">\n\n\t\t\t\n\t\t\t<div class=\"liner-continer\">\n\t\t\t\t<h4 class=\"woodmart-title-container title wd-fontsize-m\">Pakiet zawiera:<\/h4> \n\t\t\t\t\t\t\t<\/div>\n\n\t\t\t\t\t<\/div>\n\t\t\t\t\t\t<\/div>\n\t\t\t\t<\/div>\n\t\t\t\t<div class=\"elementor-element elementor-element-dadc45f elementor-widget elementor-widget-wd_text_block\" data-id=\"dadc45f\" data-element_type=\"widget\" data-widget_type=\"wd_text_block.default\">\n\t\t\t\t<div class=\"elementor-widget-container\">\n\t\t\t\t\t\t\t<div class=\"wd-text-block reset-last-child text-left\">\n\t\t\t\n\t\t\t<ul><li>1 x nocleg w hotelu wellness<\/li><li>1 x obfite \u015bniadanie w formie bufetu<\/li><li>1 x kolacja w formie \u015bwi\u0105tecznego bufetu o warto\u015bci 550 CZK\/os. w obiekcie nowoczesnego bowling baru (ciep\u0142e nawet zimne przyj\u0119cie dostosowane do klienta) wraz z wynajmem 2 kr\u0119gielni na 2 godziny do 22:00)<\/li><li>1 x wej\u015bcie do strefy wellness<\/li><li >1 x wej\u015bcie na basen hotelowy ze s\u0142on\u0105 wod\u0105 i przeciwpr\u0105dem <\/li><li>wynajem sali konferencyjnej na ca\u0142y okres pobytu (sala ma\u0142a do 25 os\u00f3b, sala du\u017ca do 50 os\u00f3b) wraz z technologi\u0105 - rzutnik, flipchart, ekran gratis<\/li><\/ul><ul><li >1 x przerwa kawowa (wyb\u00f3r kaw i herbat, woda, wypieki s\u0142odkie i s\u0142one, owoce)<\/li><li>1 x bezp\u0142atne zwiedzanie minibrowaru z degustacj\u0105 bezpo\u015brednio w piwnicy<\/li><li>bezp\u0142atny parking przy hotelu<\/li><li> li><li>bezp\u0142atne szybkie \u0142\u0105cze Wi-Fi w ca\u0142ym budynku< \/li><\/ul><p><strong><em> (*Pakiet firmowy mo\u017ce by\u0107 u\u017cywany tylko dla grupy <u>20 lub wi\u0119cej os\u00f3b.<\/u>)<\/em><\/strong> <\/p>\n\t\t\t\t\t<\/div>\n\t\t\t\t\t\t<\/div>\n\t\t\t\t<\/div>\n\t\t\t\t\t<\/div>\n\t\t<\/div>\n\t\t\t\t<div class=\"elementor-column elementor-col-50 elementor-top-column elementor-element elementor-element-88496cd\" data-id=\"88496cd\" data-element_type=\"column\">\n\t\t\t<div class=\"elementor-widget-wrap elementor-element-populated\">\n\t\t\t\t\t\t<div class=\"elementor-element elementor-element-148a229 wd-width-100 elementor-widget elementor-widget-wd_title\" data-id=\"148a229\" data-element_type=\"widget\" data-widget_type=\"wd_title.default\">\n\t\t\t\t<div class=\"elementor-widget-container\">\n\t\t\t\t\t\t\t<div class=\"title-wrapper wd-set-mb reset-last-child wd-title-color-default wd-title-style-default wd-title-size-small text-left\">\n\n\t\t\t\n\t\t\t<div class=\"liner-continer\">\n\t\t\t\t<h4 class=\"woodmart-title-container title wd-fontsize-m\">Z przyjemno\u015bci\u0105 zorganizujemy r\u00f3wnie\u017c dla Twojej firmy za dodatkow\u0105 op\u0142at\u0105:<\/h4> \n\t\t\t\t\t\t\t<\/div>\n\n\t\t\t\t\t<\/div>\n\t\t\t\t\t\t<\/div>\n\t\t\t\t<\/div>\n\t\t\t\t<div class=\"elementor-element elementor-element-9375124 elementor-widget elementor-widget-wd_text_block\" data-id=\"9375124\" data-element_type=\"widget\" data-widget_type=\"wd_text_block.default\">\n\t\t\t\t<div class=\"elementor-widget-container\">\n\t\t\t\t\t\t\t<div class=\"wd-text-block reset-last-child text-left\">\n\t\t\t\n\t\t\t<ul><li>specjalny program saunowania dla Ciebie - <a href=\"https:\/\/kolstejn.cz\/pl\/ceremonie-saunowe\/\">Ceremo\u0142y saunowania<\/a><\/li><li>prywatne centrum wellness (pojemno\u015b\u0107 10 os\u00f3b)<\/li><li>prywatny re\u017cim kompleksu wellness poza godzinami otwarcia (pojemno\u015b\u0107 30 os\u00f3b)<\/li><li><a href=\"https:\/\/kolstejn.cz\/pl\/masaz\/\">masa\u017ce<\/li><li><a href=\"https:\/\/kolstejn.cz\/pl\/masaz\/\">masa\u017ce<\/ a> <\/li><li>program towarzysz\u0105cy (wyst\u0119p czarodzieja, pokaz barma\u0144ski...)<\/li><li><a href=\"https:\/\/kolstejn.cz\/pl\/wypoczynek\/\">wypo\u017cyczenie g\u00f3ry skutery i rowery elektryczne (w lecie)<\/a><\/li><li>wst\u0119p na tereny narciarskie Proskil Brann\u00e1 i Park Franti\u0161kov Brann\u00e1 (w zimie)<\/li><li> <\/li><\/ul>\n\t\t\t\t\t<\/div>\n\t\t\t\t\t\t<\/div>\n\t\t\t\t<\/div>\n\t\t\t\t\t<\/div>\n\t\t<\/div>\n\t\t\t\t\t<\/div>\n\t\t<\/section>\n\t\t\t\t<\/div>\n\t\t\t\t\t<\/div>\n\t\t\t\t\t\t\t\t<\/div>\n\t\t\t\t<\/div>\n\t\t\t\t\t<\/div>\n\t\t<\/div>\n\t\t\t\t<div class=\"elementor-column elementor-col-50 elementor-inner-column elementor-element elementor-element-2836651a\" data-id=\"2836651a\" data-element_type=\"column\">\n\t\t\t<div class=\"elementor-widget-wrap elementor-element-populated\">\n\t\t\t\t\t\t<div class=\"elementor-element elementor-element-68ccf6e9 elementor-widget elementor-widget-wd_image_or_svg\" data-id=\"68ccf6e9\" data-element_type=\"widget\" data-widget_type=\"wd_image_or_svg.default\">\n\t\t\t\t<div class=\"elementor-widget-container\">\n\t\t\t\t\t\n\t\t<div class=\"wd-image text-left\">\n\t\t\t\t\t\t\t\t\t\t\t\t\t<\/div>\n\n\t\t\t\t\t\t<\/div>\n\t\t\t\t<\/div>\n\t\t\t\t\t<\/div>\n\t\t<\/div>\n\t\t\t\t\t<\/div>\n\t\t<\/section>\n\t\t\t\t<section class=\"elementor-section elementor-inner-section elementor-element elementor-element-76328b elementor-reverse-mobile elementor-section-boxed elementor-section-height-default elementor-section-height-default\" data-id=\"76328b\" data-element_type=\"section\">\n\t\t\t\t\t\t<div class=\"elementor-container elementor-column-gap-default\">\n\t\t\t\t\t<div class=\"elementor-column elementor-col-50 elementor-inner-column elementor-element elementor-element-298e80b0\" data-id=\"298e80b0\" data-element_type=\"column\">\n\t\t\t<div class=\"elementor-widget-wrap elementor-element-populated\">\n\t\t\t\t\t\t<div class=\"elementor-element elementor-element-3882cc1 elementor-widget elementor-widget-wd_image_or_svg\" data-id=\"3882cc1\" data-element_type=\"widget\" data-widget_type=\"wd_image_or_svg.default\">\n\t\t\t\t<div class=\"elementor-widget-container\">\n\t\t\t\t\t\n\t\t<div class=\"wd-image text-left\">\n\t\t\t\t\t\t\t\t\t\t\t\t\t<\/div>\n\n\t\t\t\t\t\t<\/div>\n\t\t\t\t<\/div>\n\t\t\t\t\t<\/div>\n\t\t<\/div>\n\t\t\t\t<div class=\"elementor-column elementor-col-50 elementor-inner-column elementor-element elementor-element-30592658\" data-id=\"30592658\" data-element_type=\"column\" data-settings=\"{&quot;background_background&quot;:&quot;classic&quot;}\">\n\t\t\t<div class=\"elementor-widget-wrap elementor-element-populated\">\n\t\t\t\t\t\t<div class=\"elementor-element elementor-element-74437f1a wd-width-100 elementor-widget elementor-widget-wd_title\" data-id=\"74437f1a\" data-element_type=\"widget\" data-widget_type=\"wd_title.default\">\n\t\t\t\t<div class=\"elementor-widget-container\">\n\t\t\t\t\t\t\t<div class=\"title-wrapper wd-set-mb reset-last-child wd-title-color-primary wd-title-style-underlined-2 wd-title-size-default text-center\">\n\n\t\t\t\n\t\t\t<div class=\"liner-continer\">\n\t\t\t\t<h4 class=\"woodmart-title-container title wd-fontsize-l\">HOTEL GARNI ***<\/h4> \n\t\t\t\t\t\t\t<\/div>\n\n\t\t\t\t\t<\/div>\n\t\t\t\t\t\t<\/div>\n\t\t\t\t<\/div>\n\t\t\t\t<div class=\"elementor-element elementor-element-1f3368e1 elementor-widget elementor-widget-wd_text_block\" data-id=\"1f3368e1\" data-element_type=\"widget\" data-widget_type=\"wd_text_block.default\">\n\t\t\t\t<div class=\"elementor-widget-container\">\n\t\t\t\t\t\t\t<div class=\"wd-text-block reset-last-child text-center\">\n\t\t\t\n\t\t\t<p><strong>Cena pakietu firmowego \u201eWellness &amp; Miejsce pracy\u201d na \u017cyczenie: reditel@kolstejn.cz<br \/><\/strong><\/p><p>Nowo pachn\u0105ce pomieszczenia Hotelu garni *** znajduj\u0105 si\u0119 na pierwszym pi\u0119trze zabytkowej kamienicy z 1325 roku na ma\u0142y rynek we wsi Brann\u00e1, bezpo\u015brednio nad restauracj\u0105 i minibrowarem Kol\u0161tejn.<\/p>\n\t\t\t\t\t<\/div>\n\t\t\t\t\t\t<\/div>\n\t\t\t\t<\/div>\n\t\t\t\t<div class=\"elementor-element elementor-element-f5cb92e elementor-widget elementor-widget-wd_popup\" data-id=\"f5cb92e\" data-element_type=\"widget\" data-widget_type=\"wd_popup.default\">\n\t\t\t\t<div class=\"elementor-widget-container\">\n\t\t\t\t\t\t\t\t\t<div class=\"wd-button-wrapper text-center\" >\n\t\t\t<a class=\"btn btn-style-default btn-shape-rectangle btn-size-default wd-open-popup btn-color-primary btn-icon-pos-right\"  href=\"#2\">\n\t\t\t\t<span class=\"wd-btn-text\" data-elementor-setting-key=\"text\">\n\t\t\t\t\tCo zawiera pakiet\t\t\t\t<\/span>\n\n\t\t\t\t\t\t\t<\/a>\n\t\t<\/div>\n\t\t\t\t\t\t\t<div id=\"2\" class=\"mfp-hide wd-popup wd-popup-element wd-scroll-content wd-entry-content\" style=\"--wd-popup-width:800px;\">\n\t\t\t\t\t\t\t<link rel=\"stylesheet\" id=\"elementor-post-14301-css\" href=\"https:\/\/kolstejn.cz\/wp-content\/uploads\/elementor\/css\/post-14301.css?ver=1773764567\" type=\"text\/css\" media=\"all\">\n\t\t\t\t\t<div data-elementor-type=\"wp-post\" data-elementor-id=\"14301\" class=\"elementor elementor-14301 elementor-464\" data-elementor-post-type=\"cms_block\">\n\t\t\t\t\t\t<section class=\"elementor-section elementor-top-section elementor-element elementor-element-5a65901c elementor-section-boxed elementor-section-height-default elementor-section-height-default\" data-id=\"5a65901c\" data-element_type=\"section\">\n\t\t\t\t\t\t<div class=\"elementor-container elementor-column-gap-default\">\n\t\t\t\t\t<div class=\"elementor-column elementor-col-100 elementor-top-column elementor-element elementor-element-728c0ee6\" data-id=\"728c0ee6\" data-element_type=\"column\">\n\t\t\t<div class=\"elementor-widget-wrap elementor-element-populated\">\n\t\t\t\t\t\t<div class=\"elementor-element elementor-element-62d6619c wd-width-100 elementor-widget elementor-widget-wd_title\" data-id=\"62d6619c\" data-element_type=\"widget\" data-widget_type=\"wd_title.default\">\n\t\t\t\t<div class=\"elementor-widget-container\">\n\t\t\t\t\t\t\t<div class=\"title-wrapper wd-set-mb reset-last-child wd-title-color-default wd-title-style-default wd-title-size-default text-center\">\n\n\t\t\t\n\t\t\t<div class=\"liner-continer\">\n\t\t\t\t<h4 class=\"woodmart-title-container title wd-fontsize-l\">Pakiet korporacyjny<br \/>\n HOTEL GARNI ***<\/h4> \n\t\t\t\t\t\t\t<\/div>\n\n\t\t\t\t\t<\/div>\n\t\t\t\t\t\t<\/div>\n\t\t\t\t<\/div>\n\t\t\t\t\t<\/div>\n\t\t<\/div>\n\t\t\t\t\t<\/div>\n\t\t<\/section>\n\t\t\t\t<section class=\"elementor-section elementor-top-section elementor-element elementor-element-3603bc26 elementor-section-boxed elementor-section-height-default elementor-section-height-default\" data-id=\"3603bc26\" data-element_type=\"section\">\n\t\t\t\t\t\t<div class=\"elementor-container elementor-column-gap-default\">\n\t\t\t\t\t<div class=\"elementor-column elementor-col-50 elementor-top-column elementor-element elementor-element-26ff1bf8\" data-id=\"26ff1bf8\" data-element_type=\"column\">\n\t\t\t<div class=\"elementor-widget-wrap elementor-element-populated\">\n\t\t\t\t\t\t<div class=\"elementor-element elementor-element-60b4dd94 wd-width-100 elementor-widget elementor-widget-wd_title\" data-id=\"60b4dd94\" data-element_type=\"widget\" data-widget_type=\"wd_title.default\">\n\t\t\t\t<div class=\"elementor-widget-container\">\n\t\t\t\t\t\t\t<div class=\"title-wrapper wd-set-mb reset-last-child wd-title-color-default wd-title-style-default wd-title-size-small text-left\">\n\n\t\t\t\n\t\t\t<div class=\"liner-continer\">\n\t\t\t\t<h4 class=\"woodmart-title-container title wd-fontsize-m\">Pakiet zawiera:<\/h4> \n\t\t\t\t\t\t\t<\/div>\n\n\t\t\t\t\t<\/div>\n\t\t\t\t\t\t<\/div>\n\t\t\t\t<\/div>\n\t\t\t\t<div class=\"elementor-element elementor-element-41644dca elementor-widget elementor-widget-wd_text_block\" data-id=\"41644dca\" data-element_type=\"widget\" data-widget_type=\"wd_text_block.default\">\n\t\t\t\t<div class=\"elementor-widget-container\">\n\t\t\t\t\t\t\t<div class=\"wd-text-block reset-last-child text-left\">\n\t\t\t\n\t\t\t<ul><li>bez napoj\u00f3w na terenie nowoczesnego bowling baru (bufet ciep\u0142y i zimny szyty na miar\u0119 klienta) wraz z wynajmem 2 tor\u00f3w bowlingowych na 2 godziny do 22:00<\/li><li>1 x wej\u015bcie do wellness<\/li><li>1 x wej\u015bcie do hotelowego basenu ze s\u0142on\u0105 wod\u0105 i przeciwpr\u0105dem<\/li><li>wynaj\u0119cie sali konferencyjnej na ca\u0142y pobyt (sala ma\u0142a do 25 os\u00f3b, sala du\u017ca do 50 os\u00f3b) wraz z technik\u0105 \u2013 rzutnik, flipchart, ekran gratis<\/li> <\/ul><ul><li>1 x przerwa kawowa (dob\u00f3r kaw i herbat, woda, s\u0142odkie i s\u0142one wypieki, owoce) <\/li> <li>1 x wycieczka z przewodnikiem po minibrowarze z degustacj\u0105 w piwnicy za darmo<\/li> <li>bezp\u0142atny parking przy hotelu<\/li> <li>bezp\u0142atne szybkie \u0142\u0105cze Wi-Fi na terenie ca\u0142ego obiektu budynek<\/li><\/ul><p><strong><em> (*Pakiet firmowy mo\u017ce by\u0107 u\u017cywany tylko dla grupy <u>20 lub wi\u0119cej os\u00f3b.<\/u>)<\/em><\/ strong><\/p><\/li><\/ul>\n\t\t\t\t\t<\/div>\n\t\t\t\t\t\t<\/div>\n\t\t\t\t<\/div>\n\t\t\t\t\t<\/div>\n\t\t<\/div>\n\t\t\t\t<div class=\"elementor-column elementor-col-50 elementor-top-column elementor-element elementor-element-3de93d83\" data-id=\"3de93d83\" data-element_type=\"column\">\n\t\t\t<div class=\"elementor-widget-wrap elementor-element-populated\">\n\t\t\t\t\t\t<div class=\"elementor-element elementor-element-7962163b wd-width-100 elementor-widget elementor-widget-wd_title\" data-id=\"7962163b\" data-element_type=\"widget\" data-widget_type=\"wd_title.default\">\n\t\t\t\t<div class=\"elementor-widget-container\">\n\t\t\t\t\t\t\t<div class=\"title-wrapper wd-set-mb reset-last-child wd-title-color-default wd-title-style-default wd-title-size-small text-left\">\n\n\t\t\t\n\t\t\t<div class=\"liner-continer\">\n\t\t\t\t<h4 class=\"woodmart-title-container title wd-fontsize-m\">Z przyjemno\u015bci\u0105 zorganizujemy r\u00f3wnie\u017c dla Twojej firmy za dodatkow\u0105 op\u0142at\u0105:<\/h4> \n\t\t\t\t\t\t\t<\/div>\n\n\t\t\t\t\t<\/div>\n\t\t\t\t\t\t<\/div>\n\t\t\t\t<\/div>\n\t\t\t\t<div class=\"elementor-element elementor-element-1a25136 elementor-widget elementor-widget-wd_text_block\" data-id=\"1a25136\" data-element_type=\"widget\" data-widget_type=\"wd_text_block.default\">\n\t\t\t\t<div class=\"elementor-widget-container\">\n\t\t\t\t\t\t\t<div class=\"wd-text-block reset-last-child text-left\">\n\t\t\t\n\t\t\t<ul><li>specjalny program saunowania dla Ciebie - <a href=\"https:\/\/kolstejn.cz\/pl\/ceremonie-saunowe\/\">Ceremo\u0142y saunowania<\/a><\/li><li>prywatne centrum wellness (pojemno\u015b\u0107 10 os\u00f3b)<\/li><li>prywatny re\u017cim kompleksu wellness poza godzinami otwarcia (pojemno\u015b\u0107 30 os\u00f3b)<\/li><li><a href=\"https:\/\/kolstejn.cz\/pl\/masaz\/\">masa\u017ce<\/li><li><a href=\"https:\/\/kolstejn.cz\/pl\/masaz\/\">masa\u017ce<\/li> a> <\/li><li>program towarzysz\u0105cy (wyst\u0119p czarodzieja, pokaz barma\u0144ski...)<\/li><li><a href=\"https:\/\/kolstejn.cz\/pl\/wypoczynek\/\">wypo\u017cyczenie g\u00f3ry skutery i rowery elektryczne (w lecie)<\/a><\/li><li>wst\u0119p na tereny narciarskie Proskil Brann\u00e1 i Park Franti\u0161kov Brann\u00e1 (w zimie)<\/li><li> <\/li><\/ul>\n\t\t\t\t\t<\/div>\n\t\t\t\t\t\t<\/div>\n\t\t\t\t<\/div>\n\t\t\t\t\t<\/div>\n\t\t<\/div>\n\t\t\t\t\t<\/div>\n\t\t<\/section>\n\t\t\t\t<\/div>\n\t\t\t\t\t<\/div>\n\t\t\t\t\t\t\t\t<\/div>\n\t\t\t\t<\/div>\n\t\t\t\t\t<\/div>\n\t\t<\/div>\n\t\t\t\t\t<\/div>\n\t\t<\/section>\n\t\t\t\t\t<\/div>\n\t\t<\/div>\n\t\t\t\t\t<\/div>\n\t\t<\/section>\n\t\t\t\t<\/div>\n\t\t","protected":false},"excerpt":{"rendered":"<p>Pobyty firmowe &#8222;Wellness &amp; Workplace&#8221; W ci\u0105gu dnia, konferencji, team buildingu czy szkolenia, wieczorem zrelaksuj si\u0119 w strefie wellness i<\/p>\n","protected":false},"author":1,"featured_media":0,"parent":0,"menu_order":0,"comment_status":"closed","ping_status":"closed","template":"","meta":{"footnotes":""},"class_list":["post-14015","page","type-page","status-publish","hentry"],"_links":{"self":[{"href":"https:\/\/kolstejn.cz\/pl\/wp-json\/wp\/v2\/pages\/14015","targetHints":{"allow":["GET"]}}],"collection":[{"href":"https:\/\/kolstejn.cz\/pl\/wp-json\/wp\/v2\/pages"}],"about":[{"href":"https:\/\/kolstejn.cz\/pl\/wp-json\/wp\/v2\/types\/page"}],"author":[{"embeddable":true,"href":"https:\/\/kolstejn.cz\/pl\/wp-json\/wp\/v2\/users\/1"}],"replies":[{"embeddable":true,"href":"https:\/\/kolstejn.cz\/pl\/wp-json\/wp\/v2\/comments?post=14015"}],"version-history":[{"count":0,"href":"https:\/\/kolstejn.cz\/pl\/wp-json\/wp\/v2\/pages\/14015\/revisions"}],"wp:attachment":[{"href":"https:\/\/kolstejn.cz\/pl\/wp-json\/wp\/v2\/media?parent=14015"}],"curies":[{"name":"wp","href":"https:\/\/api.w.org\/{rel}","templated":true}]}}