{"id":14019,"date":"2022-07-13T19:45:10","date_gmt":"2022-07-13T17:45:10","guid":{"rendered":"https:\/\/kolstejn.cz\/minibrowar\/"},"modified":"2022-08-08T12:46:16","modified_gmt":"2022-08-08T10:46:16","slug":"minibrowar","status":"publish","type":"page","link":"https:\/\/kolstejn.cz\/pl\/minibrowar\/","title":{"rendered":"Minibrowar"},"content":{"rendered":"\t\t<div data-elementor-type=\"wp-page\" data-elementor-id=\"14019\" class=\"elementor elementor-14019 elementor-46\" data-elementor-post-type=\"page\">\n\t\t\t\t\t\t<section class=\"elementor-section elementor-top-section elementor-element elementor-element-5ebf4585 elementor-section-stretched animated-fast elementor-section-boxed elementor-section-height-default elementor-section-height-default elementor-invisible\" data-id=\"5ebf4585\" data-element_type=\"section\" data-settings=\"{&quot;stretch_section&quot;:&quot;section-stretched&quot;,&quot;background_background&quot;:&quot;classic&quot;,&quot;animation&quot;:&quot;fadeIn&quot;}\">\n\t\t\t\t\t\t<div class=\"elementor-container elementor-column-gap-default\">\n\t\t\t\t\t<div class=\"elementor-column elementor-col-100 elementor-top-column elementor-element elementor-element-6d06c021\" data-id=\"6d06c021\" data-element_type=\"column\">\n\t\t\t<div class=\"elementor-widget-wrap elementor-element-populated\">\n\t\t\t\t\t\t<section class=\"elementor-section elementor-inner-section elementor-element elementor-element-48a35ba1 elementor-section-boxed elementor-section-height-default elementor-section-height-default\" data-id=\"48a35ba1\" data-element_type=\"section\">\n\t\t\t\t\t\t<div class=\"elementor-container elementor-column-gap-default\">\n\t\t\t\t\t<div class=\"elementor-column elementor-col-50 elementor-inner-column elementor-element elementor-element-77902e06\" data-id=\"77902e06\" data-element_type=\"column\" data-settings=\"{&quot;background_background&quot;:&quot;classic&quot;}\">\n\t\t\t<div class=\"elementor-widget-wrap elementor-element-populated\">\n\t\t\t\t\t\t<div class=\"elementor-element elementor-element-7d28e8c0 wd-width-100 elementor-widget elementor-widget-wd_title\" data-id=\"7d28e8c0\" data-element_type=\"widget\" data-widget_type=\"wd_title.default\">\n\t\t\t\t<div class=\"elementor-widget-container\">\n\t\t\t\t\t\t\t<div class=\"title-wrapper wd-set-mb reset-last-child wd-title-color-primary wd-title-style-underlined-2 wd-title-size-default text-center\">\n\n\t\t\t\n\t\t\t<div class=\"liner-continer\">\n\t\t\t\t<h4 class=\"woodmart-title-container title wd-fontsize-l\">HISTORIA KONTYNUUJE<\/h4> \n\t\t\t\t\t\t\t<\/div>\n\n\t\t\t\t\t<\/div>\n\t\t\t\t\t\t<\/div>\n\t\t\t\t<\/div>\n\t\t\t\t<div class=\"elementor-element elementor-element-5156f659 elementor-widget elementor-widget-wd_text_block\" data-id=\"5156f659\" data-element_type=\"widget\" data-widget_type=\"wd_text_block.default\">\n\t\t\t\t<div class=\"elementor-widget-container\">\n\t\t\t\t\t\t\t<div class=\"wd-text-block reset-last-child text-center\">\n\t\t\t\n\t\t\t<p>Minibrowar Kol\u0161tejn kontynuuje dawn\u0105 tradycj\u0119 browarnictwa i warzenia piwa w gminie Brann\u00e1 w Jesionikach. Budow\u0119 mikrobrowaru rozpocz\u0119to w 2012 roku, a otwarto go dopiero w 2013 roku, kiedy to dok\u0142adnie trzy miesi\u0105ce p\u00f3\u017aniej zosta\u0142 r\u00f3wnie\u017c uroczy\u015bcie po\u015bwi\u0119cony i ochrzczony. Jest cz\u0119\u015bci\u0105 kompleksu wellness Kol\u0161tejn, mo\u017cna go znale\u017a\u0107 na ty\u0142ach restauracji Kol\u0161tejn.<\/p>\n\t\t\t\t\t<\/div>\n\t\t\t\t\t\t<\/div>\n\t\t\t\t<\/div>\n\t\t\t\t\t<\/div>\n\t\t<\/div>\n\t\t\t\t<div class=\"elementor-column elementor-col-50 elementor-inner-column elementor-element elementor-element-567c2398\" data-id=\"567c2398\" data-element_type=\"column\">\n\t\t\t<div class=\"elementor-widget-wrap elementor-element-populated\">\n\t\t\t\t\t\t<div class=\"elementor-element elementor-element-55ec031 elementor-widget elementor-widget-wd_image_or_svg\" data-id=\"55ec031\" data-element_type=\"widget\" data-widget_type=\"wd_image_or_svg.default\">\n\t\t\t\t<div class=\"elementor-widget-container\">\n\t\t\t\t\t\n\t\t<div class=\"wd-image text-left\">\n\t\t\t\t\t\t\t\t\t\t\t\t\t<\/div>\n\n\t\t\t\t\t\t<\/div>\n\t\t\t\t<\/div>\n\t\t\t\t\t<\/div>\n\t\t<\/div>\n\t\t\t\t\t<\/div>\n\t\t<\/section>\n\t\t\t\t<section class=\"elementor-section elementor-inner-section elementor-element elementor-element-29521f50 elementor-reverse-mobile elementor-section-boxed elementor-section-height-default elementor-section-height-default\" data-id=\"29521f50\" data-element_type=\"section\">\n\t\t\t\t\t\t<div class=\"elementor-container elementor-column-gap-default\">\n\t\t\t\t\t<div class=\"elementor-column elementor-col-50 elementor-inner-column elementor-element elementor-element-51ed549e\" data-id=\"51ed549e\" data-element_type=\"column\">\n\t\t\t<div class=\"elementor-widget-wrap elementor-element-populated\">\n\t\t\t\t\t\t<div class=\"elementor-element elementor-element-772fe76c elementor-widget elementor-widget-wd_image_or_svg\" data-id=\"772fe76c\" data-element_type=\"widget\" data-widget_type=\"wd_image_or_svg.default\">\n\t\t\t\t<div class=\"elementor-widget-container\">\n\t\t\t\t\t\n\t\t<div class=\"wd-image text-left\">\n\t\t\t\t\t\t\t\t\t\t\t\t\t<\/div>\n\n\t\t\t\t\t\t<\/div>\n\t\t\t\t<\/div>\n\t\t\t\t\t<\/div>\n\t\t<\/div>\n\t\t\t\t<div class=\"elementor-column elementor-col-50 elementor-inner-column elementor-element elementor-element-606b4271\" data-id=\"606b4271\" data-element_type=\"column\" data-settings=\"{&quot;background_background&quot;:&quot;classic&quot;}\">\n\t\t\t<div class=\"elementor-widget-wrap elementor-element-populated\">\n\t\t\t\t\t\t<div class=\"elementor-element elementor-element-6773ad03 wd-width-100 elementor-widget elementor-widget-wd_title\" data-id=\"6773ad03\" data-element_type=\"widget\" data-widget_type=\"wd_title.default\">\n\t\t\t\t<div class=\"elementor-widget-container\">\n\t\t\t\t\t\t\t<div class=\"title-wrapper wd-set-mb reset-last-child wd-title-color-primary wd-title-style-underlined-2 wd-title-size-default text-center\">\n\n\t\t\t\n\t\t\t<div class=\"liner-continer\">\n\t\t\t\t<h4 class=\"woodmart-title-container title wd-fontsize-l\">WYTWARZANIE PIWA\/WYCIECZKI<\/h4> \n\t\t\t\t\t\t\t<\/div>\n\n\t\t\t\t\t<\/div>\n\t\t\t\t\t\t<\/div>\n\t\t\t\t<\/div>\n\t\t\t\t<div class=\"elementor-element elementor-element-2911e860 elementor-widget elementor-widget-wd_text_block\" data-id=\"2911e860\" data-element_type=\"widget\" data-widget_type=\"wd_text_block.default\">\n\t\t\t\t<div class=\"elementor-widget-container\">\n\t\t\t\t\t\t\t<div class=\"wd-text-block reset-last-child text-center\">\n\t\t\t\n\t\t\t<p>Warzymy jasne i p\u00f3\u0142ciemne lagery, ale tak\u017ce przygotowujemy piwne specja\u0142y w zale\u017cno\u015bci od pory roku. Piwa z naszego browaru s\u0105 niefiltrowane i niepasteryzowane.Wszystkich naszych piw mo\u017cna skosztowa\u0107 podczas degustacji po\u0142\u0105czonej ze zwiedzaniem minibrowaru Kol\u0161tejn. Je\u015bli jeste\u015b zainteresowany wycieczk\u0105, skontaktuj si\u0119 z pani\u0105 operacj\u0105 702 072 034, provozni@kolstejn.cz. Minimalna liczba w jednej grupie to 6, ale maksymalna to 15 os\u00f3b. Cena 180 CZK\/os.<\/p>\n\t\t\t\t\t<\/div>\n\t\t\t\t\t\t<\/div>\n\t\t\t\t<\/div>\n\t\t\t\t\t<\/div>\n\t\t<\/div>\n\t\t\t\t\t<\/div>\n\t\t<\/section>\n\t\t\t\t<section class=\"elementor-section elementor-inner-section elementor-element elementor-element-4c1cf92f elementor-section-boxed elementor-section-height-default elementor-section-height-default\" data-id=\"4c1cf92f\" data-element_type=\"section\">\n\t\t\t\t\t\t<div class=\"elementor-container elementor-column-gap-default\">\n\t\t\t\t\t<div class=\"elementor-column elementor-col-50 elementor-inner-column elementor-element elementor-element-5b8b1b35\" data-id=\"5b8b1b35\" data-element_type=\"column\" data-settings=\"{&quot;background_background&quot;:&quot;classic&quot;}\">\n\t\t\t<div class=\"elementor-widget-wrap elementor-element-populated\">\n\t\t\t\t\t\t<div class=\"elementor-element elementor-element-5bbc554 wd-width-100 elementor-widget elementor-widget-wd_title\" data-id=\"5bbc554\" data-element_type=\"widget\" data-widget_type=\"wd_title.default\">\n\t\t\t\t<div class=\"elementor-widget-container\">\n\t\t\t\t\t\t\t<div class=\"title-wrapper wd-set-mb reset-last-child wd-title-color-primary wd-title-style-underlined-2 wd-title-size-default text-center\">\n\n\t\t\t\n\t\t\t<div class=\"liner-continer\">\n\t\t\t\t<h4 class=\"woodmart-title-container title wd-fontsize-l\">HISTORIA W BRANNEI<\/h4> \n\t\t\t\t\t\t\t<\/div>\n\n\t\t\t\t\t<\/div>\n\t\t\t\t\t\t<\/div>\n\t\t\t\t<\/div>\n\t\t\t\t<div class=\"elementor-element elementor-element-9f9f38d elementor-widget elementor-widget-wd_text_block\" data-id=\"9f9f38d\" data-element_type=\"widget\" data-widget_type=\"wd_text_block.default\">\n\t\t\t\t<div class=\"elementor-widget-container\">\n\t\t\t\t\t\t\t<div class=\"wd-text-block reset-last-child text-center\">\n\t\t\t\n\t\t\t<p>Historia piwowarstwa zosta\u0142a napisana w naszej restauracji! Dowiedzieli\u015bmy si\u0119, \u017ce budynek dzisiejszej <strong>restauracji<\/strong> to budynek, kt\u00f3ry zosta\u0142 zbudowany przez <strong>foit<\/strong> oko\u0142o roku <strong>1325<\/strong> podczas za\u0142o\u017cenia miasta Goldenstein i jego rynek. Wie\u015b Goldenstein powsta\u0142a na starym szlaku handlowym na \u015al\u0105sk oko\u0142o 1282 roku. Nazwa Kol\u0161tejn powsta\u0142a na cze\u015b\u0107 niemieckiego Goldensteina (z\u0142oty kamie\u0144). Teraz Brann\u00e1 nosi nazw\u0119 rzeki o tej samej nazwie, kt\u00f3ra przep\u0142ywa przez wiosk\u0119.<\/p>\n\t\t\t\t\t<\/div>\n\t\t\t\t\t\t<\/div>\n\t\t\t\t<\/div>\n\t\t\t\t\t<\/div>\n\t\t<\/div>\n\t\t\t\t<div class=\"elementor-column elementor-col-50 elementor-inner-column elementor-element elementor-element-429a3b2e\" data-id=\"429a3b2e\" data-element_type=\"column\" data-settings=\"{&quot;background_background&quot;:&quot;classic&quot;}\">\n\t\t\t<div class=\"elementor-widget-wrap elementor-element-populated\">\n\t\t\t\t\t\t<div class=\"elementor-element elementor-element-22a1aa51 elementor-widget elementor-widget-spacer\" data-id=\"22a1aa51\" data-element_type=\"widget\" data-widget_type=\"spacer.default\">\n\t\t\t\t<div class=\"elementor-widget-container\">\n\t\t\t\t\t\t\t<div class=\"elementor-spacer\">\n\t\t\t<div class=\"elementor-spacer-inner\"><\/div>\n\t\t<\/div>\n\t\t\t\t\t\t<\/div>\n\t\t\t\t<\/div>\n\t\t\t\t\t<\/div>\n\t\t<\/div>\n\t\t\t\t\t<\/div>\n\t\t<\/section>\n\t\t\t\t\t<\/div>\n\t\t<\/div>\n\t\t\t\t\t<\/div>\n\t\t<\/section>\n\t\t\t\t<section class=\"elementor-section elementor-top-section elementor-element elementor-element-e521972 elementor-section-boxed elementor-section-height-default elementor-section-height-default\" data-id=\"e521972\" data-element_type=\"section\">\n\t\t\t\t\t\t<div class=\"elementor-container elementor-column-gap-default\">\n\t\t\t\t\t<div class=\"elementor-column elementor-col-100 elementor-top-column elementor-element elementor-element-433fc90\" data-id=\"433fc90\" data-element_type=\"column\">\n\t\t\t<div class=\"elementor-widget-wrap elementor-element-populated\">\n\t\t\t\t\t\t<div class=\"elementor-element elementor-element-967a995 wd-width-100 elementor-widget elementor-widget-wd_title\" data-id=\"967a995\" data-element_type=\"widget\" data-widget_type=\"wd_title.default\">\n\t\t\t\t<div class=\"elementor-widget-container\">\n\t\t\t\t\t\t\t<div class=\"title-wrapper wd-set-mb reset-last-child wd-title-color-primary wd-title-style-underlined-2 wd-title-size-default text-center\">\n\n\t\t\t\n\t\t\t<div class=\"liner-continer\">\n\t\t\t\t<h4 class=\"woodmart-title-container title wd-fontsize-l\">NASZE PIWA<\/h4> \n\t\t\t\t\t\t\t<\/div>\n\n\t\t\t\t\t\t\t<div class=\"title-after_title reset-last-child wd-fontsize-xs\">\n\t\t\t\t\t<p><strong>Asortyment <\/strong>oferowanych rodzaj\u00f3w piwa jest wybierany z my\u015bl\u0105 o szerokiej publiczno\u015bci. Warzymy tradycyjne jasne i p\u00f3\u0142ciemne lagery, piwo beczkowe oraz specja\u0142y dolnej fermentacji. Naszym d\u0105\u017ceniem jest zaspokojenie wymaga\u0144 smakowych r\u00f3\u017cnego rodzaju klient\u00f3w. Karta dostosowana jest r\u00f3wnie\u017c do p\u00f3r roku, kiedy zim\u0105 i wiosn\u0105 warzone s\u0105 piwa o wi\u0119kszej mocy, a w sezonie letnim w karcie pojawiaj\u0105 si\u0119 piwa o mniejszej mocy.<\/p>\t\t\t\t<\/div>\n\t\t\t\t\t<\/div>\n\t\t\t\t\t\t<\/div>\n\t\t\t\t<\/div>\n\t\t\t\t<section class=\"elementor-section elementor-inner-section elementor-element elementor-element-c1ac2f8 elementor-section-boxed elementor-section-height-default elementor-section-height-default\" data-id=\"c1ac2f8\" data-element_type=\"section\">\n\t\t\t\t\t\t<div class=\"elementor-container elementor-column-gap-default\">\n\t\t\t\t\t<div class=\"elementor-column elementor-col-33 elementor-inner-column elementor-element elementor-element-9162f29\" data-id=\"9162f29\" data-element_type=\"column\">\n\t\t\t<div class=\"elementor-widget-wrap elementor-element-populated\">\n\t\t\t\t\t\t<div class=\"elementor-element elementor-element-894388f elementor-widget elementor-widget-wd_image_or_svg\" data-id=\"894388f\" data-element_type=\"widget\" data-widget_type=\"wd_image_or_svg.default\">\n\t\t\t\t<div class=\"elementor-widget-container\">\n\t\t\t\t\t\n\t\t<div class=\"wd-image text-center\">\n\t\t\t\t\t\t\t\t\t\t\t\t\t<\/div>\n\n\t\t\t\t\t\t<\/div>\n\t\t\t\t<\/div>\n\t\t\t\t\t<\/div>\n\t\t<\/div>\n\t\t\t\t<div class=\"elementor-column elementor-col-33 elementor-inner-column elementor-element elementor-element-d091b70\" data-id=\"d091b70\" data-element_type=\"column\">\n\t\t\t<div class=\"elementor-widget-wrap elementor-element-populated\">\n\t\t\t\t\t\t<div class=\"elementor-element elementor-element-85ee28e elementor-widget elementor-widget-wd_image_or_svg\" data-id=\"85ee28e\" data-element_type=\"widget\" data-widget_type=\"wd_image_or_svg.default\">\n\t\t\t\t<div class=\"elementor-widget-container\">\n\t\t\t\t\t\n\t\t<div class=\"wd-image text-center\">\n\t\t\t\t\t\t\t\t\t\t\t\t\t<\/div>\n\n\t\t\t\t\t\t<\/div>\n\t\t\t\t<\/div>\n\t\t\t\t\t<\/div>\n\t\t<\/div>\n\t\t\t\t<div class=\"elementor-column elementor-col-33 elementor-inner-column elementor-element elementor-element-5a43e5b\" data-id=\"5a43e5b\" data-element_type=\"column\">\n\t\t\t<div class=\"elementor-widget-wrap elementor-element-populated\">\n\t\t\t\t\t\t<div class=\"elementor-element elementor-element-572adbb elementor-widget elementor-widget-wd_image_or_svg\" data-id=\"572adbb\" data-element_type=\"widget\" data-widget_type=\"wd_image_or_svg.default\">\n\t\t\t\t<div class=\"elementor-widget-container\">\n\t\t\t\t\t\n\t\t<div class=\"wd-image text-center\">\n\t\t\t\t\t\t\t\t\t\t\t\t\t<\/div>\n\n\t\t\t\t\t\t<\/div>\n\t\t\t\t<\/div>\n\t\t\t\t\t<\/div>\n\t\t<\/div>\n\t\t\t\t\t<\/div>\n\t\t<\/section>\n\t\t\t\t<section class=\"elementor-section elementor-inner-section elementor-element elementor-element-5f489fd elementor-section-boxed elementor-section-height-default elementor-section-height-default\" data-id=\"5f489fd\" data-element_type=\"section\">\n\t\t\t\t\t\t<div class=\"elementor-container elementor-column-gap-default\">\n\t\t\t\t\t<div class=\"elementor-column elementor-col-33 elementor-inner-column elementor-element elementor-element-2b887f2\" data-id=\"2b887f2\" data-element_type=\"column\">\n\t\t\t<div class=\"elementor-widget-wrap elementor-element-populated\">\n\t\t\t\t\t\t<div class=\"elementor-element elementor-element-f5cc910 elementor-widget elementor-widget-wd_image_or_svg\" data-id=\"f5cc910\" data-element_type=\"widget\" data-widget_type=\"wd_image_or_svg.default\">\n\t\t\t\t<div class=\"elementor-widget-container\">\n\t\t\t\t\t\n\t\t<div class=\"wd-image text-center\">\n\t\t\t\t\t\t\t\t\t\t\t\t\t<\/div>\n\n\t\t\t\t\t\t<\/div>\n\t\t\t\t<\/div>\n\t\t\t\t\t<\/div>\n\t\t<\/div>\n\t\t\t\t<div class=\"elementor-column elementor-col-33 elementor-inner-column elementor-element elementor-element-5d20e30\" data-id=\"5d20e30\" data-element_type=\"column\">\n\t\t\t<div class=\"elementor-widget-wrap elementor-element-populated\">\n\t\t\t\t\t\t<div class=\"elementor-element elementor-element-cfe3cac elementor-widget elementor-widget-wd_image_or_svg\" data-id=\"cfe3cac\" data-element_type=\"widget\" data-widget_type=\"wd_image_or_svg.default\">\n\t\t\t\t<div class=\"elementor-widget-container\">\n\t\t\t\t\t\n\t\t<div class=\"wd-image text-center\">\n\t\t\t\t\t\t\t\t<img loading=\"lazy\" decoding=\"async\" width=\"280\" height=\"350\" src=\"https:\/\/kolstejn.cz\/wp-content\/uploads\/2022\/08\/menhir_cmyk_bile_pozadi-280x350.jpg\" class=\"attachment-x350 size-x350\" alt=\"Logo piva Menhir \u2014 minipivovar Kol\u0161tejn\" srcset=\"https:\/\/kolstejn.cz\/wp-content\/uploads\/2022\/08\/menhir_cmyk_bile_pozadi-280x350.jpg 280w, https:\/\/kolstejn.cz\/wp-content\/uploads\/2022\/08\/menhir_cmyk_bile_pozadi-240x300.jpg 240w, https:\/\/kolstejn.cz\/wp-content\/uploads\/2022\/08\/menhir_cmyk_bile_pozadi-819x1024.jpg 819w, https:\/\/kolstejn.cz\/wp-content\/uploads\/2022\/08\/menhir_cmyk_bile_pozadi-768x960.jpg 768w, https:\/\/kolstejn.cz\/wp-content\/uploads\/2022\/08\/menhir_cmyk_bile_pozadi.jpg 864w\" sizes=\"auto, (max-width: 280px) 100vw, 280px\" \/>\t\t\t\t\t<\/div>\n\n\t\t\t\t\t\t<\/div>\n\t\t\t\t<\/div>\n\t\t\t\t\t<\/div>\n\t\t<\/div>\n\t\t\t\t<div class=\"elementor-column elementor-col-33 elementor-inner-column elementor-element elementor-element-6977f1f\" data-id=\"6977f1f\" data-element_type=\"column\">\n\t\t\t<div class=\"elementor-widget-wrap elementor-element-populated\">\n\t\t\t\t\t\t<div class=\"elementor-element elementor-element-4dba31d elementor-widget elementor-widget-wd_image_or_svg\" data-id=\"4dba31d\" data-element_type=\"widget\" data-widget_type=\"wd_image_or_svg.default\">\n\t\t\t\t<div class=\"elementor-widget-container\">\n\t\t\t\t\t\n\t\t<div class=\"wd-image text-center\">\n\t\t\t\t\t\t\t\t\t\t\t\t\t<\/div>\n\n\t\t\t\t\t\t<\/div>\n\t\t\t\t<\/div>\n\t\t\t\t\t<\/div>\n\t\t<\/div>\n\t\t\t\t\t<\/div>\n\t\t<\/section>\n\t\t\t\t\t<\/div>\n\t\t<\/div>\n\t\t\t\t\t<\/div>\n\t\t<\/section>\n\t\t\t\t<section class=\"elementor-section elementor-top-section elementor-element elementor-element-c15c741 elementor-section-boxed elementor-section-height-default elementor-section-height-default\" data-id=\"c15c741\" data-element_type=\"section\">\n\t\t\t\t\t\t<div class=\"elementor-container elementor-column-gap-default\">\n\t\t\t\t\t<div class=\"elementor-column elementor-col-50 elementor-top-column elementor-element elementor-element-d991006\" data-id=\"d991006\" data-element_type=\"column\">\n\t\t\t<div class=\"elementor-widget-wrap elementor-element-populated\">\n\t\t\t\t\t\t<div class=\"elementor-element elementor-element-e3878af elementor-widget elementor-widget-wd_text_block\" data-id=\"e3878af\" data-element_type=\"widget\" data-widget_type=\"wd_text_block.default\">\n\t\t\t\t<div class=\"elementor-widget-container\">\n\t\t\t\t\t\t\t<div class=\"wd-text-block reset-last-child text-left\">\n\t\t\t\n\t\t\t<p>Naszych piw <strong>mo\u017cna skosztowa\u0107<\/strong> nie tylko w restauracji Kol\u0161tejn, gdzie nalewa si\u0119 je bezpo\u015brednio ze zbiornik\u00f3w lagerowych,<\/p><p><strong>klienci<\/strong> maj\u0105 r\u00f3wnie\u017c mo\u017cliwo\u015b\u0107 zakupu piwa w nast\u0119puj\u0105cych formach:<\/p><p>\u2013 butelki szklane 0,75l z etykiet\u0105,<br \/>\u2013 beczki 5l \u2013 nale\u017cy uzgodni\u0107 z 24-godzinnym wyprzedzeniem,<br \/>\u2013 lub do w\u0142asnych kubk\u00f3w , kt\u00f3re wype\u0142nimy dla Ciebie w restauracji z beczki (piwo bezpo\u015brednio z baku).<\/p><p>Nie wszystkie rodzaje piw s\u0105 zawsze dost\u0119pne w naszej restauracji. Asortyment piw dostosowujemy do pory roku i pojemno\u015bci minibrowaru. Inne rodzaje warzonych piw b\u0119d\u0105 stale uzupe\u0142niane w zale\u017cno\u015bci od pojemno\u015bci obiektu.<\/p>\n\t\t\t\t\t<\/div>\n\t\t\t\t\t\t<\/div>\n\t\t\t\t<\/div>\n\t\t\t\t\t<\/div>\n\t\t<\/div>\n\t\t\t\t<div class=\"elementor-column elementor-col-50 elementor-top-column elementor-element elementor-element-a49b877\" data-id=\"a49b877\" data-element_type=\"column\">\n\t\t\t<div class=\"elementor-widget-wrap elementor-element-populated\">\n\t\t\t\t\t\t<div class=\"elementor-element elementor-element-5bc78fb elementor-widget elementor-widget-wd_image_or_svg\" data-id=\"5bc78fb\" data-element_type=\"widget\" data-widget_type=\"wd_image_or_svg.default\">\n\t\t\t\t<div class=\"elementor-widget-container\">\n\t\t\t\t\t\n\t\t<div class=\"wd-image text-left\">\n\t\t\t\t\t\t\t\t\t\t\t\t\t<\/div>\n\n\t\t\t\t\t\t<\/div>\n\t\t\t\t<\/div>\n\t\t\t\t\t<\/div>\n\t\t<\/div>\n\t\t\t\t\t<\/div>\n\t\t<\/section>\n\t\t\t\t<\/div>\n\t\t","protected":false},"excerpt":{"rendered":"<p>HISTORIA KONTYNUUJE Minibrowar Kol\u0161tejn kontynuuje dawn\u0105 tradycj\u0119 browarnictwa i warzenia piwa w gminie Brann\u00e1 w Jesionikach. Budow\u0119 mikrobrowaru rozpocz\u0119to w<\/p>\n","protected":false},"author":1,"featured_media":0,"parent":0,"menu_order":0,"comment_status":"closed","ping_status":"closed","template":"","meta":{"footnotes":""},"class_list":["post-14019","page","type-page","status-publish","hentry"],"_links":{"self":[{"href":"https:\/\/kolstejn.cz\/pl\/wp-json\/wp\/v2\/pages\/14019","targetHints":{"allow":["GET"]}}],"collection":[{"href":"https:\/\/kolstejn.cz\/pl\/wp-json\/wp\/v2\/pages"}],"about":[{"href":"https:\/\/kolstejn.cz\/pl\/wp-json\/wp\/v2\/types\/page"}],"author":[{"embeddable":true,"href":"https:\/\/kolstejn.cz\/pl\/wp-json\/wp\/v2\/users\/1"}],"replies":[{"embeddable":true,"href":"https:\/\/kolstejn.cz\/pl\/wp-json\/wp\/v2\/comments?post=14019"}],"version-history":[{"count":0,"href":"https:\/\/kolstejn.cz\/pl\/wp-json\/wp\/v2\/pages\/14019\/revisions"}],"wp:attachment":[{"href":"https:\/\/kolstejn.cz\/pl\/wp-json\/wp\/v2\/media?parent=14019"}],"curies":[{"name":"wp","href":"https:\/\/api.w.org\/{rel}","templated":true}]}}