{"id":14026,"date":"2022-07-13T19:44:46","date_gmt":"2022-07-13T17:44:46","guid":{"rendered":"https:\/\/kolstejn.cz\/herbata-2\/"},"modified":"2022-07-19T16:17:39","modified_gmt":"2022-07-19T14:17:39","slug":"herbata-2","status":"publish","type":"page","link":"https:\/\/kolstejn.cz\/pl\/herbata-2\/","title":{"rendered":"Herbata"},"content":{"rendered":"\t\t<div data-elementor-type=\"wp-page\" data-elementor-id=\"14026\" class=\"elementor elementor-14026 elementor-42\" data-elementor-post-type=\"page\">\n\t\t\t\t\t\t<section class=\"elementor-section elementor-top-section elementor-element elementor-element-684573e9 elementor-section-stretched elementor-section-boxed elementor-section-height-default elementor-section-height-default elementor-invisible\" data-id=\"684573e9\" data-element_type=\"section\" data-settings=\"{&quot;stretch_section&quot;:&quot;section-stretched&quot;,&quot;background_background&quot;:&quot;classic&quot;,&quot;animation&quot;:&quot;fadeIn&quot;}\">\n\t\t\t\t\t\t<div class=\"elementor-container elementor-column-gap-default\">\n\t\t\t\t\t<div class=\"elementor-column elementor-col-100 elementor-top-column elementor-element elementor-element-4afd4676\" data-id=\"4afd4676\" data-element_type=\"column\">\n\t\t\t<div class=\"elementor-widget-wrap elementor-element-populated\">\n\t\t\t\t\t\t<section class=\"elementor-section elementor-inner-section elementor-element elementor-element-c81cc42 elementor-section-boxed elementor-section-height-default elementor-section-height-default\" data-id=\"c81cc42\" data-element_type=\"section\">\n\t\t\t\t\t\t<div class=\"elementor-container elementor-column-gap-default\">\n\t\t\t\t\t<div class=\"elementor-column elementor-col-50 elementor-inner-column elementor-element elementor-element-575bb945\" data-id=\"575bb945\" data-element_type=\"column\" data-settings=\"{&quot;background_background&quot;:&quot;classic&quot;}\">\n\t\t\t<div class=\"elementor-widget-wrap elementor-element-populated\">\n\t\t\t\t\t\t<div class=\"elementor-element elementor-element-253f4c08 wd-width-100 elementor-widget elementor-widget-wd_title\" data-id=\"253f4c08\" data-element_type=\"widget\" data-widget_type=\"wd_title.default\">\n\t\t\t\t<div class=\"elementor-widget-container\">\n\t\t\t\t\t\t\t<div class=\"title-wrapper wd-set-mb reset-last-child wd-title-color-primary wd-title-style-underlined-2 wd-title-size-default text-center\">\n\n\t\t\t\n\t\t\t<div class=\"liner-continer\">\n\t\t\t\t<h4 class=\"woodmart-title-container title wd-fontsize-l\">podstawowe informacje<\/h4> \n\t\t\t\t\t\t\t<\/div>\n\n\t\t\t\t\t<\/div>\n\t\t\t\t\t\t<\/div>\n\t\t\t\t<\/div>\n\t\t\t\t<div class=\"elementor-element elementor-element-6e62934e elementor-widget elementor-widget-wd_text_block\" data-id=\"6e62934e\" data-element_type=\"widget\" data-widget_type=\"wd_text_block.default\">\n\t\t\t\t<div class=\"elementor-widget-container\">\n\t\t\t\t\t\t\t<div class=\"wd-text-block reset-last-child text-center\">\n\t\t\t\n\t\t\t<p>Oferujemy nie tylko zakwaterowanie, ale tak\u017ce wysokiej jako\u015bci sen. Znajdziesz tu surow\u0105, a jednocze\u015bnie romantyczn\u0105 przyrod\u0119, wyj\u0105tkowo czyste powietrze, spok\u00f3j, kreatywno\u015b\u0107 mieszka\u0144c\u00f3w i szeroki wachlarz us\u0142ug. Witamy w Jesionikach, w regionie d\u0142ugich, zaokr\u0105glonych grzbiet\u00f3w, g\u0142\u0119bokich dolin rzecznych, kt\u00f3re przecinaj\u0105 zalesione zbocza.<\/p>\n\t\t\t\t\t<\/div>\n\t\t\t\t\t\t<\/div>\n\t\t\t\t<\/div>\n\t\t\t\t\t<\/div>\n\t\t<\/div>\n\t\t\t\t<div class=\"elementor-column elementor-col-50 elementor-inner-column elementor-element elementor-element-7fa004ba\" data-id=\"7fa004ba\" data-element_type=\"column\">\n\t\t\t<div class=\"elementor-widget-wrap elementor-element-populated\">\n\t\t\t\t\t\t<div class=\"elementor-element elementor-element-ad6bff4 elementor-widget elementor-widget-wd_image_or_svg\" data-id=\"ad6bff4\" data-element_type=\"widget\" data-widget_type=\"wd_image_or_svg.default\">\n\t\t\t\t<div class=\"elementor-widget-container\">\n\t\t\t\t\t\n\t\t<div class=\"wd-image text-left\">\n\t\t\t\t\t\t\t\t\t\t\t\t\t<\/div>\n\n\t\t\t\t\t\t<\/div>\n\t\t\t\t<\/div>\n\t\t\t\t\t<\/div>\n\t\t<\/div>\n\t\t\t\t\t<\/div>\n\t\t<\/section>\n\t\t\t\t\t<\/div>\n\t\t<\/div>\n\t\t\t\t\t<\/div>\n\t\t<\/section>\n\t\t\t\t<section class=\"elementor-section elementor-top-section elementor-element elementor-element-5085980 elementor-section-boxed elementor-section-height-default elementor-section-height-default\" data-id=\"5085980\" data-element_type=\"section\">\n\t\t\t\t\t\t<div class=\"elementor-container elementor-column-gap-default\">\n\t\t\t\t\t<div class=\"elementor-column elementor-col-100 elementor-top-column elementor-element elementor-element-90c5701\" data-id=\"90c5701\" data-element_type=\"column\">\n\t\t\t<div class=\"elementor-widget-wrap elementor-element-populated\">\n\t\t\t\t\t\t<div class=\"elementor-element elementor-element-860b3ef wd-width-100 elementor-widget elementor-widget-wd_title\" data-id=\"860b3ef\" data-element_type=\"widget\" data-widget_type=\"wd_title.default\">\n\t\t\t\t<div class=\"elementor-widget-container\">\n\t\t\t\t\t\t\t<div class=\"title-wrapper wd-set-mb reset-last-child wd-title-color-default wd-title-style-default wd-title-size-default text-center\">\n\n\t\t\t\n\t\t\t<div class=\"liner-continer\">\n\t\t\t\t<h4 class=\"woodmart-title-container title wd-fontsize-l\">ZABIERZ OD NAS WI\u0118CEJ NI\u017b PI\u0118KNE WRA\u017bENIA I DOBRY SAMOPOCZUCIE.<\/h4> \n\t\t\t\t\t\t\t<\/div>\n\n\t\t\t\t\t\t\t<div class=\"title-after_title reset-last-child wd-fontsize-xs\">\n\t\t\t\t\t<p>PRZYGOTOWALI\u015aMY DLA CIEBIE PAKIET PREZENTOWY MIESZANEK HERBATY, KT\u00d3RE MO\u017bESZ WYGODNIE ZABRA\u0106 DO DOMU.<\/p>\t\t\t\t<\/div>\n\t\t\t\t\t<\/div>\n\t\t\t\t\t\t<\/div>\n\t\t\t\t<\/div>\n\t\t\t\t<div class=\"elementor-element elementor-element-bc9fbaf elementor-widget elementor-widget-wd_text_block\" data-id=\"bc9fbaf\" data-element_type=\"widget\" data-widget_type=\"wd_text_block.default\">\n\t\t\t\t<div class=\"elementor-widget-container\">\n\t\t\t\t\t\t\t<div class=\"wd-text-block reset-last-child text-center\">\n\t\t\t\n\t\t\t<p><strong>Czy pr\u00f3bowa\u0142e\u015b naszych herbat w pierwszej herbaciarni wellness w Czechach, kt\u00f3ra znajduje si\u0119 w naszym kompleksie wellness?<\/strong> Oferujemy do sprzeda\u017cy w praktycznym opakowaniu NA ODBIORU.<\/p><strong> p>Poinformuj si\u0119 podczas pobytu w recepcji i zabierz nasze herbaty w pi\u0119knych opakowaniach w prezencie z pobytu u nas. Aby podarowa\u0107 swoim bliskim, rodzinie, przyjacio\u0142om lub sobie, mo\u017cesz skorzysta\u0107 z promocji 4+1 GRATIS, kupuj\u0105c cztery herbaty i otrzymuj\u0105c pi\u0105t\u0105 gratis!<\/p>\n\t\t\t\t\t<\/div>\n\t\t\t\t\t\t<\/div>\n\t\t\t\t<\/div>\n\t\t\t\t\t<\/div>\n\t\t<\/div>\n\t\t\t\t\t<\/div>\n\t\t<\/section>\n\t\t\t\t<section class=\"elementor-section elementor-top-section elementor-element elementor-element-beecb7d elementor-section-boxed elementor-section-height-default elementor-section-height-default\" data-id=\"beecb7d\" data-element_type=\"section\">\n\t\t\t\t\t\t<div class=\"elementor-container elementor-column-gap-default\">\n\t\t\t\t\t<div class=\"elementor-column elementor-col-33 elementor-top-column elementor-element elementor-element-18f7323\" data-id=\"18f7323\" data-element_type=\"column\">\n\t\t\t<div class=\"elementor-widget-wrap elementor-element-populated\">\n\t\t\t\t\t\t<div class=\"elementor-element elementor-element-7d5bfe3 wd-width-100 elementor-widget elementor-widget-wd_title\" data-id=\"7d5bfe3\" data-element_type=\"widget\" data-widget_type=\"wd_title.default\">\n\t\t\t\t<div class=\"elementor-widget-container\">\n\t\t\t\t\t\t\t<div class=\"title-wrapper wd-set-mb reset-last-child wd-title-color-default wd-title-style-default wd-title-size-default text-left\">\n\n\t\t\t\t\t\t\t\t\t\t\t<div class=\"title-subtitle subtitle-color-default subtitle-style-default wd-fontsize-xs\">\n\t\t\t\t\tHERBATA NA D\u0141UGOTRWA\u0141E ZM\u0118CZENIE\t\t\t\t<\/div>\n\t\t\t\n\t\t\t<div class=\"liner-continer\">\n\t\t\t\t<h4 class=\"woodmart-title-container title wd-fontsize-l\">MIKSCJA CIA\u0141A I DUCHA<\/h4> \n\t\t\t\t\t\t\t<\/div>\n\n\t\t\t\t\t\t\t<div class=\"title-after_title reset-last-child wd-fontsize-xs\">\n\t\t\t\t\t<p>Je\u015bli przez d\u0142ugi czas czujesz si\u0119 wyczerpany i pusty, jak \u201ecia\u0142o bez ducha\u201d, ta mieszanka zi\u00f3\u0142 jest w\u0142a\u015bciwym wyborem.<\/p>\t\t\t\t<\/div>\n\t\t\t\t\t<\/div>\n\t\t\t\t\t\t<\/div>\n\t\t\t\t<\/div>\n\t\t\t\t<div class=\"elementor-element elementor-element-16f4598 elementor-widget elementor-widget-wd_text_block\" data-id=\"16f4598\" data-element_type=\"widget\" data-widget_type=\"wd_text_block.default\">\n\t\t\t\t<div class=\"elementor-widget-container\">\n\t\t\t\t\t\t\t<div class=\"wd-text-block reset-last-child text-left color-primary\">\n\t\t\t\n\t\t\t<p class=\"elementor-heading-title elementor-size-default\">sk\u0142adniki: wrzos, dobra wola, melisa, dzi\u0119giel<\/p>\n\t\t\t\t\t<\/div>\n\t\t\t\t\t\t<\/div>\n\t\t\t\t<\/div>\n\t\t\t\t\t<\/div>\n\t\t<\/div>\n\t\t\t\t<div class=\"elementor-column elementor-col-33 elementor-top-column elementor-element elementor-element-55b467e\" data-id=\"55b467e\" data-element_type=\"column\">\n\t\t\t<div class=\"elementor-widget-wrap elementor-element-populated\">\n\t\t\t\t\t\t<div class=\"elementor-element elementor-element-46436e4 wd-width-100 elementor-widget elementor-widget-wd_title\" data-id=\"46436e4\" data-element_type=\"widget\" data-widget_type=\"wd_title.default\">\n\t\t\t\t<div class=\"elementor-widget-container\">\n\t\t\t\t\t\t\t<div class=\"title-wrapper wd-set-mb reset-last-child wd-title-color-default wd-title-style-default wd-title-size-default text-left\">\n\n\t\t\t\t\t\t\t\t\t\t\t<div class=\"title-subtitle subtitle-color-default subtitle-style-default wd-fontsize-xs\">\n\t\t\t\t\tHERBATA WZMACNIAJ\u0104CA ORGANIZM\t\t\t\t<\/div>\n\t\t\t\n\t\t\t<div class=\"liner-continer\">\n\t\t\t\t<h4 class=\"woodmart-title-container title wd-fontsize-l\">mikstura mocy celt\u00f3w<\/h4> \n\t\t\t\t\t\t\t<\/div>\n\n\t\t\t\t\t\t\t<div class=\"title-after_title reset-last-child wd-fontsize-xs\">\n\t\t\t\t\t<p>Kiedy nasi przodkowie zabrak\u0142o si\u0142 na wiosn\u0119 lub po ci\u0119\u017ckiej pracy, si\u0119gn\u0119li po t\u0119 niesamowit\u0105 mieszank\u0119.<\/p>\t\t\t\t<\/div>\n\t\t\t\t\t<\/div>\n\t\t\t\t\t\t<\/div>\n\t\t\t\t<\/div>\n\t\t\t\t<div class=\"elementor-element elementor-element-e7ac4c8 elementor-widget elementor-widget-wd_text_block\" data-id=\"e7ac4c8\" data-element_type=\"widget\" data-widget_type=\"wd_text_block.default\">\n\t\t\t\t<div class=\"elementor-widget-container\">\n\t\t\t\t\t\t\t<div class=\"wd-text-block reset-last-child text-left color-primary\">\n\t\t\t\n\t\t\t<p class=\"elementor-heading-title elementor-size-default\">sk\u0142adniki: rokitnik, owoc jarz\u0119biny czarnej, owoc jarz\u0119biny czerwonej, jarz\u0119bina czarna bez owoc\u00f3w<\/p>\n\t\t\t\t\t<\/div>\n\t\t\t\t\t\t<\/div>\n\t\t\t\t<\/div>\n\t\t\t\t\t<\/div>\n\t\t<\/div>\n\t\t\t\t<div class=\"elementor-column elementor-col-33 elementor-top-column elementor-element elementor-element-d246293\" data-id=\"d246293\" data-element_type=\"column\">\n\t\t\t<div class=\"elementor-widget-wrap elementor-element-populated\">\n\t\t\t\t\t\t<div class=\"elementor-element elementor-element-29dc354 wd-width-100 elementor-widget elementor-widget-wd_title\" data-id=\"29dc354\" data-element_type=\"widget\" data-widget_type=\"wd_title.default\">\n\t\t\t\t<div class=\"elementor-widget-container\">\n\t\t\t\t\t\t\t<div class=\"title-wrapper wd-set-mb reset-last-child wd-title-color-default wd-title-style-default wd-title-size-default text-left\">\n\n\t\t\t\t\t\t\t\t\t\t\t<div class=\"title-subtitle subtitle-color-default subtitle-style-default wd-fontsize-xs\">\n\t\t\t\t\tHERBATA NA DOBRY SAMOCH\u00d3D\t\t\t\t<\/div>\n\t\t\t\n\t\t\t<div class=\"liner-continer\">\n\t\t\t\t<h4 class=\"woodmart-title-container title wd-fontsize-l\">MIKSCJA WESO\u0141EGO DRUIDA<\/h4> \n\t\t\t\t\t\t\t<\/div>\n\n\t\t\t\t\t\t\t<div class=\"title-after_title reset-last-child wd-fontsize-xs\">\n\t\t\t\t\t<p>Jak sama nazwa wskazuje, jest to herbata zach\u0119caj\u0105ca i wywo\u0142uj\u0105ca dobre samopoczucie i dobry nastr\u00f3j.<\/p>\t\t\t\t<\/div>\n\t\t\t\t\t<\/div>\n\t\t\t\t\t\t<\/div>\n\t\t\t\t<\/div>\n\t\t\t\t<div class=\"elementor-element elementor-element-46ecad5 elementor-widget elementor-widget-wd_text_block\" data-id=\"46ecad5\" data-element_type=\"widget\" data-widget_type=\"wd_text_block.default\">\n\t\t\t\t<div class=\"elementor-widget-container\">\n\t\t\t\t\t\t\t<div class=\"wd-text-block reset-last-child text-left color-primary\">\n\t\t\t\n\t\t\t<p class=\"elementor-heading-title elementor-size-default\">sk\u0142adniki: ziele dziurawca, dzi\u0119giel, melisa<\/p>\n\t\t\t\t\t<\/div>\n\t\t\t\t\t\t<\/div>\n\t\t\t\t<\/div>\n\t\t\t\t\t<\/div>\n\t\t<\/div>\n\t\t\t\t\t<\/div>\n\t\t<\/section>\n\t\t\t\t<section class=\"elementor-section elementor-top-section elementor-element elementor-element-9106c1b elementor-section-boxed elementor-section-height-default elementor-section-height-default\" data-id=\"9106c1b\" data-element_type=\"section\">\n\t\t\t\t\t\t<div class=\"elementor-container elementor-column-gap-default\">\n\t\t\t\t\t<div class=\"elementor-column elementor-col-33 elementor-top-column elementor-element elementor-element-be4890c\" data-id=\"be4890c\" data-element_type=\"column\">\n\t\t\t<div class=\"elementor-widget-wrap elementor-element-populated\">\n\t\t\t\t\t\t<div class=\"elementor-element elementor-element-3ee79a2 wd-width-100 elementor-widget elementor-widget-wd_title\" data-id=\"3ee79a2\" data-element_type=\"widget\" data-widget_type=\"wd_title.default\">\n\t\t\t\t<div class=\"elementor-widget-container\">\n\t\t\t\t\t\t\t<div class=\"title-wrapper wd-set-mb reset-last-child wd-title-color-default wd-title-style-default wd-title-size-default text-left\">\n\n\t\t\t\t\t\t\t\t\t\t\t<div class=\"title-subtitle subtitle-color-default subtitle-style-default wd-fontsize-xs\">\n\t\t\t\t\tHERBATA DLA PI\u0118KNA I WITALNO\u015aCI\t\t\t\t<\/div>\n\t\t\t\n\t\t\t<div class=\"liner-continer\">\n\t\t\t\t<h4 class=\"woodmart-title-container title wd-fontsize-l\">mikstura celtyckich kr\u00f3lowych<\/h4> \n\t\t\t\t\t\t\t<\/div>\n\n\t\t\t\t\t\t\t<div class=\"title-after_title reset-last-child wd-fontsize-xs\">\n\t\t\t\t\t<p>Wiele szlachetnych dziewcz\u0105t my\u0142o czajniczek tej w\u0142a\u015bnie herbaty przy \u0142\u00f3\u017cku, a ona doskonale wiedzia\u0142a, dlaczego. Kr\u00f3tko m\u00f3wi\u0105c, tylko niebieska krew nie gwarantowa\u0142a im zdrowia, witalno\u015bci i p\u0142odno\u015bci.<\/p>\t\t\t\t<\/div>\n\t\t\t\t\t<\/div>\n\t\t\t\t\t\t<\/div>\n\t\t\t\t<\/div>\n\t\t\t\t<div class=\"elementor-element elementor-element-f7b390e elementor-widget elementor-widget-wd_text_block\" data-id=\"f7b390e\" data-element_type=\"widget\" data-widget_type=\"wd_text_block.default\">\n\t\t\t\t<div class=\"elementor-widget-container\">\n\t\t\t\t\t\t\t<div class=\"wd-text-block reset-last-child text-left color-primary\">\n\t\t\t\n\t\t\t<p class=\"elementor-heading-title elementor-size-default\">sk\u0142adniki: krwawnik pospolity, krwawnik pospolity, ca\u0142a naw\u0142o\u0107<\/p>\n\t\t\t\t\t<\/div>\n\t\t\t\t\t\t<\/div>\n\t\t\t\t<\/div>\n\t\t\t\t\t<\/div>\n\t\t<\/div>\n\t\t\t\t<div class=\"elementor-column elementor-col-33 elementor-top-column elementor-element elementor-element-fcdd0c6\" data-id=\"fcdd0c6\" data-element_type=\"column\">\n\t\t\t<div class=\"elementor-widget-wrap elementor-element-populated\">\n\t\t\t\t\t\t<div class=\"elementor-element elementor-element-d18b83b wd-width-100 elementor-widget elementor-widget-wd_title\" data-id=\"d18b83b\" data-element_type=\"widget\" data-widget_type=\"wd_title.default\">\n\t\t\t\t<div class=\"elementor-widget-container\">\n\t\t\t\t\t\t\t<div class=\"title-wrapper wd-set-mb reset-last-child wd-title-color-default wd-title-style-default wd-title-size-default text-left\">\n\n\t\t\t\t\t\t\t\t\t\t\t<div class=\"title-subtitle subtitle-color-default subtitle-style-default wd-fontsize-xs\">\n\t\t\t\t\tHERBATA NA WZMOCNIENIE AKTYWNO\u015aCI M\u00d3ZGU\t\t\t\t<\/div>\n\t\t\t\n\t\t\t<div class=\"liner-continer\">\n\t\t\t\t<h4 class=\"woodmart-title-container title wd-fontsize-l\">mikstura pami\u0119ci druida<\/h4> \n\t\t\t\t\t\t\t<\/div>\n\n\t\t\t\t\t\t\t<div class=\"title-after_title reset-last-child wd-fontsize-xs\">\n\t\t\t\t\t<p>Aby druid lub uzdrowiciel zachowa\u0142 w pami\u0119ci wiele przepis\u00f3w w dawnych czasach, czasami musia\u0142 troch\u0119 sobie pom\u00f3c. I tak powsta\u0142a ta do\u015b\u0107 smaczna herbata.<\/p>\t\t\t\t<\/div>\n\t\t\t\t\t<\/div>\n\t\t\t\t\t\t<\/div>\n\t\t\t\t<\/div>\n\t\t\t\t<div class=\"elementor-element elementor-element-ccbb81c elementor-widget elementor-widget-wd_text_block\" data-id=\"ccbb81c\" data-element_type=\"widget\" data-widget_type=\"wd_text_block.default\">\n\t\t\t\t<div class=\"elementor-widget-container\">\n\t\t\t\t\t\t\t<div class=\"wd-text-block reset-last-child text-left color-primary\">\n\t\t\t\n\t\t\t<p class=\"elementor-heading-title elementor-size-default\">sk\u0142adniki: rozmaryn, mi\u0142orz\u0105b, \u015bwietlik<\/p>\n\t\t\t\t\t<\/div>\n\t\t\t\t\t\t<\/div>\n\t\t\t\t<\/div>\n\t\t\t\t\t<\/div>\n\t\t<\/div>\n\t\t\t\t<div class=\"elementor-column elementor-col-33 elementor-top-column elementor-element elementor-element-d5db899\" data-id=\"d5db899\" data-element_type=\"column\">\n\t\t\t<div class=\"elementor-widget-wrap elementor-element-populated\">\n\t\t\t\t\t\t<div class=\"elementor-element elementor-element-e3965df wd-width-100 elementor-widget elementor-widget-wd_title\" data-id=\"e3965df\" data-element_type=\"widget\" data-widget_type=\"wd_title.default\">\n\t\t\t\t<div class=\"elementor-widget-container\">\n\t\t\t\t\t\t\t<div class=\"title-wrapper wd-set-mb reset-last-child wd-title-color-default wd-title-style-default wd-title-size-default text-left\">\n\n\t\t\t\t\t\t\t\t\t\t\t<div class=\"title-subtitle subtitle-color-default subtitle-style-default wd-fontsize-xs\">\n\t\t\t\t\tHERBATA WZMACNIAJ\u0104CA ZDROWIE\t\t\t\t<\/div>\n\t\t\t\n\t\t\t<div class=\"liner-continer\">\n\t\t\t\t<h4 class=\"woodmart-title-container title wd-fontsize-l\">SMOCZY ODDECH<\/h4> \n\t\t\t\t\t\t\t<\/div>\n\n\t\t\t\t\t\t\t<div class=\"title-after_title reset-last-child wd-fontsize-xs\">\n\t\t\t\t\t<p>Bardzo pyszna herbata staro\u017cytnych przodk\u00f3w, kt\u00f3ra rozgrzewa i wzmacnia zdrowie w zimne i suche dni.<\/p>\t\t\t\t<\/div>\n\t\t\t\t\t<\/div>\n\t\t\t\t\t\t<\/div>\n\t\t\t\t<\/div>\n\t\t\t\t<div class=\"elementor-element elementor-element-2400c62 elementor-widget elementor-widget-wd_text_block\" data-id=\"2400c62\" data-element_type=\"widget\" data-widget_type=\"wd_text_block.default\">\n\t\t\t\t<div class=\"elementor-widget-container\">\n\t\t\t\t\t\t\t<div class=\"wd-text-block reset-last-child text-left color-primary\">\n\t\t\t\n\t\t\t<p class=\"elementor-heading-title elementor-size-default\">sk\u0142adniki: ja\u015bmin, owoce czarnej porzeczki, drzewo pomara\u0144czowe, imbir<\/p>\n\t\t\t\t\t<\/div>\n\t\t\t\t\t\t<\/div>\n\t\t\t\t<\/div>\n\t\t\t\t\t<\/div>\n\t\t<\/div>\n\t\t\t\t\t<\/div>\n\t\t<\/section>\n\t\t\t\t<\/div>\n\t\t","protected":false},"excerpt":{"rendered":"<p>podstawowe informacje Oferujemy nie tylko zakwaterowanie, ale tak\u017ce wysokiej jako\u015bci sen. Znajdziesz tu surow\u0105, a jednocze\u015bnie romantyczn\u0105 przyrod\u0119, wyj\u0105tkowo czyste<\/p>\n","protected":false},"author":1,"featured_media":0,"parent":0,"menu_order":0,"comment_status":"closed","ping_status":"closed","template":"","meta":{"footnotes":""},"class_list":["post-14026","page","type-page","status-publish","hentry"],"_links":{"self":[{"href":"https:\/\/kolstejn.cz\/pl\/wp-json\/wp\/v2\/pages\/14026","targetHints":{"allow":["GET"]}}],"collection":[{"href":"https:\/\/kolstejn.cz\/pl\/wp-json\/wp\/v2\/pages"}],"about":[{"href":"https:\/\/kolstejn.cz\/pl\/wp-json\/wp\/v2\/types\/page"}],"author":[{"embeddable":true,"href":"https:\/\/kolstejn.cz\/pl\/wp-json\/wp\/v2\/users\/1"}],"replies":[{"embeddable":true,"href":"https:\/\/kolstejn.cz\/pl\/wp-json\/wp\/v2\/comments?post=14026"}],"version-history":[{"count":0,"href":"https:\/\/kolstejn.cz\/pl\/wp-json\/wp\/v2\/pages\/14026\/revisions"}],"wp:attachment":[{"href":"https:\/\/kolstejn.cz\/pl\/wp-json\/wp\/v2\/media?parent=14026"}],"curies":[{"name":"wp","href":"https:\/\/api.w.org\/{rel}","templated":true}]}}