{"id":14032,"date":"2022-07-13T19:44:09","date_gmt":"2022-07-13T17:44:09","guid":{"rendered":"https:\/\/kolstejn.cz\/kapiele-piwne-i-ziolowe\/"},"modified":"2022-07-19T16:13:57","modified_gmt":"2022-07-19T14:13:57","slug":"kapiele-piwne-i-ziolowe","status":"publish","type":"page","link":"https:\/\/kolstejn.cz\/pl\/kapiele-piwne-i-ziolowe\/","title":{"rendered":"K\u0105piele piwne i zio\u0142owe"},"content":{"rendered":"\t\t<div data-elementor-type=\"wp-page\" data-elementor-id=\"14032\" class=\"elementor elementor-14032 elementor-38\" data-elementor-post-type=\"page\">\n\t\t\t\t\t\t<section class=\"elementor-section elementor-top-section elementor-element elementor-element-4cd906ea elementor-section-boxed elementor-section-height-default elementor-section-height-default\" data-id=\"4cd906ea\" data-element_type=\"section\">\n\t\t\t\t\t\t<div class=\"elementor-container elementor-column-gap-default\">\n\t\t\t\t\t<div class=\"elementor-column elementor-col-100 elementor-top-column elementor-element elementor-element-53b0542\" data-id=\"53b0542\" data-element_type=\"column\">\n\t\t\t<div class=\"elementor-widget-wrap elementor-element-populated\">\n\t\t\t\t\t\t<div class=\"elementor-element elementor-element-62cea0ad elementor-widget__width-auto elementor-widget elementor-widget-wd_button\" data-id=\"62cea0ad\" data-element_type=\"widget\" data-widget_type=\"wd_button.default\">\n\t\t\t\t<div class=\"elementor-widget-container\">\n\t\t\t\t\t\t\t<div class=\"wd-button-wrapper text-center wd-smooth-scroll\"  data-smooth-time=\"100\" data-smooth-offset=\"100\">\n\t\t\t<a class=\"btn btn-style-default btn-shape-rectangle btn-size-large btn-color-primary btn-icon-pos-right\"  href=\"#cennik\">\n\t\t\t\t<span class=\"wd-btn-text\" data-elementor-setting-key=\"text\">\n\t\t\t\t\tzobacz cennik\t\t\t\t<\/span>\n\n\t\t\t\t\t\t\t<\/a>\n\t\t<\/div>\n\t\t\t\t\t\t<\/div>\n\t\t\t\t<\/div>\n\t\t\t\t\t<\/div>\n\t\t<\/div>\n\t\t\t\t\t<\/div>\n\t\t<\/section>\n\t\t\t\t<section class=\"elementor-section elementor-top-section elementor-element elementor-element-103399d1 elementor-section-stretched elementor-section-boxed elementor-section-height-default elementor-section-height-default elementor-invisible\" data-id=\"103399d1\" data-element_type=\"section\" data-settings=\"{&quot;stretch_section&quot;:&quot;section-stretched&quot;,&quot;background_background&quot;:&quot;classic&quot;,&quot;animation&quot;:&quot;fadeIn&quot;}\">\n\t\t\t\t\t\t<div class=\"elementor-container elementor-column-gap-default\">\n\t\t\t\t\t<div class=\"elementor-column elementor-col-100 elementor-top-column elementor-element elementor-element-66bfbe04\" data-id=\"66bfbe04\" data-element_type=\"column\">\n\t\t\t<div class=\"elementor-widget-wrap elementor-element-populated\">\n\t\t\t\t\t\t<section class=\"elementor-section elementor-inner-section elementor-element elementor-element-369058cb elementor-section-boxed elementor-section-height-default elementor-section-height-default\" data-id=\"369058cb\" data-element_type=\"section\">\n\t\t\t\t\t\t<div class=\"elementor-container elementor-column-gap-default\">\n\t\t\t\t\t<div class=\"elementor-column elementor-col-50 elementor-inner-column elementor-element elementor-element-75e25a3d\" data-id=\"75e25a3d\" data-element_type=\"column\" data-settings=\"{&quot;background_background&quot;:&quot;classic&quot;}\">\n\t\t\t<div class=\"elementor-widget-wrap elementor-element-populated\">\n\t\t\t\t\t\t<div class=\"elementor-element elementor-element-32bb7144 wd-width-100 elementor-widget elementor-widget-wd_title\" data-id=\"32bb7144\" data-element_type=\"widget\" data-widget_type=\"wd_title.default\">\n\t\t\t\t<div class=\"elementor-widget-container\">\n\t\t\t\t\t\t\t<div class=\"title-wrapper wd-set-mb reset-last-child wd-title-color-primary wd-title-style-underlined-2 wd-title-size-default text-center\">\n\n\t\t\t\n\t\t\t<div class=\"liner-continer\">\n\t\t\t\t<h4 class=\"woodmart-title-container title wd-fontsize-l\">podstawowe informacje<\/h4> \n\t\t\t\t\t\t\t<\/div>\n\n\t\t\t\t\t<\/div>\n\t\t\t\t\t\t<\/div>\n\t\t\t\t<\/div>\n\t\t\t\t<div class=\"elementor-element elementor-element-33776623 elementor-widget elementor-widget-wd_text_block\" data-id=\"33776623\" data-element_type=\"widget\" data-widget_type=\"wd_text_block.default\">\n\t\t\t\t<div class=\"elementor-widget-container\">\n\t\t\t\t\t\t\t<div class=\"wd-text-block reset-last-child text-center\">\n\t\t\t\n\t\t\t<p>Oferujemy nie tylko zakwaterowanie, ale tak\u017ce wysokiej jako\u015bci sen. Znajdziesz tu surow\u0105, a jednocze\u015bnie romantyczn\u0105 przyrod\u0119, wyj\u0105tkowo czyste powietrze, spok\u00f3j, kreatywno\u015b\u0107 mieszka\u0144c\u00f3w i szeroki wachlarz us\u0142ug. Witamy w Jesionikach, w regionie d\u0142ugich, zaokr\u0105glonych grzbiet\u00f3w, g\u0142\u0119bokich dolin rzecznych, kt\u00f3re przecinaj\u0105 zalesione zbocza.<\/p>\n\t\t\t\t\t<\/div>\n\t\t\t\t\t\t<\/div>\n\t\t\t\t<\/div>\n\t\t\t\t\t<\/div>\n\t\t<\/div>\n\t\t\t\t<div class=\"elementor-column elementor-col-50 elementor-inner-column elementor-element elementor-element-33b0023c\" data-id=\"33b0023c\" data-element_type=\"column\">\n\t\t\t<div class=\"elementor-widget-wrap elementor-element-populated\">\n\t\t\t\t\t\t<div class=\"elementor-element elementor-element-17a98e4e elementor-widget elementor-widget-wd_image_or_svg\" data-id=\"17a98e4e\" data-element_type=\"widget\" data-widget_type=\"wd_image_or_svg.default\">\n\t\t\t\t<div class=\"elementor-widget-container\">\n\t\t\t\t\t\n\t\t<div class=\"wd-image text-left\">\n\t\t\t\t\t\t\t\t\t\t\t\t\t<\/div>\n\n\t\t\t\t\t\t<\/div>\n\t\t\t\t<\/div>\n\t\t\t\t\t<\/div>\n\t\t<\/div>\n\t\t\t\t\t<\/div>\n\t\t<\/section>\n\t\t\t\t\t<\/div>\n\t\t<\/div>\n\t\t\t\t\t<\/div>\n\t\t<\/section>\n\t\t\t\t<section class=\"elementor-section elementor-top-section elementor-element elementor-element-8569e91 elementor-section-boxed elementor-section-height-default elementor-section-height-default\" data-id=\"8569e91\" data-element_type=\"section\">\n\t\t\t\t\t\t<div class=\"elementor-container elementor-column-gap-default\">\n\t\t\t\t\t<div class=\"elementor-column elementor-col-100 elementor-top-column elementor-element elementor-element-8c8ae9d\" data-id=\"8c8ae9d\" data-element_type=\"column\">\n\t\t\t<div class=\"elementor-widget-wrap elementor-element-populated\">\n\t\t\t\t\t\t<div class=\"elementor-element elementor-element-ae77f30 wd-width-100 elementor-widget elementor-widget-wd_images_gallery\" data-id=\"ae77f30\" data-element_type=\"widget\" data-widget_type=\"wd_images_gallery.default\">\n\t\t\t\t<div class=\"elementor-widget-container\">\n\t\t\t\t\t\t\t<div class=\"wd-images-gallery photoswipe-images\" style=\"--wd-align-items:center; --wd-justify-content:center;\">\n\t\t\t\t\t\t<div class=\"wd-grid-g\" style=\"--wd-col-lg:3;--wd-col-md:3;--wd-col-sm:1;--wd-gap-lg:20px;--wd-gap-sm:10px;\" >\n\t\t\t\t\t\t\t\t\t\t\t\t\t\t\t\t\t\t<div class=\"wd-gallery-item wd-col\">\n\t\t\t\t\t\t\t\t\t\t\t\t\t<a  href=\"https:\/\/kolstejn.cz\/wp-content\/uploads\/2022\/07\/IMG_4868-min-scaled-1.jpg\" data-width=\"1200\" data-height=\"900\" data-index=\"1\" data-elementor-open-lightbox=\"no\">\n\t\t\t\t\t\t\n\t\t\t\t\t\t<img loading=\"lazy\" decoding=\"async\" width=\"500\" height=\"500\" src=\"https:\/\/kolstejn.cz\/wp-content\/uploads\/2022\/07\/IMG_4868-min-scaled-1-500x500.jpg\" class=\"attachment-500x500 size-500x500\" alt=\"Hotel Kol\u0161tejn \u2014 fotografie z galerie\" srcset=\"https:\/\/kolstejn.cz\/wp-content\/uploads\/2022\/07\/IMG_4868-min-scaled-1-500x500.jpg 500w, https:\/\/kolstejn.cz\/wp-content\/uploads\/2022\/07\/IMG_4868-min-scaled-1-150x150.jpg 150w\" sizes=\"auto, (max-width: 500px) 100vw, 500px\" \/>\n\t\t\t\t\t\t\t\t\t\t\t\t\t<\/a>\n\t\t\t\t\t\t\t\t\t\t\t<\/div>\n\t\t\t\t\t\t\t\t\t\t\t\t\t\t\t<div class=\"wd-gallery-item wd-col\">\n\t\t\t\t\t\t\t\t\t\t\t\t\t<a  href=\"https:\/\/kolstejn.cz\/wp-content\/uploads\/2022\/07\/IMG_4869-min-scaled-1.jpg\" data-width=\"1200\" data-height=\"900\" data-index=\"2\" data-elementor-open-lightbox=\"no\">\n\t\t\t\t\t\t\n\t\t\t\t\t\t<img loading=\"lazy\" decoding=\"async\" width=\"500\" height=\"500\" src=\"https:\/\/kolstejn.cz\/wp-content\/uploads\/2022\/07\/IMG_4869-min-scaled-1-500x500.jpg\" class=\"attachment-500x500 size-500x500\" alt=\"Hotel Kol\u0161tejn \u2014 fotografie z galerie\" srcset=\"https:\/\/kolstejn.cz\/wp-content\/uploads\/2022\/07\/IMG_4869-min-scaled-1-500x500.jpg 500w, https:\/\/kolstejn.cz\/wp-content\/uploads\/2022\/07\/IMG_4869-min-scaled-1-150x150.jpg 150w\" sizes=\"auto, (max-width: 500px) 100vw, 500px\" \/>\n\t\t\t\t\t\t\t\t\t\t\t\t\t<\/a>\n\t\t\t\t\t\t\t\t\t\t\t<\/div>\n\t\t\t\t\t\t\t\t\t\t\t\t\t\t\t<div class=\"wd-gallery-item wd-col\">\n\t\t\t\t\t\t\t\t\t\t\t\t\t<a  href=\"https:\/\/kolstejn.cz\/wp-content\/uploads\/2022\/07\/IMG_4870-min-scaled-1.jpg\" data-width=\"1200\" data-height=\"900\" data-index=\"3\" data-elementor-open-lightbox=\"no\">\n\t\t\t\t\t\t\n\t\t\t\t\t\t<img loading=\"lazy\" decoding=\"async\" width=\"500\" height=\"500\" src=\"https:\/\/kolstejn.cz\/wp-content\/uploads\/2022\/07\/IMG_4870-min-scaled-1-500x500.jpg\" class=\"attachment-500x500 size-500x500\" alt=\"Hotel Kol\u0161tejn \u2014 fotografie z galerie\" srcset=\"https:\/\/kolstejn.cz\/wp-content\/uploads\/2022\/07\/IMG_4870-min-scaled-1-500x500.jpg 500w, https:\/\/kolstejn.cz\/wp-content\/uploads\/2022\/07\/IMG_4870-min-scaled-1-150x150.jpg 150w\" sizes=\"auto, (max-width: 500px) 100vw, 500px\" \/>\n\t\t\t\t\t\t\t\t\t\t\t\t\t<\/a>\n\t\t\t\t\t\t\t\t\t\t\t<\/div>\n\t\t\t\t\t\t\t\t\t\t\t\t\t\t\t<div class=\"wd-gallery-item wd-col\">\n\t\t\t\t\t\t\t\t\t\t\t\t\t<a  href=\"https:\/\/kolstejn.cz\/wp-content\/uploads\/2022\/07\/IMG_4871-min-scaled-1.jpg\" data-width=\"675\" data-height=\"900\" data-index=\"4\" data-elementor-open-lightbox=\"no\">\n\t\t\t\t\t\t\n\t\t\t\t\t\t<img loading=\"lazy\" decoding=\"async\" width=\"500\" height=\"500\" src=\"https:\/\/kolstejn.cz\/wp-content\/uploads\/2022\/07\/IMG_4871-min-scaled-1-500x500.jpg\" class=\"attachment-500x500 size-500x500\" alt=\"Hotel Kol\u0161tejn \u2014 fotografie z galerie\" srcset=\"https:\/\/kolstejn.cz\/wp-content\/uploads\/2022\/07\/IMG_4871-min-scaled-1-500x500.jpg 500w, https:\/\/kolstejn.cz\/wp-content\/uploads\/2022\/07\/IMG_4871-min-scaled-1-150x150.jpg 150w\" sizes=\"auto, (max-width: 500px) 100vw, 500px\" \/>\n\t\t\t\t\t\t\t\t\t\t\t\t\t<\/a>\n\t\t\t\t\t\t\t\t\t\t\t<\/div>\n\t\t\t\t\t\t\t\t\t\t\t\t\t\t\t\t\t\t\t\t\t\t\t<\/div>\n\t\t\t\t\t<\/div>\n\t\t\t\t\t\t<\/div>\n\t\t\t\t<\/div>\n\t\t\t\t\t<\/div>\n\t\t<\/div>\n\t\t\t\t\t<\/div>\n\t\t<\/section>\n\t\t\t\t<section class=\"elementor-section elementor-top-section elementor-element elementor-element-5309a63 elementor-section-boxed elementor-section-height-default elementor-section-height-default\" data-id=\"5309a63\" data-element_type=\"section\" id=\"cenik\">\n\t\t\t\t\t\t<div class=\"elementor-container elementor-column-gap-default\">\n\t\t\t\t\t<div class=\"elementor-column elementor-col-50 elementor-top-column elementor-element elementor-element-66af83d\" data-id=\"66af83d\" data-element_type=\"column\">\n\t\t\t<div class=\"elementor-widget-wrap elementor-element-populated\">\n\t\t\t\t\t\t<div class=\"elementor-element elementor-element-38dba19 wd-width-100 elementor-widget elementor-widget-wd_title\" data-id=\"38dba19\" data-element_type=\"widget\" data-widget_type=\"wd_title.default\">\n\t\t\t\t<div class=\"elementor-widget-container\">\n\t\t\t\t\t\t\t<div class=\"title-wrapper wd-set-mb reset-last-child wd-title-color-default wd-title-style-default wd-title-size-default text-left\">\n\n\t\t\t\n\t\t\t<div class=\"liner-continer\">\n\t\t\t\t<h4 class=\"woodmart-title-container title wd-fontsize-l\">ORYGINALNA K\u0104PIEL PIWNA<\/h4> \n\t\t\t\t\t\t\t<\/div>\n\n\t\t\t\t\t\t\t<div class=\"title-after_title reset-last-child wd-fontsize-xs\">\n\t\t\t\t\t<p><strong>Sk\u0142adniki<\/strong>: domowe piwo produkowane tradycyjn\u0105 metod\u0105, \u017cywe kultury dro\u017cd\u017cy piwowarskich, s\u0142\u00f3d i mi\u00f3d<\/p> <\/ div><p><strong>Czas trwania:<\/strong> 60 minut (20 minut k\u0105pieli, 20 minut masa\u017cu plec\u00f3w i karku z ekstraktem z chmielu, 20 minut relaksu i dzban piwa z Kol\u0161tejn Minipivovar)<\/p>\t\t\t\t<\/div>\n\t\t\t\t\t<\/div>\n\t\t\t\t\t\t<\/div>\n\t\t\t\t<\/div>\n\t\t\t\t<div class=\"elementor-element elementor-element-0f96ae0 elementor-widget elementor-widget-wd_text_block\" data-id=\"0f96ae0\" data-element_type=\"widget\" data-widget_type=\"wd_text_block.default\">\n\t\t\t\t<div class=\"elementor-widget-container\">\n\t\t\t\t\t\t\t<div class=\"wd-text-block reset-last-child text-left color-primary\">\n\t\t\t\n\t\t\t<p class=\"elementor-heading-title elementor-size-default\">CENA 1100 CZK\/OSOBA\/K\u0104PIEL<\/p>\n\t\t\t\t\t<\/div>\n\t\t\t\t\t\t<\/div>\n\t\t\t\t<\/div>\n\t\t\t\t\t<\/div>\n\t\t<\/div>\n\t\t\t\t<div class=\"elementor-column elementor-col-50 elementor-top-column elementor-element elementor-element-ef1685b\" data-id=\"ef1685b\" data-element_type=\"column\">\n\t\t\t<div class=\"elementor-widget-wrap elementor-element-populated\">\n\t\t\t\t\t\t<div class=\"elementor-element elementor-element-40d7e95 wd-width-100 elementor-widget elementor-widget-wd_title\" data-id=\"40d7e95\" data-element_type=\"widget\" data-widget_type=\"wd_title.default\">\n\t\t\t\t<div class=\"elementor-widget-container\">\n\t\t\t\t\t\t\t<div class=\"title-wrapper wd-set-mb reset-last-child wd-title-color-default wd-title-style-default wd-title-size-default text-left\">\n\n\t\t\t\n\t\t\t<div class=\"liner-continer\">\n\t\t\t\t<h4 class=\"woodmart-title-container title wd-fontsize-l\">NATURALNA K\u0104PIEL<\/h4> \n\t\t\t\t\t\t\t<\/div>\n\n\t\t\t\t\t\t\t<div class=\"title-after_title reset-last-child wd-fontsize-xs\">\n\t\t\t\t\t<p>K\u0105piel z u\u017cyciem soli morskiej, soli r\u00f3\u017cowej, gliny lub torfu<\/p>\t\t\t\t<\/div>\n\t\t\t\t\t<\/div>\n\t\t\t\t\t\t<\/div>\n\t\t\t\t<\/div>\n\t\t\t\t<div class=\"elementor-element elementor-element-ba7fdc1 elementor-widget elementor-widget-wd_text_block\" data-id=\"ba7fdc1\" data-element_type=\"widget\" data-widget_type=\"wd_text_block.default\">\n\t\t\t\t<div class=\"elementor-widget-container\">\n\t\t\t\t\t\t\t<div class=\"wd-text-block reset-last-child text-left color-primary\">\n\t\t\t\n\t\t\t<p class=\"elementor-heading-title elementor-size-default\">CENA 520 CZK\/25 MIN<\/p>\n\t\t\t\t\t<\/div>\n\t\t\t\t\t\t<\/div>\n\t\t\t\t<\/div>\n\t\t\t\t<div class=\"elementor-element elementor-element-3927620 wd-width-100 elementor-widget elementor-widget-wd_title\" data-id=\"3927620\" data-element_type=\"widget\" data-widget_type=\"wd_title.default\">\n\t\t\t\t<div class=\"elementor-widget-container\">\n\t\t\t\t\t\t\t<div class=\"title-wrapper wd-set-mb reset-last-child wd-title-color-default wd-title-style-default wd-title-size-default text-left\">\n\n\t\t\t\n\t\t\t<div class=\"liner-continer\">\n\t\t\t\t<h4 class=\"woodmart-title-container title wd-fontsize-l\">NATURALNA K\u0104PIEL Z MASA\u017bEM WOREK ZIO\u0141OWY<\/h4> \n\t\t\t\t\t\t\t<\/div>\n\n\t\t\t\t\t\t\t<div class=\"title-after_title reset-last-child wd-fontsize-xs\">\n\t\t\t\t\t<p>15 min k\u0105piel (s\u00f3l morska, r\u00f3\u017cowa s\u00f3l, glinka lub torf), 5 min relaks, 30 min masa\u017c torebkami zio\u0142owymi<\/p> \t\t\t\t<\/div>\n\t\t\t\t\t<\/div>\n\t\t\t\t\t\t<\/div>\n\t\t\t\t<\/div>\n\t\t\t\t<div class=\"elementor-element elementor-element-04bc20a elementor-widget elementor-widget-wd_text_block\" data-id=\"04bc20a\" data-element_type=\"widget\" data-widget_type=\"wd_text_block.default\">\n\t\t\t\t<div class=\"elementor-widget-container\">\n\t\t\t\t\t\t\t<div class=\"wd-text-block reset-last-child text-left color-primary\">\n\t\t\t\n\t\t\t<p class=\"elementor-heading-title elementor-size-default\">CENA 1 050 CZK\/ 50 MIN<\/p>\n\t\t\t\t\t<\/div>\n\t\t\t\t\t\t<\/div>\n\t\t\t\t<\/div>\n\t\t\t\t\t<\/div>\n\t\t<\/div>\n\t\t\t\t\t<\/div>\n\t\t<\/section>\n\t\t\t\t<\/div>\n\t\t","protected":false},"excerpt":{"rendered":"<p>zobacz cennik podstawowe informacje Oferujemy nie tylko zakwaterowanie, ale tak\u017ce wysokiej jako\u015bci sen. Znajdziesz tu surow\u0105, a jednocze\u015bnie romantyczn\u0105 przyrod\u0119,<\/p>\n","protected":false},"author":1,"featured_media":0,"parent":0,"menu_order":0,"comment_status":"closed","ping_status":"closed","template":"","meta":{"footnotes":""},"class_list":["post-14032","page","type-page","status-publish","hentry"],"_links":{"self":[{"href":"https:\/\/kolstejn.cz\/pl\/wp-json\/wp\/v2\/pages\/14032","targetHints":{"allow":["GET"]}}],"collection":[{"href":"https:\/\/kolstejn.cz\/pl\/wp-json\/wp\/v2\/pages"}],"about":[{"href":"https:\/\/kolstejn.cz\/pl\/wp-json\/wp\/v2\/types\/page"}],"author":[{"embeddable":true,"href":"https:\/\/kolstejn.cz\/pl\/wp-json\/wp\/v2\/users\/1"}],"replies":[{"embeddable":true,"href":"https:\/\/kolstejn.cz\/pl\/wp-json\/wp\/v2\/comments?post=14032"}],"version-history":[{"count":0,"href":"https:\/\/kolstejn.cz\/pl\/wp-json\/wp\/v2\/pages\/14032\/revisions"}],"wp:attachment":[{"href":"https:\/\/kolstejn.cz\/pl\/wp-json\/wp\/v2\/media?parent=14032"}],"curies":[{"name":"wp","href":"https:\/\/api.w.org\/{rel}","templated":true}]}}