{"id":14036,"date":"2022-07-13T19:43:26","date_gmt":"2022-07-13T17:43:26","guid":{"rendered":"https:\/\/kolstejn.cz\/ceremonie-saunowe\/"},"modified":"2022-07-19T16:09:04","modified_gmt":"2022-07-19T14:09:04","slug":"ceremonie-saunowe","status":"publish","type":"page","link":"https:\/\/kolstejn.cz\/pl\/ceremonie-saunowe\/","title":{"rendered":"Ceremonie saunowe"},"content":{"rendered":"\t\t<div data-elementor-type=\"wp-page\" data-elementor-id=\"14036\" class=\"elementor elementor-14036 elementor-34\" data-elementor-post-type=\"page\">\n\t\t\t\t\t\t<section class=\"elementor-section elementor-top-section elementor-element elementor-element-5be3e198 elementor-section-boxed elementor-section-height-default elementor-section-height-default\" data-id=\"5be3e198\" data-element_type=\"section\">\n\t\t\t\t\t\t<div class=\"elementor-container elementor-column-gap-default\">\n\t\t\t\t\t<div class=\"elementor-column elementor-col-100 elementor-top-column elementor-element elementor-element-f4420df\" data-id=\"f4420df\" data-element_type=\"column\">\n\t\t\t<div class=\"elementor-widget-wrap elementor-element-populated\">\n\t\t\t\t\t\t<div class=\"elementor-element elementor-element-27122d9 wd-width-100 elementor-widget elementor-widget-wd_title\" data-id=\"27122d9\" data-element_type=\"widget\" data-widget_type=\"wd_title.default\">\n\t\t\t\t<div class=\"elementor-widget-container\">\n\t\t\t\t\t\t\t<div class=\"title-wrapper wd-set-mb reset-last-child wd-title-color-default wd-title-style-default wd-title-size-default text-center\">\n\n\t\t\t\n\t\t\t<div class=\"liner-continer\">\n\t\t\t\t<h4 class=\"woodmart-title-container title wd-fontsize-l\">DODATKOWA DOP\u0141ATA ZA WEJ\u015aCIE DO WELLNESS 150 CZK \/ OSOBA<\/h4> \n\t\t\t\t\t\t\t<\/div>\n\n\t\t\t\t\t<\/div>\n\t\t\t\t\t\t<\/div>\n\t\t\t\t<\/div>\n\t\t\t\t\t<\/div>\n\t\t<\/div>\n\t\t\t\t\t<\/div>\n\t\t<\/section>\n\t\t\t\t<section class=\"elementor-section elementor-top-section elementor-element elementor-element-18fe6f13 elementor-section-stretched animated-fast elementor-section-boxed elementor-section-height-default elementor-section-height-default elementor-invisible\" data-id=\"18fe6f13\" data-element_type=\"section\" data-settings=\"{&quot;stretch_section&quot;:&quot;section-stretched&quot;,&quot;background_background&quot;:&quot;classic&quot;,&quot;animation&quot;:&quot;fadeIn&quot;}\">\n\t\t\t\t\t\t<div class=\"elementor-container elementor-column-gap-default\">\n\t\t\t\t\t<div class=\"elementor-column elementor-col-100 elementor-top-column elementor-element elementor-element-5ee89652\" data-id=\"5ee89652\" data-element_type=\"column\">\n\t\t\t<div class=\"elementor-widget-wrap elementor-element-populated\">\n\t\t\t\t\t\t<section class=\"elementor-section elementor-inner-section elementor-element elementor-element-4d890e39 elementor-section-boxed elementor-section-height-default elementor-section-height-default\" data-id=\"4d890e39\" data-element_type=\"section\">\n\t\t\t\t\t\t<div class=\"elementor-container elementor-column-gap-default\">\n\t\t\t\t\t<div class=\"elementor-column elementor-col-50 elementor-inner-column elementor-element elementor-element-4120654\" data-id=\"4120654\" data-element_type=\"column\" data-settings=\"{&quot;background_background&quot;:&quot;classic&quot;}\">\n\t\t\t<div class=\"elementor-widget-wrap elementor-element-populated\">\n\t\t\t\t\t\t<div class=\"elementor-element elementor-element-7430cc56 wd-width-100 elementor-widget elementor-widget-wd_title\" data-id=\"7430cc56\" data-element_type=\"widget\" data-widget_type=\"wd_title.default\">\n\t\t\t\t<div class=\"elementor-widget-container\">\n\t\t\t\t\t\t\t<div class=\"title-wrapper wd-set-mb reset-last-child wd-title-color-primary wd-title-style-underlined-2 wd-title-size-default text-center\">\n\n\t\t\t\n\t\t\t<div class=\"liner-continer\">\n\t\t\t\t<h4 class=\"woodmart-title-container title wd-fontsize-l\">podstawowe informacje<\/h4> \n\t\t\t\t\t\t\t<\/div>\n\n\t\t\t\t\t<\/div>\n\t\t\t\t\t\t<\/div>\n\t\t\t\t<\/div>\n\t\t\t\t<div class=\"elementor-element elementor-element-209293c3 elementor-widget elementor-widget-wd_text_block\" data-id=\"209293c3\" data-element_type=\"widget\" data-widget_type=\"wd_text_block.default\">\n\t\t\t\t<div class=\"elementor-widget-container\">\n\t\t\t\t\t\t\t<div class=\"wd-text-block reset-last-child text-center\">\n\t\t\t\n\t\t\t<p>Prze\u017cyj ceremonie saunowe w Brann\u00e1. Jeste\u015bmy gotowi zaoferowa\u0107 Ci niesamowite wra\u017cenia z prawdziwej sauny!<\/p>\n\t\t\t\t\t<\/div>\n\t\t\t\t\t\t<\/div>\n\t\t\t\t<\/div>\n\t\t\t\t\t<\/div>\n\t\t<\/div>\n\t\t\t\t<div class=\"elementor-column elementor-col-50 elementor-inner-column elementor-element elementor-element-5dc82a13\" data-id=\"5dc82a13\" data-element_type=\"column\">\n\t\t\t<div class=\"elementor-widget-wrap elementor-element-populated\">\n\t\t\t\t\t\t<div class=\"elementor-element elementor-element-53ff3921 elementor-widget elementor-widget-wd_image_or_svg\" data-id=\"53ff3921\" data-element_type=\"widget\" data-widget_type=\"wd_image_or_svg.default\">\n\t\t\t\t<div class=\"elementor-widget-container\">\n\t\t\t\t\t\n\t\t<div class=\"wd-image text-left\">\n\t\t\t\t\t\t\t\t\t\t\t\t\t<\/div>\n\n\t\t\t\t\t\t<\/div>\n\t\t\t\t<\/div>\n\t\t\t\t\t<\/div>\n\t\t<\/div>\n\t\t\t\t\t<\/div>\n\t\t<\/section>\n\t\t\t\t<section class=\"elementor-section elementor-inner-section elementor-element elementor-element-3df0d0b4 elementor-reverse-mobile elementor-section-boxed elementor-section-height-default elementor-section-height-default\" data-id=\"3df0d0b4\" data-element_type=\"section\">\n\t\t\t\t\t\t<div class=\"elementor-container elementor-column-gap-default\">\n\t\t\t\t\t<div class=\"elementor-column elementor-col-50 elementor-inner-column elementor-element elementor-element-f98aad6\" data-id=\"f98aad6\" data-element_type=\"column\">\n\t\t\t<div class=\"elementor-widget-wrap elementor-element-populated\">\n\t\t\t\t\t\t<div class=\"elementor-element elementor-element-34ee5a91 elementor-widget elementor-widget-wd_image_or_svg\" data-id=\"34ee5a91\" data-element_type=\"widget\" data-widget_type=\"wd_image_or_svg.default\">\n\t\t\t\t<div class=\"elementor-widget-container\">\n\t\t\t\t\t\n\t\t<div class=\"wd-image text-left\">\n\t\t\t\t\t\t\t\t\t\t\t\t\t<\/div>\n\n\t\t\t\t\t\t<\/div>\n\t\t\t\t<\/div>\n\t\t\t\t\t<\/div>\n\t\t<\/div>\n\t\t\t\t<div class=\"elementor-column elementor-col-50 elementor-inner-column elementor-element elementor-element-72b503e0\" data-id=\"72b503e0\" data-element_type=\"column\" data-settings=\"{&quot;background_background&quot;:&quot;classic&quot;}\">\n\t\t\t<div class=\"elementor-widget-wrap elementor-element-populated\">\n\t\t\t\t\t\t<div class=\"elementor-element elementor-element-6e74a783 wd-width-100 elementor-widget elementor-widget-wd_title\" data-id=\"6e74a783\" data-element_type=\"widget\" data-widget_type=\"wd_title.default\">\n\t\t\t\t<div class=\"elementor-widget-container\">\n\t\t\t\t\t\t\t<div class=\"title-wrapper wd-set-mb reset-last-child wd-title-color-primary wd-title-style-underlined-2 wd-title-size-default text-center\">\n\n\t\t\t\n\t\t\t<div class=\"liner-continer\">\n\t\t\t\t<h4 class=\"woodmart-title-container title wd-fontsize-l\">CEREMONIE \/ PROGRAM<\/h4> \n\t\t\t\t\t\t\t<\/div>\n\n\t\t\t\t\t<\/div>\n\t\t\t\t\t\t<\/div>\n\t\t\t\t<\/div>\n\t\t\t\t<div class=\"elementor-element elementor-element-436e499b elementor-widget elementor-widget-wd_text_block\" data-id=\"436e499b\" data-element_type=\"widget\" data-widget_type=\"wd_text_block.default\">\n\t\t\t\t<div class=\"elementor-widget-container\">\n\t\t\t\t\t\t\t<div class=\"wd-text-block reset-last-child text-center\">\n\t\t\t\n\t\t\t<ul><li>zalewanie gor\u0105cych kamieni aromatyczn\u0105 mieszank\u0105,<\/li><li>dmuchanie par\u0105 r\u0119cznikiem lub wachlarzami,<\/li><li>wirowanie gor\u0105cego powietrza za pomoc\u0105 wachlarzy, celtyckich flag lub r\u0119cznik\u00f3w,<\/li ><li>s\u00f3l peelinguj\u0105ca z esencj\u0105 limonkow\u0105,<\/li><li>peeling z cukrem trzcinowym,<\/li><li>odm\u0142adzanie sk\u00f3ry miodem i cynamonem lub kaw\u0105,<\/li><li>zmi\u0119kczanie sk\u00f3ry bia\u0142ym jogurtem ,<\/li><li> peeling lodowy z mi\u0119t\u0105,<\/li><li> oraz wiele innych niepowtarzalnych zestaw\u00f3w, kt\u00f3re dla Pa\u0144stwa przygotowali\u015bmy<\/li><\/ul><h3><strong>Godziny pracy< \/strong><\/h3>< ul><li>Ceremo\u0142y saunowania odbywaj\u0105 si\u0119 w ka\u017cdy wtorek i sobot\u0119 od 18:30 do 20:30.<\/li><\/ul>\n\t\t\t\t\t<\/div>\n\t\t\t\t\t\t<\/div>\n\t\t\t\t<\/div>\n\t\t\t\t\t<\/div>\n\t\t<\/div>\n\t\t\t\t\t<\/div>\n\t\t<\/section>\n\t\t\t\t<section class=\"elementor-section elementor-inner-section elementor-element elementor-element-4494ba56 elementor-section-boxed elementor-section-height-default elementor-section-height-default\" data-id=\"4494ba56\" data-element_type=\"section\">\n\t\t\t\t\t\t<div class=\"elementor-container elementor-column-gap-default\">\n\t\t\t\t\t<div class=\"elementor-column elementor-col-50 elementor-inner-column elementor-element elementor-element-523dc280\" data-id=\"523dc280\" data-element_type=\"column\" data-settings=\"{&quot;background_background&quot;:&quot;classic&quot;}\">\n\t\t\t<div class=\"elementor-widget-wrap elementor-element-populated\">\n\t\t\t\t\t\t<div class=\"elementor-element elementor-element-1e3310a7 wd-width-100 elementor-widget elementor-widget-wd_title\" data-id=\"1e3310a7\" data-element_type=\"widget\" data-widget_type=\"wd_title.default\">\n\t\t\t\t<div class=\"elementor-widget-container\">\n\t\t\t\t\t\t\t<div class=\"title-wrapper wd-set-mb reset-last-child wd-title-color-primary wd-title-style-underlined-2 wd-title-size-default text-center\">\n\n\t\t\t\n\t\t\t<div class=\"liner-continer\">\n\t\t\t\t<h4 class=\"woodmart-title-container title wd-fontsize-l\">NIE ZAPOMNIJ<\/h4> \n\t\t\t\t\t\t\t<\/div>\n\n\t\t\t\t\t<\/div>\n\t\t\t\t\t\t<\/div>\n\t\t\t\t<\/div>\n\t\t\t\t<div class=\"elementor-element elementor-element-79d3cee2 elementor-widget elementor-widget-wd_text_block\" data-id=\"79d3cee2\" data-element_type=\"widget\" data-widget_type=\"wd_text_block.default\">\n\t\t\t\t<div class=\"elementor-widget-container\">\n\t\t\t\t\t\t\t<div class=\"wd-text-block reset-last-child text-center\">\n\t\t\t\n\t\t\t<p><strong>CEREMONIE SAUNOWE<\/strong><\/p><p>oznaczaj\u0105 \u201ewyniesienie\u201d regularnego korzystania z sauny na wy\u017cszy poziom. W centrum wellness Kol\u0161tejn w Brannej do\u015bwiadczony saunar Ji\u0159\u00ed wykonuje rytua\u0142y w ka\u017cdy WTOREK i SOBOTA od 18:30 do 20:30) wed\u0142ug wcze\u015bniej przygotowanego programu.<\/p><p>Po zako\u0144czeniu ceremonii saunowania ze wzgl\u0119d\u00f3w higienicznych nale\u017cy najpierw zmy\u0107 resztki produkt\u00f3w pod prysznicem, a nast\u0119pnie zanurzy\u0107 si\u0119 w basenie ch\u0142odz\u0105cym.<\/p><p><strong>Wisienka na torcie<\/strong><\/p><p >Po ceremonii w saunie personel wellness przygotowuje dla Pa\u0144stwa \u015bwie\u017ce plasterki owoc\u00f3w. Po pocz\u0119stunku i pocz\u0119stunku nale\u017cy po\u015bwi\u0119ci\u0107 wystarczaj\u0105co du\u017co czasu na relaks i odpoczynek cia\u0142a w jednej ze stref relaksu (herbaciarz, tepidarium, g\u00f3rna sala odpoczynku).<\/p>\n\t\t\t\t\t<\/div>\n\t\t\t\t\t\t<\/div>\n\t\t\t\t<\/div>\n\t\t\t\t\t<\/div>\n\t\t<\/div>\n\t\t\t\t<div class=\"elementor-column elementor-col-50 elementor-inner-column elementor-element elementor-element-43ade7e3\" data-id=\"43ade7e3\" data-element_type=\"column\" data-settings=\"{&quot;background_background&quot;:&quot;classic&quot;}\">\n\t\t\t<div class=\"elementor-widget-wrap elementor-element-populated\">\n\t\t\t\t\t\t<div class=\"elementor-element elementor-element-315c6293 elementor-widget elementor-widget-spacer\" data-id=\"315c6293\" data-element_type=\"widget\" data-widget_type=\"spacer.default\">\n\t\t\t\t<div class=\"elementor-widget-container\">\n\t\t\t\t\t\t\t<div class=\"elementor-spacer\">\n\t\t\t<div class=\"elementor-spacer-inner\"><\/div>\n\t\t<\/div>\n\t\t\t\t\t\t<\/div>\n\t\t\t\t<\/div>\n\t\t\t\t\t<\/div>\n\t\t<\/div>\n\t\t\t\t\t<\/div>\n\t\t<\/section>\n\t\t\t\t\t<\/div>\n\t\t<\/div>\n\t\t\t\t\t<\/div>\n\t\t<\/section>\n\t\t\t\t<section class=\"elementor-section elementor-top-section elementor-element elementor-element-66474f6 elementor-section-boxed elementor-section-height-default elementor-section-height-default\" data-id=\"66474f6\" data-element_type=\"section\">\n\t\t\t\t\t\t<div class=\"elementor-container elementor-column-gap-default\">\n\t\t\t\t\t<div class=\"elementor-column elementor-col-100 elementor-top-column elementor-element elementor-element-d192192\" data-id=\"d192192\" data-element_type=\"column\">\n\t\t\t<div class=\"elementor-widget-wrap elementor-element-populated\">\n\t\t\t\t\t\t<div class=\"elementor-element elementor-element-7b4e52a elementor-widget elementor-widget-wd_text_block\" data-id=\"7b4e52a\" data-element_type=\"widget\" data-widget_type=\"wd_text_block.default\">\n\t\t\t\t<div class=\"elementor-widget-container\">\n\t\t\t\t\t\t\t<div class=\"wd-text-block reset-last-child text-left\">\n\t\t\t\n\t\t\t<p>Pojemno\u015b\u0107 wellness jest dostosowana do grupy do 30 os\u00f3b, podczas gdy oczekuje si\u0119 r\u00f3wnego korzystania z szerokiej gamy zabieg\u00f3w relaksacyjnych, zapewniaj\u0105cych tu najszersz\u0105 gam\u0119 zabieg\u00f3w wellness.<\/p><p>Ci z Was, kt\u00f3rzy s\u0105 ze wzgl\u0119d\u00f3w zdrowotnych lub z innych powod\u00f3w preferowane s\u0105 \"suche\" zabiegi relaksacyjne, mi\u0142o\u015bnicy sprawdzonych saun lub wszyscy wyznawcy nowych i jeszcze nie znanych w Czechach metod relaksacyjnych, kt\u00f3re postawi\u0105 Ci\u0119 z powrotem na nogi.<br\/ >Wej\u015bcie do \u015bwiata saun przeznaczone jest dla os\u00f3b powy\u017cej 15 roku \u017cycia w towarzystwie osoby doros\u0142ej, <b>jest to strefa bez stroj\u00f3w k\u0105pielowych<\/b>, wej\u015bcie w zestawie saun, kt\u00f3re ka\u017cdy odwiedzaj\u0105cy otrzymuje bezp\u0142atnie przed wchodzenie.<\/p>\n\t\t\t\t\t<\/div>\n\t\t\t\t\t\t<\/div>\n\t\t\t\t<\/div>\n\t\t\t\t\t<\/div>\n\t\t<\/div>\n\t\t\t\t\t<\/div>\n\t\t<\/section>\n\t\t\t\t<\/div>\n\t\t","protected":false},"excerpt":{"rendered":"<p>DODATKOWA DOP\u0141ATA ZA WEJ\u015aCIE DO WELLNESS 150 CZK \/ OSOBA podstawowe informacje Prze\u017cyj ceremonie saunowe w Brann\u00e1. Jeste\u015bmy gotowi zaoferowa\u0107<\/p>\n","protected":false},"author":1,"featured_media":0,"parent":0,"menu_order":0,"comment_status":"closed","ping_status":"closed","template":"","meta":{"footnotes":""},"class_list":["post-14036","page","type-page","status-publish","hentry"],"_links":{"self":[{"href":"https:\/\/kolstejn.cz\/pl\/wp-json\/wp\/v2\/pages\/14036","targetHints":{"allow":["GET"]}}],"collection":[{"href":"https:\/\/kolstejn.cz\/pl\/wp-json\/wp\/v2\/pages"}],"about":[{"href":"https:\/\/kolstejn.cz\/pl\/wp-json\/wp\/v2\/types\/page"}],"author":[{"embeddable":true,"href":"https:\/\/kolstejn.cz\/pl\/wp-json\/wp\/v2\/users\/1"}],"replies":[{"embeddable":true,"href":"https:\/\/kolstejn.cz\/pl\/wp-json\/wp\/v2\/comments?post=14036"}],"version-history":[{"count":0,"href":"https:\/\/kolstejn.cz\/pl\/wp-json\/wp\/v2\/pages\/14036\/revisions"}],"wp:attachment":[{"href":"https:\/\/kolstejn.cz\/pl\/wp-json\/wp\/v2\/media?parent=14036"}],"curies":[{"name":"wp","href":"https:\/\/api.w.org\/{rel}","templated":true}]}}