{"id":14048,"date":"2022-07-13T19:41:51","date_gmt":"2022-07-13T17:41:51","guid":{"rendered":"https:\/\/kolstejn.cz\/kariera\/"},"modified":"2022-07-19T14:56:56","modified_gmt":"2022-07-19T12:56:56","slug":"kariera","status":"publish","type":"page","link":"https:\/\/kolstejn.cz\/pl\/kariera\/","title":{"rendered":"Kariera"},"content":{"rendered":"\t\t<div data-elementor-type=\"wp-page\" data-elementor-id=\"14048\" class=\"elementor elementor-14048 elementor-24\" data-elementor-post-type=\"page\">\n\t\t\t\t\t\t<section class=\"elementor-section elementor-top-section elementor-element elementor-element-7006577 elementor-section-stretched animated-fast elementor-section-boxed elementor-section-height-default elementor-section-height-default elementor-invisible\" data-id=\"7006577\" data-element_type=\"section\" data-settings=\"{&quot;stretch_section&quot;:&quot;section-stretched&quot;,&quot;background_background&quot;:&quot;classic&quot;,&quot;animation&quot;:&quot;fadeIn&quot;}\">\n\t\t\t\t\t\t<div class=\"elementor-container elementor-column-gap-default\">\n\t\t\t\t\t<div class=\"elementor-column elementor-col-100 elementor-top-column elementor-element elementor-element-7692ad67\" data-id=\"7692ad67\" data-element_type=\"column\">\n\t\t\t<div class=\"elementor-widget-wrap elementor-element-populated\">\n\t\t\t\t\t\t<section class=\"elementor-section elementor-inner-section elementor-element elementor-element-1e955437 elementor-section-boxed elementor-section-height-default elementor-section-height-default\" data-id=\"1e955437\" data-element_type=\"section\">\n\t\t\t\t\t\t<div class=\"elementor-container elementor-column-gap-default\">\n\t\t\t\t\t<div class=\"elementor-column elementor-col-50 elementor-inner-column elementor-element elementor-element-1f746d16\" data-id=\"1f746d16\" data-element_type=\"column\" data-settings=\"{&quot;background_background&quot;:&quot;classic&quot;}\">\n\t\t\t<div class=\"elementor-widget-wrap elementor-element-populated\">\n\t\t\t\t\t\t<div class=\"elementor-element elementor-element-25361654 wd-width-100 elementor-widget elementor-widget-wd_title\" data-id=\"25361654\" data-element_type=\"widget\" data-widget_type=\"wd_title.default\">\n\t\t\t\t<div class=\"elementor-widget-container\">\n\t\t\t\t\t\t\t<div class=\"title-wrapper wd-set-mb reset-last-child wd-title-color-primary wd-title-style-underlined-2 wd-title-size-default text-center\">\n\n\t\t\t\n\t\t\t<div class=\"liner-continer\">\n\t\t\t\t<h4 class=\"woodmart-title-container title wd-fontsize-l\">dost\u0119pne stanowiska<\/h4> \n\t\t\t\t\t\t\t<\/div>\n\n\t\t\t\t\t<\/div>\n\t\t\t\t\t\t<\/div>\n\t\t\t\t<\/div>\n\t\t\t\t<div class=\"elementor-element elementor-element-4804e1d3 elementor-widget elementor-widget-wd_text_block\" data-id=\"4804e1d3\" data-element_type=\"widget\" data-widget_type=\"wd_text_block.default\">\n\t\t\t\t<div class=\"elementor-widget-container\">\n\t\t\t\t\t\t\t<div class=\"wd-text-block reset-last-child text-center\">\n\t\t\t\n\t\t\t<p><strong>kelnerka \/ kelner - <\/strong>sauna \/ sauna<br \/><strong>masa\u017cystka \/ masa\u017cystka - <\/strong>kucharz \/ kucharz<\/p><p>Je\u015bli interesuj\u0105 Ci\u0119 wolne stanowiska, wy\u015blij swoje profesjonalne CV na adres e-mail: <strong>Personalista <\/strong><a href=\"mailto:stratilova.t@tomaol.cz\">stratilova.t@tomaol.cz<\/a><br \/>lub reditel@ kolstejn.cz lub provozni@kolstejn.cz<br \/>Mo\u017cesz r\u00f3wnie\u017c skontaktowa\u0107 si\u0119 z nami pod numerami telefon\u00f3w<br \/><strong>Operacyjny<\/strong><br \/>+420 702 072 034<br \/><strong >Dyrektor<\/strong><br \/>+420 736 632 032<\/p>\n\t\t\t\t\t<\/div>\n\t\t\t\t\t\t<\/div>\n\t\t\t\t<\/div>\n\t\t\t\t\t<\/div>\n\t\t<\/div>\n\t\t\t\t<div class=\"elementor-column elementor-col-50 elementor-inner-column elementor-element elementor-element-3b2f62bb\" data-id=\"3b2f62bb\" data-element_type=\"column\" data-settings=\"{&quot;background_background&quot;:&quot;classic&quot;}\">\n\t\t\t<div class=\"elementor-widget-wrap elementor-element-populated\">\n\t\t\t\t\t\t<div class=\"elementor-element elementor-element-30859ad elementor-widget elementor-widget-spacer\" data-id=\"30859ad\" data-element_type=\"widget\" data-widget_type=\"spacer.default\">\n\t\t\t\t<div class=\"elementor-widget-container\">\n\t\t\t\t\t\t\t<div class=\"elementor-spacer\">\n\t\t\t<div class=\"elementor-spacer-inner\"><\/div>\n\t\t<\/div>\n\t\t\t\t\t\t<\/div>\n\t\t\t\t<\/div>\n\t\t\t\t\t<\/div>\n\t\t<\/div>\n\t\t\t\t\t<\/div>\n\t\t<\/section>\n\t\t\t\t<section class=\"elementor-section elementor-inner-section elementor-element elementor-element-2d5e2b3d elementor-reverse-mobile elementor-section-boxed elementor-section-height-default elementor-section-height-default\" data-id=\"2d5e2b3d\" data-element_type=\"section\">\n\t\t\t\t\t\t<div class=\"elementor-container elementor-column-gap-default\">\n\t\t\t\t\t<div class=\"elementor-column elementor-col-50 elementor-inner-column elementor-element elementor-element-ce71e49\" data-id=\"ce71e49\" data-element_type=\"column\">\n\t\t\t<div class=\"elementor-widget-wrap elementor-element-populated\">\n\t\t\t\t\t\t<div class=\"elementor-element elementor-element-38173981 elementor-widget elementor-widget-wd_image_or_svg\" data-id=\"38173981\" data-element_type=\"widget\" data-widget_type=\"wd_image_or_svg.default\">\n\t\t\t\t<div class=\"elementor-widget-container\">\n\t\t\t\t\t\n\t\t<div class=\"wd-image text-left\">\n\t\t\t\t\t\t\t\t\t\t\t\t\t<\/div>\n\n\t\t\t\t\t\t<\/div>\n\t\t\t\t<\/div>\n\t\t\t\t\t<\/div>\n\t\t<\/div>\n\t\t\t\t<div class=\"elementor-column elementor-col-50 elementor-inner-column elementor-element elementor-element-1383e4de\" data-id=\"1383e4de\" data-element_type=\"column\" data-settings=\"{&quot;background_background&quot;:&quot;classic&quot;}\">\n\t\t\t<div class=\"elementor-widget-wrap elementor-element-populated\">\n\t\t\t\t\t\t<div class=\"elementor-element elementor-element-5570c33c wd-width-100 elementor-widget elementor-widget-wd_title\" data-id=\"5570c33c\" data-element_type=\"widget\" data-widget_type=\"wd_title.default\">\n\t\t\t\t<div class=\"elementor-widget-container\">\n\t\t\t\t\t\t\t<div class=\"title-wrapper wd-set-mb reset-last-child wd-title-color-primary wd-title-style-underlined-2 wd-title-size-default text-center\">\n\n\t\t\t\n\t\t\t<div class=\"liner-continer\">\n\t\t\t\t<h4 class=\"woodmart-title-container title wd-fontsize-l\">\u015aWIADCZENIA PRACOWNICZE<\/h4> \n\t\t\t\t\t\t\t<\/div>\n\n\t\t\t\t\t<\/div>\n\t\t\t\t\t\t<\/div>\n\t\t\t\t<\/div>\n\t\t\t\t<div class=\"elementor-element elementor-element-413d3137 elementor-widget elementor-widget-wd_text_block\" data-id=\"413d3137\" data-element_type=\"widget\" data-widget_type=\"wd_text_block.default\">\n\t\t\t\t<div class=\"elementor-widget-container\">\n\t\t\t\t\t\t\t<div class=\"wd-text-block reset-last-child text-left\">\n\t\t\t\n\t\t\t<ul> <li>bezp\u0142atne zakwaterowanie w godzinach pracy<\/li> <li>jedzenie w symbolicznej cenie<\/li> <li>zni\u017cki na napoje bezalkoholowe<\/li> <li>nagrody ze sprzeda\u017cy po okresie pr\u00f3bnym<\/li ><li>przyjazny kolektyw<\/li><\/ul>\n\t\t\t\t\t<\/div>\n\t\t\t\t\t\t<\/div>\n\t\t\t\t<\/div>\n\t\t\t\t\t<\/div>\n\t\t<\/div>\n\t\t\t\t\t<\/div>\n\t\t<\/section>\n\t\t\t\t\t<\/div>\n\t\t<\/div>\n\t\t\t\t\t<\/div>\n\t\t<\/section>\n\t\t\t\t<\/div>\n\t\t","protected":false},"excerpt":{"rendered":"<p>dost\u0119pne stanowiska kelnerka \/ kelner &#8211; sauna \/ sauna masa\u017cystka \/ masa\u017cystka &#8211; kucharz \/ kucharz Je\u015bli interesuj\u0105 Ci\u0119 wolne<\/p>\n","protected":false},"author":1,"featured_media":0,"parent":0,"menu_order":0,"comment_status":"closed","ping_status":"closed","template":"","meta":{"footnotes":""},"class_list":["post-14048","page","type-page","status-publish","hentry"],"_links":{"self":[{"href":"https:\/\/kolstejn.cz\/pl\/wp-json\/wp\/v2\/pages\/14048","targetHints":{"allow":["GET"]}}],"collection":[{"href":"https:\/\/kolstejn.cz\/pl\/wp-json\/wp\/v2\/pages"}],"about":[{"href":"https:\/\/kolstejn.cz\/pl\/wp-json\/wp\/v2\/types\/page"}],"author":[{"embeddable":true,"href":"https:\/\/kolstejn.cz\/pl\/wp-json\/wp\/v2\/users\/1"}],"replies":[{"embeddable":true,"href":"https:\/\/kolstejn.cz\/pl\/wp-json\/wp\/v2\/comments?post=14048"}],"version-history":[{"count":0,"href":"https:\/\/kolstejn.cz\/pl\/wp-json\/wp\/v2\/pages\/14048\/revisions"}],"wp:attachment":[{"href":"https:\/\/kolstejn.cz\/pl\/wp-json\/wp\/v2\/media?parent=14048"}],"curies":[{"name":"wp","href":"https:\/\/api.w.org\/{rel}","templated":true}]}}