{"id":14052,"date":"2022-07-13T19:41:19","date_gmt":"2022-07-13T17:41:19","guid":{"rendered":"https:\/\/kolstejn.cz\/korzysci-i-rabaty\/"},"modified":"2022-07-19T14:51:53","modified_gmt":"2022-07-19T12:51:53","slug":"korzysci-i-rabaty","status":"publish","type":"page","link":"https:\/\/kolstejn.cz\/pl\/korzysci-i-rabaty\/","title":{"rendered":"Korzy\u015bci i rabaty"},"content":{"rendered":"\t\t<div data-elementor-type=\"wp-page\" data-elementor-id=\"14052\" class=\"elementor elementor-14052 elementor-20\" data-elementor-post-type=\"page\">\n\t\t\t\t\t\t<section class=\"elementor-section elementor-top-section elementor-element elementor-element-f3c3522 elementor-section-boxed elementor-section-height-default elementor-section-height-default\" data-id=\"f3c3522\" data-element_type=\"section\">\n\t\t\t\t\t\t<div class=\"elementor-container elementor-column-gap-default\">\n\t\t\t\t\t<div class=\"elementor-column elementor-col-100 elementor-top-column elementor-element elementor-element-c365e05\" data-id=\"c365e05\" data-element_type=\"column\">\n\t\t\t<div class=\"elementor-widget-wrap elementor-element-populated\">\n\t\t\t\t\t\t<div class=\"elementor-element elementor-element-7b30de8 elementor-widget elementor-widget-wd_accordion\" data-id=\"7b30de8\" data-element_type=\"widget\" data-widget_type=\"wd_accordion.default\">\n\t\t\t\t<div class=\"elementor-widget-container\">\n\t\t\t\t\t\n\t\t<div class=\"wd-accordion wd-style-shadow wd-titles-left wd-opener-pos-left wd-opener-style-arrow\" data-state=\"first\">\n\t\t\t\t\t\t\t\n\t\t\t\t<div class=\"wd-accordion-item\">\n\t\t\t\t\t<div class=\"wd-accordion-title wd-role-btn wd-active\" data-accordion-index=\"0\" tabindex=\"0\">\n\t\t\t\t\t\t<div class=\"wd-accordion-title-text\">\n\t\t\t\t\t\t\t\t\t\t\t\t\t\t<span>\n\t\t\t\t\t\t\t\tBEZPO\u015aREDNIE REZERWACJE\t\t\t\t\t\t\t<\/span>\n\t\t\t\t\t\t<\/div>\n\t\t\t\t\t\t<span class=\"wd-accordion-opener\"><\/span>\n\t\t\t\t\t<\/div>\n\n\t\t\t\t\t<div class=\"wd-accordion-content wd-entry-content wd-active\" data-accordion-index=\"0\">\n\t\t\t\t\t\t\t\t\t\t\t\t\t\n\t\t\t\t\t\t\t<p><strong>Nasze korzy\u015bci dla Ciebie:<\/strong><\/p><ul><li>15% zni\u017cki za po\u015brednictwem karty lojalno\u015bciowej Relax Benefit<\/li><li>Transfer do\/ze stacji w Brann\u00e1 za darmo <\/li><li>Wczesne zameldowanie\/p\u00f3\u017ane wymeldowanie za darmo<\/li><li>Bez ukrytych op\u0142at<\/li><\/ul><p><strong>Dodatkowe zalety bezpo\u015bredniej rezerwacji:<\/strong> <\/p><ul><li><strong>Chcesz zmieni\u0107 swoj\u0105 rezerwacj\u0119?<\/strong><\/li><\/ul><p>Zrobimy co w naszej mocy, aby dokona\u0107 zmian i co najwa\u017cniejsze - bezpo\u015brednio bez \u017cadnych op\u0142at i k\u0142opot\u00f3w.<\/p><ul><li><strong>Podoba Ci si\u0119 co\u015b szczeg\u00f3lnego?<\/strong><\/li><\/ul><p>Pokoje obok siebie, ni\u017csze pi\u0119tro a mo\u017ce ten sam pok\u00f3j co ostatnim razem?<\/p><ul><li><strong>Czy masz pow\u00f3d do \u015bwi\u0119towania podczas pobytu? <\/strong><\/li><\/ul><p>Dostosujemy si\u0119 do Twojego wyj\u0105tkowego dnia najlepiej, jak potrafimy.<\/p><p><strong>Zawsze rezerwuj bezpo\u015brednio, a my spe\u0142nimy Twoj\u0105 pro\u015bb\u0119 najlepiej, jak potrafimy. <\/strong><\/p><p><strong>Chcemy kontaktowa\u0107 si\u0119 z Tob\u0105 bezpo\u015brednio.<\/strong><\/p>\n\t\t\t\t\t\t\t\t\t\t\t\t\t\t\t\t\t\t<\/div>\n\t\t\t\t<\/div>\n\t\t\t\t\t\t\t\n\t\t\t\t<div class=\"wd-accordion-item\">\n\t\t\t\t\t<div class=\"wd-accordion-title wd-role-btn\" data-accordion-index=\"1\" tabindex=\"0\">\n\t\t\t\t\t\t<div class=\"wd-accordion-title-text\">\n\t\t\t\t\t\t\t\t\t\t\t\t\t\t<span>\n\t\t\t\t\t\t\t\tKORZY\u015a\u0106 RELAKSU\t\t\t\t\t\t\t<\/span>\n\t\t\t\t\t\t<\/div>\n\t\t\t\t\t\t<span class=\"wd-accordion-opener\"><\/span>\n\t\t\t\t\t<\/div>\n\n\t\t\t\t\t<div class=\"wd-accordion-content wd-entry-content\" data-accordion-index=\"1\">\n\t\t\t\t\t\t\t\t\t\t\t\t\t\n\t\t\t\t\t\t\t<div><strong>Zosta\u0144 cz\u0142onkiem Klubu Lojalno\u015bciowego Centrum Wellness Kol\u0161tejn.<\/strong><\/div><div>Przy trzecim pobycie w recepcji otrzymasz kart\u0119 lojalno\u015bciow\u0105 <strong>RELAX BENEFIT.<\/strong ><\/div> <div> <\/div><div><strong>Jako posiadacz karty masz ju\u017c prawo do nast\u0119puj\u0105cych zni\u017cek podczas nast\u0119pnego pobytu:<\/strong><\/div><ul><li>15% zni\u017cka na zakwaterowanie z obiadokolacj\u0105 i wst\u0119pem do og\u00f3lnodost\u0119pnego wellness i basenu ze s\u0142on\u0105 wod\u0105<\/li> <li>15% zni\u017cki na pobyt w hotelu pakiety wellness zakupione bezpo\u015brednio przez nasz\u0105 stron\u0119<\/li> <li>15% zni\u017cki na wszystkie wellness us\u0142ugi <\/li>< li> bezp\u0142atny bilard hotelowy podczas pobytu <\/li><li> wcze\u015bniejsze udost\u0119pnienie cennych informacji o korzystnych ofertach naszego kompleksu <\/li><li> karta sta\u0142ego klienta RELAX BENEFIT jest niezbywalna w\u0142a\u015bciciel karty zobowi\u0105zany jest do okazania karty sta\u0142ego klienta przy pobieraniu rabat\u00f3w, <\/li><\/ul>\n\t\t\t\t\t\t\t\t\t\t\t\t\t\t\t\t\t\t<\/div>\n\t\t\t\t<\/div>\n\t\t\t\t\t\t\t\n\t\t\t\t<div class=\"wd-accordion-item\">\n\t\t\t\t\t<div class=\"wd-accordion-title wd-role-btn\" data-accordion-index=\"2\" tabindex=\"0\">\n\t\t\t\t\t\t<div class=\"wd-accordion-title-text\">\n\t\t\t\t\t\t\t\t\t\t\t\t\t\t<span>\n\t\t\t\t\t\t\t\tUZDROWISKO WODY BRUTTO\t\t\t\t\t\t\t<\/span>\n\t\t\t\t\t\t<\/div>\n\t\t\t\t\t\t<span class=\"wd-accordion-opener\"><\/span>\n\t\t\t\t\t<\/div>\n\n\t\t\t\t\t<div class=\"wd-accordion-content wd-entry-content\" data-accordion-index=\"2\">\n\t\t\t\t\t\t\t\t\t\t\t\t\t\n\t\t\t\t\t\t\t<div><strong>Zosta\u0144 cz\u0142onkiem Klubu Lojalno\u015bciowego Centrum Wellness Kol\u0161tejn.<\/strong><\/div><div>Przy trzecim pobycie recepcja automatycznie wyda Ci kart\u0119 lojalno\u015bciow\u0105 <strong>GRUB\u00c1 VODA RESORT.< \/strong><\/div>\n\t\t\t\t\t\t\t\t\t\t\t\t\t\t\t\t\t\t<\/div>\n\t\t\t\t<\/div>\n\t\t\t\t\t\t\t\n\t\t\t\t<div class=\"wd-accordion-item\">\n\t\t\t\t\t<div class=\"wd-accordion-title wd-role-btn\" data-accordion-index=\"3\" tabindex=\"0\">\n\t\t\t\t\t\t<div class=\"wd-accordion-title-text\">\n\t\t\t\t\t\t\t\t\t\t\t\t\t\t<span>\n\t\t\t\t\t\t\t\tYESCARD DREWNO JESIONOWE\t\t\t\t\t\t\t<\/span>\n\t\t\t\t\t\t<\/div>\n\t\t\t\t\t\t<span class=\"wd-accordion-opener\"><\/span>\n\t\t\t\t\t<\/div>\n\n\t\t\t\t\t<div class=\"wd-accordion-content wd-entry-content\" data-accordion-index=\"3\">\n\t\t\t\t\t\t\t\t\t\t\t\t\t\n\t\t\t\t\t\t\t<p style=\"font-weight: 400;\"><strong>WCZE\u015aNIEJSZA PISEMNA REZERWACJA WYMAGANA DLA WSZYSTKICH US\u0141UG<\/strong><\/p><ul style=\"font-weight: 400;\"><li>5% dla masa\u017ce wed\u0142ug aktualnej oferty hotelu<\/li><li>5% za 1 godzin\u0119 prywatnego (rodzinnego) centrum odnowy biologicznej, rodzina = maks. 2 osoby doros\u0142e i 3 dzieci do lat 12<\/li><li>5 % na wst\u0119p do publicznego kompleksu wellness <\/li> <li>10% na 1 godzin\u0119 gry w kr\u0119gle na 1 torze<\/li> <li>10% na wypo\u017cyczenie roweru elektrycznego<\/li> <li>5% zni\u017cki na Talerz dla dw\u00f3ch os\u00f3b w Restauracji i Minibrowarze Kol\u0161tejn <\/li><li>5% zni\u017cki na Talerz dla czterech os\u00f3b w Restauracji i Minibrowarze Kol\u0161tejn<\/li><\/ul><p style=\"font-weight: 400 ;\"><strong>Po\u0142\u0105czenie tych rabat\u00f3w z innymi rabatami nie jest mo\u017cliwe.<\/strong><\/p>\n\t\t\t\t\t\t\t\t\t\t\t\t\t\t\t\t\t\t<\/div>\n\t\t\t\t<\/div>\n\t\t\t\t\t\t\t\n\t\t\t\t<div class=\"wd-accordion-item\">\n\t\t\t\t\t<div class=\"wd-accordion-title wd-role-btn\" data-accordion-index=\"4\" tabindex=\"0\">\n\t\t\t\t\t\t<div class=\"wd-accordion-title-text\">\n\t\t\t\t\t\t\t\t\t\t\t\t\t\t<span>\n\t\t\t\t\t\t\t\tVOUCHERY\t\t\t\t\t\t\t<\/span>\n\t\t\t\t\t\t<\/div>\n\t\t\t\t\t\t<span class=\"wd-accordion-opener\"><\/span>\n\t\t\t\t\t<\/div>\n\n\t\t\t\t\t<div class=\"wd-accordion-content wd-entry-content\" data-accordion-index=\"4\">\n\t\t\t\t\t\t\t\t\t\t\t\t\t\n\t\t\t\t\t\t\t<p><strong>P\u0142ac\u0105c kuponami, akceptujemy kupony takie jak:<\/strong><\/p><ul><li><p>Sodexo Pass (Gastro Pass, Gastro Pass Card, Relax Pass, Flexi Pass, Karta Flexi Pass , Fokus Pass i Gift Pass, Bonus Pass).<\/p><\/li><li><p>Uni\u0161ek, Check Dejeuner, Edenred, Benefit Plus, Galeria Beta, Restauracja biletowa.<\/p><\/ li>< li><em>NIE AKCEPTUJEMY: Komplementy EDENRED<\/em><\/li><\/ul><p>Bonami mo\u017cna p\u0142aci\u0107 za wszystkie us\u0142ugi \u015bwiadczone przez centrum odnowy biologicznej Kol\u0161tejn:<br \/> zabiegi masa\u017cu, konsumpcja w restauracji i kr\u0119gielni, pami\u0105tki, herbaty zio\u0142owe i inne us\u0142ugi <strong>z kt\u00f3rych skorzystasz poza uzgodnionym pobytem. <\/strong><\/p>\n\t\t\t\t\t\t\t\t\t\t\t\t\t\t\t\t\t\t<\/div>\n\t\t\t\t<\/div>\n\t\t\t\t\t\t\t\n\t\t\t\t<div class=\"wd-accordion-item\">\n\t\t\t\t\t<div class=\"wd-accordion-title wd-role-btn\" data-accordion-index=\"5\" tabindex=\"0\">\n\t\t\t\t\t\t<div class=\"wd-accordion-title-text\">\n\t\t\t\t\t\t\t\t\t\t\t\t\t\t<span>\n\t\t\t\t\t\t\t\tKORZY\u015aCI DLA CIEBIE\t\t\t\t\t\t\t<\/span>\n\t\t\t\t\t\t<\/div>\n\t\t\t\t\t\t<span class=\"wd-accordion-opener\"><\/span>\n\t\t\t\t\t<\/div>\n\n\t\t\t\t\t<div class=\"wd-accordion-content wd-entry-content\" data-accordion-index=\"5\">\n\t\t\t\t\t\t\t\t\t\t\t\t\t\n\t\t\t\t\t\t\t<div data-id=\"f0ba875\" data-element_type=\"widget\" data-widget_type=\"text-editor.default\"><div><div><ul><li>udzielamy rabat\u00f3w posiadaczom kart lojalno\u015bciowych RELAX BENEFIT <\/li ><li>zni\u017cki na wybrane us\u0142ugi dla posiadaczy Jesen\u00edky YesCard<\/li><li>zni\u017cki dla posiadaczy kart lojalno\u015bciowych SPHERE i CARTE<\/li><li>zapewnimy fakturowanie za po\u015brednictwem FKSP<\/li> <li>akceptujemy p\u0142atno\u015bci kuponami Sodexo, Uni\u0161ek, czekiem Dejeuner, Edenred, Benefit Plus, Galeri\u0105 Beta, restauracj\u0105 biletow\u0105<\/li><\/ul><h3><strong>FAKTURA DLA PRACODAWCY<\/strong><\/h3>< ul><li>P\u0142ac\u0105c ze \u015brodk\u00f3w FKSP (Fundusz Kulturalno-Spo\u0142eczny) zapewnimy naszym klientom fakturowanie na ich pracodawc\u0119, a tym samym zwrot ich urlopu z tego funduszu. Widzie\u0107 <strong><a href=\"https:\/\/kolstejn.cz\/objednavka-pobytu-z-fksp\/\">ten link<\/a><\/strong><\/li><\/ul><\/div><\/ div><\/div>\n\t\t\t\t\t\t\t\t\t\t\t\t\t\t\t\t\t\t<\/div>\n\t\t\t\t<\/div>\n\t\t\t\t\t<\/div>\n\t\t\t\t\t\t<\/div>\n\t\t\t\t<\/div>\n\t\t\t\t\t<\/div>\n\t\t<\/div>\n\t\t\t\t\t<\/div>\n\t\t<\/section>\n\t\t\t\t<\/div>\n\t\t","protected":false},"excerpt":{"rendered":"<p>BEZPO\u015aREDNIE REZERWACJE Nasze korzy\u015bci dla Ciebie: 15% zni\u017cki za po\u015brednictwem karty lojalno\u015bciowej Relax Benefit Transfer do\/ze stacji w Brann\u00e1 za<\/p>\n","protected":false},"author":1,"featured_media":0,"parent":0,"menu_order":0,"comment_status":"closed","ping_status":"closed","template":"","meta":{"footnotes":""},"class_list":["post-14052","page","type-page","status-publish","hentry"],"_links":{"self":[{"href":"https:\/\/kolstejn.cz\/pl\/wp-json\/wp\/v2\/pages\/14052","targetHints":{"allow":["GET"]}}],"collection":[{"href":"https:\/\/kolstejn.cz\/pl\/wp-json\/wp\/v2\/pages"}],"about":[{"href":"https:\/\/kolstejn.cz\/pl\/wp-json\/wp\/v2\/types\/page"}],"author":[{"embeddable":true,"href":"https:\/\/kolstejn.cz\/pl\/wp-json\/wp\/v2\/users\/1"}],"replies":[{"embeddable":true,"href":"https:\/\/kolstejn.cz\/pl\/wp-json\/wp\/v2\/comments?post=14052"}],"version-history":[{"count":0,"href":"https:\/\/kolstejn.cz\/pl\/wp-json\/wp\/v2\/pages\/14052\/revisions"}],"wp:attachment":[{"href":"https:\/\/kolstejn.cz\/pl\/wp-json\/wp\/v2\/media?parent=14052"}],"curies":[{"name":"wp","href":"https:\/\/api.w.org\/{rel}","templated":true}]}}