{"id":14060,"date":"2022-07-13T19:40:41","date_gmt":"2022-07-13T17:40:41","guid":{"rendered":"https:\/\/kolstejn.cz\/hotel-garni\/"},"modified":"2025-07-02T10:53:26","modified_gmt":"2025-07-02T08:53:26","slug":"hotel-garni","status":"publish","type":"page","link":"https:\/\/kolstejn.cz\/pl\/hotel-garni\/","title":{"rendered":"Hotel Garni ***"},"content":{"rendered":"\t\t<div data-elementor-type=\"wp-page\" data-elementor-id=\"14060\" class=\"elementor elementor-14060 elementor-14\" data-elementor-post-type=\"page\">\n\t\t\t\t\t\t<section class=\"elementor-section elementor-top-section elementor-element elementor-element-3e84e6c2 elementor-section-boxed elementor-section-height-default elementor-section-height-default\" data-id=\"3e84e6c2\" data-element_type=\"section\">\n\t\t\t\t\t\t<div class=\"elementor-container elementor-column-gap-default\">\n\t\t\t\t\t<div class=\"elementor-column elementor-col-100 elementor-top-column elementor-element elementor-element-356d77d2\" data-id=\"356d77d2\" data-element_type=\"column\">\n\t\t\t<div class=\"elementor-widget-wrap elementor-element-populated\">\n\t\t\t\t\t\t<div class=\"elementor-element elementor-element-167d549 elementor-widget elementor-widget-html\" data-id=\"167d549\" data-element_type=\"widget\" data-widget_type=\"html.default\">\n\t\t\t\t<div class=\"elementor-widget-container\">\n\t\t\t\t\t<center><div class=\"travelking-badge\" data-type=\"hotel\" data-hotel=\"2e097bfe5c775b43688f93d811ee1689\" data-style=\"green-square\" data-lang=\"pl\"><\/div>\n <script type=\"text\/javascript\" src=\"https:\/\/travelking.cz\/js\/badges.min.js\" async=\"async\" defer=\"defer\"><\/script><\/center>\t\t\t\t<\/div>\n\t\t\t\t<\/div>\n\t\t\t\t<div class=\"elementor-element elementor-element-8643825 elementor-widget elementor-widget-wd_text_block\" data-id=\"8643825\" data-element_type=\"widget\" data-widget_type=\"wd_text_block.default\">\n\t\t\t\t<div class=\"elementor-widget-container\">\n\t\t\t\t\t\t\t<div class=\"wd-text-block reset-last-child text-left\">\n\t\t\t\n\t\t\t<div id=\"_HotelczCertificate-Box\" class=\"_left-side\" data-hash=\"746594\" data-seo=\"hotel-garni-kolstejn\"><a id=\"_HC-HotelLink\" title=\"HOTEL GARNI KOL\u0160TEJN\" href=\"https:\/\/hotel-garni-kolstejn.hotel.cz\/\" target=\"_blank\" rel=\"noopener\">HOTEL GARNI KOL\u0160TEJN<\/a><br \/>\n<a id=\"_HC-TownLink\" title=\"Hotely a Ubytov\u00e1n\u00ed Brann\u00e1\" href=\"https:\/\/www.hotel.cz\/branna\/\" target=\"_blank\" rel=\"noopener\">v Brann\u00e9<\/a><br \/>\n<a id=\"_HC-ReviewLink\" href=\"https:\/\/hotel-garni-kolstejn.hotel.cz\/reviews\/\" target=\"_blank\" rel=\"noopener\">hodnocen\u00ed<\/a><\/div>\n<p><script type=\"text\/javascript\">\n(function (d, s) {\nvar e = d.createElement(s); e.type = 'text\/javascript'; e.async = true;\ne.src = '\/\/www.hotel.cz\/hotelcz\/scripts\/external\/certificate-2.0.min.js';\nvar t = d.getElementsByTagName(s)[0]; t.parentNode.insertBefore(e, t);\n}(document, 'script'));\n<\/script><\/p>\n\n\t\t\t\t\t<\/div>\n\t\t\t\t\t\t<\/div>\n\t\t\t\t<\/div>\n\t\t\t\t\t<\/div>\n\t\t<\/div>\n\t\t\t\t\t<\/div>\n\t\t<\/section>\n\t\t\t\t<section class=\"elementor-section elementor-top-section elementor-element elementor-element-3d70506 elementor-section-boxed elementor-section-height-default elementor-section-height-default\" data-id=\"3d70506\" data-element_type=\"section\">\n\t\t\t\t\t\t<div class=\"elementor-container elementor-column-gap-default\">\n\t\t\t\t\t<div class=\"elementor-column elementor-col-100 elementor-top-column elementor-element elementor-element-d24dbd6\" data-id=\"d24dbd6\" data-element_type=\"column\">\n\t\t\t<div class=\"elementor-widget-wrap elementor-element-populated\">\n\t\t\t\t\t\t<div class=\"elementor-element elementor-element-a524169 elementor-widget__width-auto open-searchbox-01 elementor-widget elementor-widget-wd_button\" data-id=\"a524169\" data-element_type=\"widget\" data-widget_type=\"wd_button.default\">\n\t\t\t\t<div class=\"elementor-widget-container\">\n\t\t\t\t\t\t\t<div class=\"wd-button-wrapper text-center\" >\n\t\t\t<a class=\"btn btn-style-default btn-shape-rectangle btn-size-large btn-color-primary btn-icon-pos-right\" href=\"https:\/\/kolstejn.cz\/pl\/pokoje\/\">\n\t\t\t\t<span class=\"wd-btn-text\" data-elementor-setting-key=\"text\">\n\t\t\t\t\tZAREZERWOWA\u0106 POK\u00d3J\t\t\t\t<\/span>\n\n\t\t\t\t\t\t\t<\/a>\n\t\t<\/div>\n\t\t\t\t\t\t<\/div>\n\t\t\t\t<\/div>\n\t\t\t\t<div class=\"elementor-element elementor-element-64e8062 elementor-widget__width-auto elementor-widget elementor-widget-wd_button\" data-id=\"64e8062\" data-element_type=\"widget\" data-widget_type=\"wd_button.default\">\n\t\t\t\t<div class=\"elementor-widget-container\">\n\t\t\t\t\t\t\t<div class=\"wd-button-wrapper text-center\" >\n\t\t\t<a class=\"btn btn-style-default btn-shape-rectangle btn-size-large btn-color-primary btn-icon-pos-right\" href=\"https:\/\/kolstejn.cz\/pl\/pokoje-garni\/\">\n\t\t\t\t<span class=\"wd-btn-text\" data-elementor-setting-key=\"text\">\n\t\t\t\t\tPOKA\u017b POKOJE\t\t\t\t<\/span>\n\n\t\t\t\t\t\t\t<\/a>\n\t\t<\/div>\n\t\t\t\t\t\t<\/div>\n\t\t\t\t<\/div>\n\t\t\t\t\t<\/div>\n\t\t<\/div>\n\t\t\t\t\t<\/div>\n\t\t<\/section>\n\t\t\t\t<section class=\"elementor-section elementor-top-section elementor-element elementor-element-3172dcf8 elementor-section-stretched animated-fast elementor-section-boxed elementor-section-height-default elementor-section-height-default elementor-invisible\" data-id=\"3172dcf8\" data-element_type=\"section\" data-settings=\"{&quot;stretch_section&quot;:&quot;section-stretched&quot;,&quot;background_background&quot;:&quot;classic&quot;,&quot;animation&quot;:&quot;fadeIn&quot;}\">\n\t\t\t\t\t\t<div class=\"elementor-container elementor-column-gap-default\">\n\t\t\t\t\t<div class=\"elementor-column elementor-col-100 elementor-top-column elementor-element elementor-element-47702e39\" data-id=\"47702e39\" data-element_type=\"column\">\n\t\t\t<div class=\"elementor-widget-wrap elementor-element-populated\">\n\t\t\t\t\t\t<section class=\"elementor-section elementor-inner-section elementor-element elementor-element-2e55c073 elementor-section-boxed elementor-section-height-default elementor-section-height-default\" data-id=\"2e55c073\" data-element_type=\"section\">\n\t\t\t\t\t\t<div class=\"elementor-container elementor-column-gap-default\">\n\t\t\t\t\t<div class=\"elementor-column elementor-col-50 elementor-inner-column elementor-element elementor-element-38f06ee0\" data-id=\"38f06ee0\" data-element_type=\"column\" data-settings=\"{&quot;background_background&quot;:&quot;classic&quot;}\">\n\t\t\t<div class=\"elementor-widget-wrap elementor-element-populated\">\n\t\t\t\t\t\t<div class=\"elementor-element elementor-element-4103e8e0 wd-width-100 elementor-widget elementor-widget-wd_title\" data-id=\"4103e8e0\" data-element_type=\"widget\" data-widget_type=\"wd_title.default\">\n\t\t\t\t<div class=\"elementor-widget-container\">\n\t\t\t\t\t\t\t<div class=\"title-wrapper wd-set-mb reset-last-child wd-title-color-primary wd-title-style-underlined-2 wd-title-size-default text-center\">\n\n\t\t\t\n\t\t\t<div class=\"liner-continer\">\n\t\t\t\t<h4 class=\"woodmart-title-container title wd-fontsize-l\">podstawowe informacje<\/h4> \n\t\t\t\t\t\t\t<\/div>\n\n\t\t\t\t\t<\/div>\n\t\t\t\t\t\t<\/div>\n\t\t\t\t<\/div>\n\t\t\t\t<div class=\"elementor-element elementor-element-7dd2a4e1 elementor-widget elementor-widget-wd_text_block\" data-id=\"7dd2a4e1\" data-element_type=\"widget\" data-widget_type=\"wd_text_block.default\">\n\t\t\t\t<div class=\"elementor-widget-container\">\n\t\t\t\t\t\t\t<div class=\"wd-text-block reset-last-child text-center\">\n\t\t\t\n\t\t\t<p>Tw\u00f3j spokojny sen, opr\u00f3cz pi\u0119knej przyrody i czystego powietrza Jesionik\u00f3w, gwarantuje rodzinna atmosfera, pomocna obs\u0142uga i wysokiej jako\u015bci us\u0142ugi naszego obiektu.<\/p>\n\t\t\t\t\t<\/div>\n\t\t\t\t\t\t<\/div>\n\t\t\t\t<\/div>\n\t\t\t\t\t<\/div>\n\t\t<\/div>\n\t\t\t\t<div class=\"elementor-column elementor-col-50 elementor-inner-column elementor-element elementor-element-66893ab\" data-id=\"66893ab\" data-element_type=\"column\">\n\t\t\t<div class=\"elementor-widget-wrap elementor-element-populated\">\n\t\t\t\t\t\t<div class=\"elementor-element elementor-element-68de5fe8 elementor-widget elementor-widget-wd_image_or_svg\" data-id=\"68de5fe8\" data-element_type=\"widget\" data-widget_type=\"wd_image_or_svg.default\">\n\t\t\t\t<div class=\"elementor-widget-container\">\n\t\t\t\t\t\n\t\t<div class=\"wd-image text-left\">\n\t\t\t\t\t\t\t\t\t\t\t\t\t<\/div>\n\n\t\t\t\t\t\t<\/div>\n\t\t\t\t<\/div>\n\t\t\t\t\t<\/div>\n\t\t<\/div>\n\t\t\t\t\t<\/div>\n\t\t<\/section>\n\t\t\t\t<section class=\"elementor-section elementor-inner-section elementor-element elementor-element-4c765e33 elementor-reverse-mobile elementor-section-boxed elementor-section-height-default elementor-section-height-default\" data-id=\"4c765e33\" data-element_type=\"section\">\n\t\t\t\t\t\t<div class=\"elementor-container elementor-column-gap-default\">\n\t\t\t\t\t<div class=\"elementor-column elementor-col-50 elementor-inner-column elementor-element elementor-element-4dedcdf3\" data-id=\"4dedcdf3\" data-element_type=\"column\">\n\t\t\t<div class=\"elementor-widget-wrap elementor-element-populated\">\n\t\t\t\t\t\t<div class=\"elementor-element elementor-element-6e12535f elementor-widget elementor-widget-wd_image_or_svg\" data-id=\"6e12535f\" data-element_type=\"widget\" data-widget_type=\"wd_image_or_svg.default\">\n\t\t\t\t<div class=\"elementor-widget-container\">\n\t\t\t\t\t\n\t\t<div class=\"wd-image text-left\">\n\t\t\t\t\t\t\t\t\t\t\t\t\t<\/div>\n\n\t\t\t\t\t\t<\/div>\n\t\t\t\t<\/div>\n\t\t\t\t\t<\/div>\n\t\t<\/div>\n\t\t\t\t<div class=\"elementor-column elementor-col-50 elementor-inner-column elementor-element elementor-element-7a9ac2a6\" data-id=\"7a9ac2a6\" data-element_type=\"column\" data-settings=\"{&quot;background_background&quot;:&quot;classic&quot;}\">\n\t\t\t<div class=\"elementor-widget-wrap elementor-element-populated\">\n\t\t\t\t\t\t<div class=\"elementor-element elementor-element-1f897eca wd-width-100 elementor-widget elementor-widget-wd_title\" data-id=\"1f897eca\" data-element_type=\"widget\" data-widget_type=\"wd_title.default\">\n\t\t\t\t<div class=\"elementor-widget-container\">\n\t\t\t\t\t\t\t<div class=\"title-wrapper wd-set-mb reset-last-child wd-title-color-primary wd-title-style-underlined-2 wd-title-size-default text-center\">\n\n\t\t\t\n\t\t\t<div class=\"liner-continer\">\n\t\t\t\t<h4 class=\"woodmart-title-container title wd-fontsize-l\">WI\u0118CEJ INFORMACJI<\/h4> \n\t\t\t\t\t\t\t<\/div>\n\n\t\t\t\t\t<\/div>\n\t\t\t\t\t\t<\/div>\n\t\t\t\t<\/div>\n\t\t\t\t<div class=\"elementor-element elementor-element-435d1542 elementor-widget elementor-widget-wd_text_block\" data-id=\"435d1542\" data-element_type=\"widget\" data-widget_type=\"wd_text_block.default\">\n\t\t\t\t<div class=\"elementor-widget-container\">\n\t\t\t\t\t\t\t<div class=\"wd-text-block reset-last-child text-center\">\n\t\t\t\n\t\t\t<p>Nowo pachn\u0105ce pomieszczenia Hotelu garni *** znajduj\u0105 si\u0119 na pierwszym pi\u0119trze zabytkowego budynku z 1325 roku na ma\u0142ym rynku w miejscowo\u015bci Brann\u00e1, bezpo\u015brednio nad restauracj\u0105 Kol\u0161tejn. Hotel oferuje zakwaterowanie z niepe\u0142nym wy\u017cywieniem - \u015bniadanie w formie bufetu oraz serwowana trzydaniowa kolacja. Ca\u0142kowita pojemno\u015b\u0107 hotelu to 41 \u0142\u00f3\u017cek. Mo\u017cesz zatrzyma\u0107 si\u0119 w 13 pokojach z dwoma lub wi\u0119cej \u0142\u00f3\u017ckami.<\/p>\n\t\t\t\t\t<\/div>\n\t\t\t\t\t\t<\/div>\n\t\t\t\t<\/div>\n\t\t\t\t\t<\/div>\n\t\t<\/div>\n\t\t\t\t\t<\/div>\n\t\t<\/section>\n\t\t\t\t<section class=\"elementor-section elementor-inner-section elementor-element elementor-element-7f9cbb9d elementor-section-boxed elementor-section-height-default elementor-section-height-default\" data-id=\"7f9cbb9d\" data-element_type=\"section\">\n\t\t\t\t\t\t<div class=\"elementor-container elementor-column-gap-default\">\n\t\t\t\t\t<div class=\"elementor-column elementor-col-50 elementor-inner-column elementor-element elementor-element-5bcf81ed\" data-id=\"5bcf81ed\" data-element_type=\"column\" data-settings=\"{&quot;background_background&quot;:&quot;classic&quot;}\">\n\t\t\t<div class=\"elementor-widget-wrap elementor-element-populated\">\n\t\t\t\t\t\t<div class=\"elementor-element elementor-element-261e869 wd-width-100 elementor-widget elementor-widget-wd_title\" data-id=\"261e869\" data-element_type=\"widget\" data-widget_type=\"wd_title.default\">\n\t\t\t\t<div class=\"elementor-widget-container\">\n\t\t\t\t\t\t\t<div class=\"title-wrapper wd-set-mb reset-last-child wd-title-color-primary wd-title-style-underlined-2 wd-title-size-default text-center\">\n\n\t\t\t\n\t\t\t<div class=\"liner-continer\">\n\t\t\t\t<h4 class=\"woodmart-title-container title wd-fontsize-l\">INNY<\/h4> \n\t\t\t\t\t\t\t<\/div>\n\n\t\t\t\t\t<\/div>\n\t\t\t\t\t\t<\/div>\n\t\t\t\t<\/div>\n\t\t\t\t<div class=\"elementor-element elementor-element-8650263 elementor-widget elementor-widget-wd_text_block\" data-id=\"8650263\" data-element_type=\"widget\" data-widget_type=\"wd_text_block.default\">\n\t\t\t\t<div class=\"elementor-widget-container\">\n\t\t\t\t\t\t\t<div class=\"wd-text-block reset-last-child text-center\">\n\t\t\t\n\t\t\t<p>Rezerwacj\u0119 i zakwaterowanie go\u015bci zapewnia recepcja Hotelu Wellness***, gdzie otrzymaj\u0105 Pa\u0144stwo klucze do pokoju oraz wszelkie informacje. Odleg\u0142o\u015b\u0107 mi\u0119dzy Hotelem garni *** a recepcj\u0105 hotelu wellness wynosi ok. 20 krok\u00f3w.<\/p><p>Zwierz\u0119ta mile widziane po wcze\u015bniejszym uzgodnieniu z recepcj\u0105.<\/p>\n\t\t\t\t\t<\/div>\n\t\t\t\t\t\t<\/div>\n\t\t\t\t<\/div>\n\t\t\t\t\t<\/div>\n\t\t<\/div>\n\t\t\t\t<div class=\"elementor-column elementor-col-50 elementor-inner-column elementor-element elementor-element-31272d90\" data-id=\"31272d90\" data-element_type=\"column\" data-settings=\"{&quot;background_background&quot;:&quot;classic&quot;}\">\n\t\t\t<div class=\"elementor-widget-wrap elementor-element-populated\">\n\t\t\t\t\t\t<div class=\"elementor-element elementor-element-11f29311 elementor-widget elementor-widget-spacer\" data-id=\"11f29311\" data-element_type=\"widget\" data-widget_type=\"spacer.default\">\n\t\t\t\t<div class=\"elementor-widget-container\">\n\t\t\t\t\t\t\t<div class=\"elementor-spacer\">\n\t\t\t<div class=\"elementor-spacer-inner\"><\/div>\n\t\t<\/div>\n\t\t\t\t\t\t<\/div>\n\t\t\t\t<\/div>\n\t\t\t\t\t<\/div>\n\t\t<\/div>\n\t\t\t\t\t<\/div>\n\t\t<\/section>\n\t\t\t\t\t<\/div>\n\t\t<\/div>\n\t\t\t\t\t<\/div>\n\t\t<\/section>\n\t\t\t\t<section class=\"elementor-section elementor-top-section elementor-element elementor-element-df52794 elementor-section-boxed elementor-section-height-default elementor-section-height-default\" data-id=\"df52794\" data-element_type=\"section\">\n\t\t\t\t\t\t<div class=\"elementor-container elementor-column-gap-default\">\n\t\t\t\t\t<div class=\"elementor-column elementor-col-100 elementor-top-column elementor-element elementor-element-2c0d860\" data-id=\"2c0d860\" data-element_type=\"column\">\n\t\t\t<div class=\"elementor-widget-wrap elementor-element-populated\">\n\t\t\t\t\t\t<div class=\"elementor-element elementor-element-fa767d1 wd-width-100 elementor-widget elementor-widget-wd_title\" data-id=\"fa767d1\" data-element_type=\"widget\" data-widget_type=\"wd_title.default\">\n\t\t\t\t<div class=\"elementor-widget-container\">\n\t\t\t\t\t\t\t<div class=\"title-wrapper wd-set-mb reset-last-child wd-title-color-default wd-title-style-default wd-title-size-large text-center\">\n\n\t\t\t\n\t\t\t<div class=\"liner-continer\">\n\t\t\t\t<h4 class=\"woodmart-title-container title wd-fontsize-xxl\">Nagroda Hotelu Garni ***<\/h4> \n\t\t\t\t\t\t\t<\/div>\n\n\t\t\t\t\t<\/div>\n\t\t\t\t\t\t<\/div>\n\t\t\t\t<\/div>\n\t\t\t\t\t<\/div>\n\t\t<\/div>\n\t\t\t\t\t<\/div>\n\t\t<\/section>\n\t\t\t\t<section class=\"elementor-section elementor-top-section elementor-element elementor-element-811b9a5 elementor-section-boxed elementor-section-height-default elementor-section-height-default\" data-id=\"811b9a5\" data-element_type=\"section\">\n\t\t\t\t\t\t<div class=\"elementor-container elementor-column-gap-default\">\n\t\t\t\t\t<div class=\"elementor-column elementor-col-33 elementor-top-column elementor-element elementor-element-c344654\" data-id=\"c344654\" data-element_type=\"column\">\n\t\t\t<div class=\"elementor-widget-wrap elementor-element-populated\">\n\t\t\t\t\t\t<div class=\"elementor-element elementor-element-10bbb58 elementor-widget elementor-widget-wd_image_or_svg\" data-id=\"10bbb58\" data-element_type=\"widget\" data-widget_type=\"wd_image_or_svg.default\">\n\t\t\t\t<div class=\"elementor-widget-container\">\n\t\t\t\t\t\n\t\t<div class=\"wd-image text-center\">\n\t\t\t\t\t\t\t<a href=\"https:\/\/www.travelmyth.com\/Sumperk\/Hotels\" target=\"_blank\" aria-label=\"Image link\" rel=\"noopener\">\n\t\t\t\t\t\t\t\t\t\t\t\t\t\t\t<\/a>\n\t\t\t\t\t<\/div>\n\n\t\t\t\t\t\t<\/div>\n\t\t\t\t<\/div>\n\t\t\t\t\t<\/div>\n\t\t<\/div>\n\t\t\t\t<div class=\"elementor-column elementor-col-33 elementor-top-column elementor-element elementor-element-56394c2\" data-id=\"56394c2\" data-element_type=\"column\">\n\t\t\t<div class=\"elementor-widget-wrap elementor-element-populated\">\n\t\t\t\t\t\t<div class=\"elementor-element elementor-element-767ebee elementor-widget elementor-widget-wd_image_or_svg\" data-id=\"767ebee\" data-element_type=\"widget\" data-widget_type=\"wd_image_or_svg.default\">\n\t\t\t\t<div class=\"elementor-widget-container\">\n\t\t\t\t\t\n\t\t<div class=\"wd-image text-center\">\n\t\t\t\t\t\t\t<a href=\"https:\/\/www.travelmyth.com\/Sumperk\/Hotels\/indoor_pool\" target=\"_blank\" aria-label=\"Image link\" rel=\"noopener\">\n\t\t\t\t\t\t\t\t\t\t\t\t\t\t\t<\/a>\n\t\t\t\t\t<\/div>\n\n\t\t\t\t\t\t<\/div>\n\t\t\t\t<\/div>\n\t\t\t\t\t<\/div>\n\t\t<\/div>\n\t\t\t\t<div class=\"elementor-column elementor-col-33 elementor-top-column elementor-element elementor-element-c0f392a\" data-id=\"c0f392a\" data-element_type=\"column\">\n\t\t\t<div class=\"elementor-widget-wrap elementor-element-populated\">\n\t\t\t\t\t\t<div class=\"elementor-element elementor-element-d242089 elementor-widget elementor-widget-wd_image_or_svg\" data-id=\"d242089\" data-element_type=\"widget\" data-widget_type=\"wd_image_or_svg.default\">\n\t\t\t\t<div class=\"elementor-widget-container\">\n\t\t\t\t\t\n\t\t<div class=\"wd-image text-center\">\n\t\t\t\t\t\t\t\t\t\t\t\t\t<\/div>\n\n\t\t\t\t\t\t<\/div>\n\t\t\t\t<\/div>\n\t\t\t\t\t<\/div>\n\t\t<\/div>\n\t\t\t\t\t<\/div>\n\t\t<\/section>\n\t\t\t\t<section class=\"elementor-section elementor-top-section elementor-element elementor-element-8c0bba8 elementor-section-boxed elementor-section-height-default elementor-section-height-default\" data-id=\"8c0bba8\" data-element_type=\"section\">\n\t\t\t\t\t\t<div class=\"elementor-container elementor-column-gap-default\">\n\t\t\t\t\t<div class=\"elementor-column elementor-col-33 elementor-top-column elementor-element elementor-element-c96e45f\" data-id=\"c96e45f\" data-element_type=\"column\">\n\t\t\t<div class=\"elementor-widget-wrap elementor-element-populated\">\n\t\t\t\t\t\t<div class=\"elementor-element elementor-element-e0c9574 elementor-widget elementor-widget-wd_image_or_svg\" data-id=\"e0c9574\" data-element_type=\"widget\" data-widget_type=\"wd_image_or_svg.default\">\n\t\t\t\t<div class=\"elementor-widget-container\">\n\t\t\t\t\t\n\t\t<div class=\"wd-image text-center\">\n\t\t\t\t\t\t\t<a href=\"https:\/\/www.travelmyth.com\/Sumperk\/Hotels\/small\" target=\"_blank\" aria-label=\"Image link\" rel=\"noopener\">\n\t\t\t\t\t\t\t\t\t\t\t\t\t\t\t<\/a>\n\t\t\t\t\t<\/div>\n\n\t\t\t\t\t\t<\/div>\n\t\t\t\t<\/div>\n\t\t\t\t\t<\/div>\n\t\t<\/div>\n\t\t\t\t<div class=\"elementor-column elementor-col-33 elementor-top-column elementor-element elementor-element-1ae81e6\" data-id=\"1ae81e6\" data-element_type=\"column\">\n\t\t\t<div class=\"elementor-widget-wrap elementor-element-populated\">\n\t\t\t\t\t\t<div class=\"elementor-element elementor-element-3ee62b8 elementor-widget elementor-widget-wd_image_or_svg\" data-id=\"3ee62b8\" data-element_type=\"widget\" data-widget_type=\"wd_image_or_svg.default\">\n\t\t\t\t<div class=\"elementor-widget-container\">\n\t\t\t\t\t\n\t\t<div class=\"wd-image text-center\">\n\t\t\t\t\t\t\t<a href=\"https:\/\/www.travelmyth.com\/Sumperk\/Hotels\" target=\"_blank\" aria-label=\"Image link\" rel=\"noopener\">\n\t\t\t\t\t\t\t\t\t\t\t\t\t\t\t<\/a>\n\t\t\t\t\t<\/div>\n\n\t\t\t\t\t\t<\/div>\n\t\t\t\t<\/div>\n\t\t\t\t\t<\/div>\n\t\t<\/div>\n\t\t\t\t<div class=\"elementor-column elementor-col-33 elementor-top-column elementor-element elementor-element-594c9cf\" data-id=\"594c9cf\" data-element_type=\"column\">\n\t\t\t<div class=\"elementor-widget-wrap elementor-element-populated\">\n\t\t\t\t\t\t<div class=\"elementor-element elementor-element-a4e21f8 elementor-widget elementor-widget-wd_image_or_svg\" data-id=\"a4e21f8\" data-element_type=\"widget\" data-widget_type=\"wd_image_or_svg.default\">\n\t\t\t\t<div class=\"elementor-widget-container\">\n\t\t\t\t\t\n\t\t<div class=\"wd-image text-center\">\n\t\t\t\t\t\t\t<a href=\"https:\/\/www.travelmyth.com\/Branna\/Hotels\/three_star\" target=\"_blank\" aria-label=\"Image link\" rel=\"noopener\">\n\t\t\t\t\t\t\t\t<img loading=\"lazy\" decoding=\"async\" width=\"320\" height=\"288\" src=\"https:\/\/kolstejn.cz\/wp-content\/uploads\/2022\/07\/travelmyth_2598413_baCn_r_branna_three_star_p0_y0_24a4_en_web-1.png\" class=\"attachment-full size-full\" alt=\"Certifik\u00e1t Travelmyth \u2014 Hotel garni Kol\u0161tejn\" srcset=\"https:\/\/kolstejn.cz\/wp-content\/uploads\/2022\/07\/travelmyth_2598413_baCn_r_branna_three_star_p0_y0_24a4_en_web-1.png 320w, https:\/\/kolstejn.cz\/wp-content\/uploads\/2022\/07\/travelmyth_2598413_baCn_r_branna_three_star_p0_y0_24a4_en_web-1-300x270.png 300w, https:\/\/kolstejn.cz\/wp-content\/uploads\/2022\/07\/travelmyth_2598413_baCn_r_branna_three_star_p0_y0_24a4_en_web-1-200x180.png 200w\" sizes=\"auto, (max-width: 320px) 100vw, 320px\" \/>\t\t\t\t\t\t\t<\/a>\n\t\t\t\t\t<\/div>\n\n\t\t\t\t\t\t<\/div>\n\t\t\t\t<\/div>\n\t\t\t\t\t<\/div>\n\t\t<\/div>\n\t\t\t\t\t<\/div>\n\t\t<\/section>\n\t\t\t\t<\/div>\n\t\t","protected":false},"excerpt":{"rendered":"<p>HOTEL GARNI KOL\u0160TEJN v Brann\u00e9 hodnocen\u00ed ZAREZERWOWA\u0106 POK\u00d3J POKA\u017b POKOJE podstawowe informacje Tw\u00f3j spokojny sen, opr\u00f3cz pi\u0119knej przyrody i czystego<\/p>\n","protected":false},"author":1,"featured_media":0,"parent":0,"menu_order":0,"comment_status":"closed","ping_status":"closed","template":"","meta":{"footnotes":""},"class_list":["post-14060","page","type-page","status-publish","hentry"],"_links":{"self":[{"href":"https:\/\/kolstejn.cz\/pl\/wp-json\/wp\/v2\/pages\/14060","targetHints":{"allow":["GET"]}}],"collection":[{"href":"https:\/\/kolstejn.cz\/pl\/wp-json\/wp\/v2\/pages"}],"about":[{"href":"https:\/\/kolstejn.cz\/pl\/wp-json\/wp\/v2\/types\/page"}],"author":[{"embeddable":true,"href":"https:\/\/kolstejn.cz\/pl\/wp-json\/wp\/v2\/users\/1"}],"replies":[{"embeddable":true,"href":"https:\/\/kolstejn.cz\/pl\/wp-json\/wp\/v2\/comments?post=14060"}],"version-history":[{"count":0,"href":"https:\/\/kolstejn.cz\/pl\/wp-json\/wp\/v2\/pages\/14060\/revisions"}],"wp:attachment":[{"href":"https:\/\/kolstejn.cz\/pl\/wp-json\/wp\/v2\/media?parent=14060"}],"curies":[{"name":"wp","href":"https:\/\/api.w.org\/{rel}","templated":true}]}}