{"id":14074,"date":"2022-07-14T10:01:49","date_gmt":"2022-07-14T08:01:49","guid":{"rendered":"https:\/\/kolstejn.cz\/wellness-pokoje-hotelowe\/"},"modified":"2022-07-20T09:32:14","modified_gmt":"2022-07-20T07:32:14","slug":"wellness-pokoje-hotelowe","status":"publish","type":"page","link":"https:\/\/kolstejn.cz\/pl\/wellness-pokoje-hotelowe\/","title":{"rendered":"Wellness pokoje hotelowe"},"content":{"rendered":"\t\t<div data-elementor-type=\"wp-page\" data-elementor-id=\"14074\" class=\"elementor elementor-14074 elementor-216\" data-elementor-post-type=\"page\">\n\t\t\t\t\t\t<section class=\"elementor-section elementor-top-section elementor-element elementor-element-9de28ef elementor-section-boxed elementor-section-height-default elementor-section-height-default\" data-id=\"9de28ef\" data-element_type=\"section\">\n\t\t\t\t\t\t<div class=\"elementor-container elementor-column-gap-default\">\n\t\t\t\t\t<div class=\"elementor-column elementor-col-33 elementor-top-column elementor-element elementor-element-0150cd5\" data-id=\"0150cd5\" data-element_type=\"column\" data-settings=\"{&quot;background_background&quot;:&quot;classic&quot;}\">\n\t\t\t<div class=\"elementor-widget-wrap elementor-element-populated\">\n\t\t\t\t\t\t<div class=\"elementor-element elementor-element-872f2a8 elementor-widget elementor-widget-wd_image_or_svg\" data-id=\"872f2a8\" data-element_type=\"widget\" data-widget_type=\"wd_image_or_svg.default\">\n\t\t\t\t<div class=\"elementor-widget-container\">\n\t\t\t\t\t\n\t\t<div class=\"wd-image text-left\">\n\t\t\t\t\t\t\t\t\t\t\t\t\t<\/div>\n\n\t\t\t\t\t\t<\/div>\n\t\t\t\t<\/div>\n\t\t\t\t<div class=\"elementor-element elementor-element-61cf188 wd-width-100 elementor-widget elementor-widget-wd_title\" data-id=\"61cf188\" data-element_type=\"widget\" data-widget_type=\"wd_title.default\">\n\t\t\t\t<div class=\"elementor-widget-container\">\n\t\t\t\t\t\t\t<div class=\"title-wrapper wd-set-mb reset-last-child wd-title-color-default wd-title-style-default wd-title-size-default text-center\">\n\n\t\t\t\n\t\t\t<div class=\"liner-continer\">\n\t\t\t\t<h4 class=\"woodmart-title-container title wd-fontsize-l\">pok\u00f3j klasyczny<\/h4> \n\t\t\t\t\t\t\t<\/div>\n\n\t\t\t\t\t<\/div>\n\t\t\t\t\t\t<\/div>\n\t\t\t\t<\/div>\n\t\t\t\t<div class=\"elementor-element elementor-element-3fa6f08 elementor-widget elementor-widget-wd_text_block\" data-id=\"3fa6f08\" data-element_type=\"widget\" data-widget_type=\"wd_text_block.default\">\n\t\t\t\t<div class=\"elementor-widget-container\">\n\t\t\t\t\t\t\t<div class=\"wd-text-block reset-last-child text-left\">\n\t\t\t\n\t\t\t<p>Pi\u0119kne pokoje bez dostawek z \u0142\u00f3\u017ckiem podw\u00f3jnym lub dwoma \u0142\u00f3\u017ckami pojedynczymi. Idealny dla os\u00f3b podr\u00f3\u017cuj\u0105cych samotnie.<br \/><br \/>We wszystkich pokojach znajdziesz telewizor LCD, ma\u0142\u0105 lod\u00f3wk\u0119, telefon hotelowy, internet wi-fi, \u0142azienk\u0119 z prysznicem i oddzieln\u0105 toalet\u0105, suszark\u0119 do w\u0142os\u00f3w, serwis r\u0119cznik\u00f3w, szlafroki dla osoby doros\u0142e i wyposa\u017cony minibar.<br \/><br \/>Pok\u00f3j nr 2 jest ca\u0142kowicie bezbarierowy. Pozosta\u0142e pokoje znajduj\u0105 si\u0119 na pierwszym i drugim pi\u0119trze, na kt\u00f3re prowadz\u0105 schody. Do pokoi nr 20, 22 i 23 mo\u017cna r\u00f3wnie\u017c dosta\u0107 si\u0119 wind\u0105.<\/p>\n\t\t\t\t\t<\/div>\n\t\t\t\t\t\t<\/div>\n\t\t\t\t<\/div>\n\t\t\t\t\t<\/div>\n\t\t<\/div>\n\t\t\t\t<div class=\"elementor-column elementor-col-33 elementor-top-column elementor-element elementor-element-44b3cdb\" data-id=\"44b3cdb\" data-element_type=\"column\" data-settings=\"{&quot;background_background&quot;:&quot;classic&quot;}\">\n\t\t\t<div class=\"elementor-widget-wrap elementor-element-populated\">\n\t\t\t\t\t\t<div class=\"elementor-element elementor-element-aa3c954 elementor-widget elementor-widget-wd_image_or_svg\" data-id=\"aa3c954\" data-element_type=\"widget\" data-widget_type=\"wd_image_or_svg.default\">\n\t\t\t\t<div class=\"elementor-widget-container\">\n\t\t\t\t\t\n\t\t<div class=\"wd-image text-left\">\n\t\t\t\t\t\t\t\t\t\t\t\t\t<\/div>\n\n\t\t\t\t\t\t<\/div>\n\t\t\t\t<\/div>\n\t\t\t\t<div class=\"elementor-element elementor-element-96c6bf5 wd-width-100 elementor-widget elementor-widget-wd_title\" data-id=\"96c6bf5\" data-element_type=\"widget\" data-widget_type=\"wd_title.default\">\n\t\t\t\t<div class=\"elementor-widget-container\">\n\t\t\t\t\t\t\t<div class=\"title-wrapper wd-set-mb reset-last-child wd-title-color-default wd-title-style-default wd-title-size-default text-center\">\n\n\t\t\t\n\t\t\t<div class=\"liner-continer\">\n\t\t\t\t<h4 class=\"woodmart-title-container title wd-fontsize-l\">pok\u00f3j prze\u0142o\u017conego<\/h4> \n\t\t\t\t\t\t\t<\/div>\n\n\t\t\t\t\t<\/div>\n\t\t\t\t\t\t<\/div>\n\t\t\t\t<\/div>\n\t\t\t\t<div class=\"elementor-element elementor-element-f983127 elementor-widget elementor-widget-wd_text_block\" data-id=\"f983127\" data-element_type=\"widget\" data-widget_type=\"wd_text_block.default\">\n\t\t\t\t<div class=\"elementor-widget-container\">\n\t\t\t\t\t\t\t<div class=\"wd-text-block reset-last-child text-left\">\n\t\t\t\n\t\t\t<p>Pok\u00f3j dwuosobowy typu superior lub pok\u00f3j rodzinny z podw\u00f3jnym \u0142\u00f3\u017ckiem i rozk\u0142adan\u0105 sof\u0105 to przestronny pok\u00f3j od strony zachodniej lub p\u00f3\u0142nocno-zachodniej. Idealny dla rodziny z jednym dzieckiem.<br \/><br \/>We wszystkich pokojach TV LCD, ma\u0142a lod\u00f3wka, telefon hotelowy, internet wi-fi, \u0142azienka z prysznicem i osobn\u0105 toalet\u0105, suszarka do w\u0142os\u00f3w, serwis r\u0119cznik\u00f3w, szlafroki dla doros\u0142ych i wyposa\u017cony minibar.<\/p>\n\t\t\t\t\t<\/div>\n\t\t\t\t\t\t<\/div>\n\t\t\t\t<\/div>\n\t\t\t\t\t<\/div>\n\t\t<\/div>\n\t\t\t\t<div class=\"elementor-column elementor-col-33 elementor-top-column elementor-element elementor-element-8706478\" data-id=\"8706478\" data-element_type=\"column\" data-settings=\"{&quot;background_background&quot;:&quot;classic&quot;}\">\n\t\t\t<div class=\"elementor-widget-wrap elementor-element-populated\">\n\t\t\t\t\t\t<div class=\"elementor-element elementor-element-5a92c7e elementor-widget elementor-widget-wd_image_or_svg\" data-id=\"5a92c7e\" data-element_type=\"widget\" data-widget_type=\"wd_image_or_svg.default\">\n\t\t\t\t<div class=\"elementor-widget-container\">\n\t\t\t\t\t\n\t\t<div class=\"wd-image text-left\">\n\t\t\t\t\t\t\t\t\t\t\t\t\t<\/div>\n\n\t\t\t\t\t\t<\/div>\n\t\t\t\t<\/div>\n\t\t\t\t<div class=\"elementor-element elementor-element-155ab08 wd-width-100 elementor-widget elementor-widget-wd_title\" data-id=\"155ab08\" data-element_type=\"widget\" data-widget_type=\"wd_title.default\">\n\t\t\t\t<div class=\"elementor-widget-container\">\n\t\t\t\t\t\t\t<div class=\"title-wrapper wd-set-mb reset-last-child wd-title-color-default wd-title-style-default wd-title-size-default text-center\">\n\n\t\t\t\n\t\t\t<div class=\"liner-continer\">\n\t\t\t\t<h4 class=\"woodmart-title-container title wd-fontsize-l\">komfortowy pok\u00f3j<\/h4> \n\t\t\t\t\t\t\t<\/div>\n\n\t\t\t\t\t<\/div>\n\t\t\t\t\t\t<\/div>\n\t\t\t\t<\/div>\n\t\t\t\t<div class=\"elementor-element elementor-element-234e628 elementor-widget elementor-widget-wd_text_block\" data-id=\"234e628\" data-element_type=\"widget\" data-widget_type=\"wd_text_block.default\">\n\t\t\t\t<div class=\"elementor-widget-container\">\n\t\t\t\t\t\t\t<div class=\"wd-text-block reset-last-child text-left\">\n\t\t\t\n\t\t\t<p>Najpi\u0119kniejsze i najwi\u0119ksze pokoje typu comfort s\u0105 idealne dla wymagaj\u0105cych os\u00f3b lub rodzin z dzie\u0107mi.<\/p><p><strong>Tylko pokoje typu comfort zawieraj\u0105 czajnik, kaw\u0119, herbat\u0119, cukier - wszystko dla idealnego komfortu! <p> \/strong><\/p><p>Najpopularniejszy pok\u00f3j nr 21 ze \u015bwietlikami jest r\u00f3wnie\u017c \u0142atwo dost\u0119pny wind\u0105 \u0142\u0105cz\u0105c\u0105 recepcj\u0119 ze strychem.<\/p><p>We wszystkich pokojach znajduje si\u0119 telewizor LCD , ma\u0142a lod\u00f3wka, telefon hotelowy, internet wi-fi, prywatna \u0142azienka z prysznicem i osobn\u0105 toalet\u0105, suszarka do w\u0142os\u00f3w, serwis r\u0119cznik\u00f3w, szlafroki dla doros\u0142ych i wyposa\u017cony minibar.<\/p>\n\t\t\t\t\t<\/div>\n\t\t\t\t\t\t<\/div>\n\t\t\t\t<\/div>\n\t\t\t\t\t<\/div>\n\t\t<\/div>\n\t\t\t\t\t<\/div>\n\t\t<\/section>\n\t\t\t\t<\/div>\n\t\t","protected":false},"excerpt":{"rendered":"<p>pok\u00f3j klasyczny Pi\u0119kne pokoje bez dostawek z \u0142\u00f3\u017ckiem podw\u00f3jnym lub dwoma \u0142\u00f3\u017ckami pojedynczymi. Idealny dla os\u00f3b podr\u00f3\u017cuj\u0105cych samotnie. We wszystkich<\/p>\n","protected":false},"author":1,"featured_media":0,"parent":0,"menu_order":0,"comment_status":"closed","ping_status":"closed","template":"","meta":{"footnotes":""},"class_list":["post-14074","page","type-page","status-publish","hentry"],"_links":{"self":[{"href":"https:\/\/kolstejn.cz\/pl\/wp-json\/wp\/v2\/pages\/14074","targetHints":{"allow":["GET"]}}],"collection":[{"href":"https:\/\/kolstejn.cz\/pl\/wp-json\/wp\/v2\/pages"}],"about":[{"href":"https:\/\/kolstejn.cz\/pl\/wp-json\/wp\/v2\/types\/page"}],"author":[{"embeddable":true,"href":"https:\/\/kolstejn.cz\/pl\/wp-json\/wp\/v2\/users\/1"}],"replies":[{"embeddable":true,"href":"https:\/\/kolstejn.cz\/pl\/wp-json\/wp\/v2\/comments?post=14074"}],"version-history":[{"count":0,"href":"https:\/\/kolstejn.cz\/pl\/wp-json\/wp\/v2\/pages\/14074\/revisions"}],"wp:attachment":[{"href":"https:\/\/kolstejn.cz\/pl\/wp-json\/wp\/v2\/media?parent=14074"}],"curies":[{"name":"wp","href":"https:\/\/api.w.org\/{rel}","templated":true}]}}