{"id":22899,"date":"2024-04-23T08:46:49","date_gmt":"2024-04-23T06:46:49","guid":{"rendered":"https:\/\/kolstejn.cz\/pobyty\/"},"modified":"2026-03-11T15:25:18","modified_gmt":"2026-03-11T14:25:18","slug":"pobyty","status":"publish","type":"page","link":"https:\/\/kolstejn.cz\/pl\/pobyty\/","title":{"rendered":"Pobyty"},"content":{"rendered":"\t\t<div data-elementor-type=\"wp-page\" data-elementor-id=\"22899\" class=\"elementor elementor-22899 elementor-22792\" data-elementor-post-type=\"page\">\n\t\t\t\t<div class=\"elementor-element elementor-element-787a050 e-flex e-con-boxed e-con e-parent\" data-id=\"787a050\" data-element_type=\"container\">\n\t\t\t\t\t<div class=\"e-con-inner\">\n\t\t<div class=\"elementor-element elementor-element-27babf6 e-con-full e-flex e-con e-child\" data-id=\"27babf6\" data-element_type=\"container\">\n\t\t\t\t<div class=\"elementor-element elementor-element-a8bef6c elementor-widget elementor-widget-wd_text_block\" data-id=\"a8bef6c\" data-element_type=\"widget\" data-widget_type=\"wd_text_block.default\">\n\t\t\t\t<div class=\"elementor-widget-container\">\n\t\t\t\t\t\t\t<div class=\"wd-text-block reset-last-child text-center\">\n\t\t\t\n\t\t\t<p>Dlaczego warto kupi\u0107 pobyt bezpo\u015brednio u nas?<\/p>\n\t\t\t\t\t<\/div>\n\t\t\t\t\t\t<\/div>\n\t\t\t\t<\/div>\n\t\t\t\t<div class=\"elementor-element elementor-element-df408ea elementor-widget elementor-widget-wd_text_block\" data-id=\"df408ea\" data-element_type=\"widget\" data-widget_type=\"wd_text_block.default\">\n\t\t\t\t<div class=\"elementor-widget-container\">\n\t\t\t\t\t\t\t<div class=\"wd-text-block reset-last-child text-center\">\n\t\t\t\n\t\t\t<p>W przypadku naszych pobyt\u00f3w z niepe\u0142nym wy\u017cywieniem masz do wyboru 4 posi\u0142ki dziennie!<br>A to nie wszystko - dostajesz r\u00f3wnie\u017c przystawk\u0119 i deser!<\/p>\n\t\t\t\t\t<\/div>\n\t\t\t\t\t\t<\/div>\n\t\t\t\t<\/div>\n\t\t\t\t<div class=\"elementor-element elementor-element-c4ffdf6 elementor-widget elementor-widget-wd_popup\" data-id=\"c4ffdf6\" data-element_type=\"widget\" data-widget_type=\"wd_popup.default\">\n\t\t\t\t<div class=\"elementor-widget-container\">\n\t\t\t\t\t\t\t\t\t<div class=\"wd-button-wrapper text-center\" >\n\t\t\t<a class=\"btn btn-style-default btn-shape-rectangle btn-size-default wd-open-popup btn-color-primary btn-icon-pos-right\"  href=\"#popup-62d51f118a125\">\n\t\t\t\t<span class=\"wd-btn-text\" data-elementor-setting-key=\"text\">\n\t\t\t\t\tzobacz trzydaniowe menu obiadowe\t\t\t\t<\/span>\n\n\t\t\t\t\t\t\t<\/a>\n\t\t<\/div>\n\t\t\t\t\t\t\t<div id=\"popup-62d51f118a125\" class=\"mfp-hide wd-popup wd-popup-element wd-scroll-content wd-entry-content\" style=\"--wd-popup-width:800px;\">\n\t\t\t\t\t\t<div data-elementor-type=\"wp-post\" data-elementor-id=\"14293\" class=\"elementor elementor-14293 elementor-752\" data-elementor-post-type=\"cms_block\">\n\t\t\t\t\t\t<section class=\"elementor-section elementor-top-section elementor-element elementor-element-f070752 elementor-section-boxed elementor-section-height-default elementor-section-height-default\" data-id=\"f070752\" data-element_type=\"section\">\n\t\t\t\t\t\t<div class=\"elementor-container elementor-column-gap-default\">\n\t\t\t\t\t<div class=\"elementor-column elementor-col-100 elementor-top-column elementor-element elementor-element-1bf06eb\" data-id=\"1bf06eb\" data-element_type=\"column\">\n\t\t\t<div class=\"elementor-widget-wrap elementor-element-populated\">\n\t\t\t\t\t\t<div class=\"elementor-element elementor-element-e2c5cab elementor-widget elementor-widget-wd_tabs\" data-id=\"e2c5cab\" data-element_type=\"widget\" data-widget_type=\"wd_tabs.default\">\n\t\t\t\t<div class=\"elementor-widget-container\">\n\t\t\t\t\t\t\t<div class=\"wd-tabs tabs-design-default\">\n\t\t\t<div class=\"wd-tabs-header text-center\">\n\t\t\t\t\t\t\t\t\t<div class=\"tabs-name title\">\n\t\t\t\t\t\t\n\t\t\t\t\t\t<span class=\"tabs-text\" data-elementor-setting-key=\"title\">\n\t\t\t\t\t\t\tWyb\u00f3r trzydaniowego menu obiadowego\t\t\t\t\t\t<\/span>\n\t\t\t\t\t<\/div>\n\t\t\t\t\n\t\t\t\t\n\t\t\t\t<div class=\"wd-nav-wrapper wd-nav-tabs-wrapper\">\n\t\t\t\t\t<ul class=\"wd-nav wd-nav-tabs wd-icon-pos-left wd-style-default\">\n\t\t\t\t\t\t\t\t\t\t\t\t\t\n\t\t\t\t\t\t\t<li>\n\t\t\t\t\t\t\t\t<a href=\"#\" class=\"wd-nav-link\">\n\t\t\t\t\t\t\t\t\t\n\t\t\t\t\t\t\t\t\t<span class=\"nav-link-text wd-tabs-title\">\n\t\t\t\t\t\t\t\t\t\tPoniedzia\u0142ek\t\t\t\t\t\t\t\t\t<\/span>\n\t\t\t\t\t\t\t\t<\/a>\n\t\t\t\t\t\t\t<\/li>\n\n\t\t\t\t\t\t\t\t\t\t\t\t\t\n\t\t\t\t\t\t\t<li>\n\t\t\t\t\t\t\t\t<a href=\"#\" class=\"wd-nav-link\">\n\t\t\t\t\t\t\t\t\t\n\t\t\t\t\t\t\t\t\t<span class=\"nav-link-text wd-tabs-title\">\n\t\t\t\t\t\t\t\t\t\tWtorek\t\t\t\t\t\t\t\t\t<\/span>\n\t\t\t\t\t\t\t\t<\/a>\n\t\t\t\t\t\t\t<\/li>\n\n\t\t\t\t\t\t\t\t\t\t\t\t\t\n\t\t\t\t\t\t\t<li>\n\t\t\t\t\t\t\t\t<a href=\"#\" class=\"wd-nav-link\">\n\t\t\t\t\t\t\t\t\t\n\t\t\t\t\t\t\t\t\t<span class=\"nav-link-text wd-tabs-title\">\n\t\t\t\t\t\t\t\t\t\t\u015aroda\t\t\t\t\t\t\t\t\t<\/span>\n\t\t\t\t\t\t\t\t<\/a>\n\t\t\t\t\t\t\t<\/li>\n\n\t\t\t\t\t\t\t\t\t\t\t\t\t\n\t\t\t\t\t\t\t<li>\n\t\t\t\t\t\t\t\t<a href=\"#\" class=\"wd-nav-link\">\n\t\t\t\t\t\t\t\t\t\n\t\t\t\t\t\t\t\t\t<span class=\"nav-link-text wd-tabs-title\">\n\t\t\t\t\t\t\t\t\t\tCzwartek\t\t\t\t\t\t\t\t\t<\/span>\n\t\t\t\t\t\t\t\t<\/a>\n\t\t\t\t\t\t\t<\/li>\n\n\t\t\t\t\t\t\t\t\t\t\t\t\t\n\t\t\t\t\t\t\t<li>\n\t\t\t\t\t\t\t\t<a href=\"#\" class=\"wd-nav-link\">\n\t\t\t\t\t\t\t\t\t\n\t\t\t\t\t\t\t\t\t<span class=\"nav-link-text wd-tabs-title\">\n\t\t\t\t\t\t\t\t\t\tPi\u0105tek\t\t\t\t\t\t\t\t\t<\/span>\n\t\t\t\t\t\t\t\t<\/a>\n\t\t\t\t\t\t\t<\/li>\n\n\t\t\t\t\t\t\t\t\t\t\t\t\t\n\t\t\t\t\t\t\t<li>\n\t\t\t\t\t\t\t\t<a href=\"#\" class=\"wd-nav-link\">\n\t\t\t\t\t\t\t\t\t\n\t\t\t\t\t\t\t\t\t<span class=\"nav-link-text wd-tabs-title\">\n\t\t\t\t\t\t\t\t\t\tSobota\t\t\t\t\t\t\t\t\t<\/span>\n\t\t\t\t\t\t\t\t<\/a>\n\t\t\t\t\t\t\t<\/li>\n\n\t\t\t\t\t\t\t\t\t\t\t\t\t\n\t\t\t\t\t\t\t<li>\n\t\t\t\t\t\t\t\t<a href=\"#\" class=\"wd-nav-link\">\n\t\t\t\t\t\t\t\t\t\n\t\t\t\t\t\t\t\t\t<span class=\"nav-link-text wd-tabs-title\">\n\t\t\t\t\t\t\t\t\t\tNiedziela\t\t\t\t\t\t\t\t\t<\/span>\n\t\t\t\t\t\t\t\t<\/a>\n\t\t\t\t\t\t\t<\/li>\n\n\t\t\t\t\t\t\t\t\t\t\t<\/ul>\n\t\t\t\t<\/div>\n\t\t\t<\/div>\n\n\t\t\t<div class=\"wd-tabs-content-wrapper\">\n\t\t\t\t\t\t\t\t\t\t\t\t\t\t\n\t\t\t\t\t<div class=\"wd-tab-content wd-entry-content\">\n\t\t\t\t\t\t\t\t\t\t\t\t\t<div >\n\t\t\t\t\t\t\t\t<p style=\"text-align: center;\"><span style=\"text-decoration: underline;\">Przystawka - zgodnie z ofert\u0105 dnia<\/span><\/p><p style=\"text-align: center;\"><strong>A \u2013 Rolada drobiowa z<\/strong> <strong>szpinakiem, estragonem<\/strong><br \/>Alergenami: 1, 3, 7<\/p><p style=\"text-align: center;\"><strong>B \u2013 Kotlety z kotleta, ziemniaki z koperkiem<\/strong><br \/>Alergeny: 1,3, 7<\/p><p style=\"text-align: center;\"><strong>C \u2013 Pstr\u0105g na zio\u0142ach, ziemniaki zapiekane<\/strong><br \/>Alergeny: 4,7<\/p><p style=\"text-align: center;\"><strong>D \u2013 Risotto grzybowe, ser Grand Moravia<br \/><\/strong>Alergeny: 7<\/p><p style=\"text-align: center;\"><span style=\"text-decoration: underline;\">Ciasta - wg oferty dziennej<br \/>Alergeny: 1,3,5,6,7,8,11<\/span><\/p>\t\t\t\t\t\t\t<\/div>\n\t\t\t\t\t\t\t\t\t\t\t<\/div>\n\n\t\t\t\t\t\t\t\t\t\t\t\t\t\t\n\t\t\t\t\t<div class=\"wd-tab-content wd-entry-content\">\n\t\t\t\t\t\t\t\t\t\t\t\t\t<div >\n\t\t\t\t\t\t\t\t<p style=\"text-align: center;\"><span style=\"text-decoration: underline;\">Przystawka - zgodnie z ofert\u0105 dnia<\/span><\/p><p style=\"text-align: center;\"><strong>A \u2013 Pierogi z morawskim w\u0119dzonym mi\u0119sem i kiszon\u0105 kapust\u0105<\/strong><br \/>Alergeny: 1,3<\/p><p style=\"text-align: center;\"><strong>B \u2013 Dzik na warzywach korzeniowych i czerwonym winie, puree ziemniaczane<\/strong><br \/>Alergeny: 1, 9<\/p><p style=\"text-align: center;\"><strong>C \u2013 Karp pieczony w piwie, bagietka <\/strong><br \/>Alergeny: 1, 3, 4, 7<\/p><p style=\"text-align: center;\"><strong>D \u2013 Penne z sosem pomidorowym i serem Grand Moravia<br \/><\/strong>Alergeny: 1,3,7<\/p><p style=\"text-align: center;\"><span style=\"text-decoration: underline;\">Ciasta - wg oferty dziennej<br \/>Alergeny: 1,3,5,6,7,8,11<\/span><\/p>\t\t\t\t\t\t\t<\/div>\n\t\t\t\t\t\t\t\t\t\t\t<\/div>\n\n\t\t\t\t\t\t\t\t\t\t\t\t\t\t\n\t\t\t\t\t<div class=\"wd-tab-content wd-entry-content\">\n\t\t\t\t\t\t\t\t\t\t\t\t\t<div >\n\t\t\t\t\t\t\t\t<p style=\"text-align: center;\"><span style=\"text-decoration: underline;\">Przystawka - zgodnie z ofert\u0105 dnia<\/span><\/p><p style=\"text-align: center; \"><strong>A \u2013 Gulasz wo\u0142owy z knedlami<\/strong><br \/>Alergeny: 1, 3, 7<\/p><p style=\"text-align: center;\"><strong>B \u2013 Sa\u0142atka Cezar z kurczakiem i grzankami<\/strong><br \/>Alergeny: 1, 3, 4, 7<\/p><p style=\"text-align: center;\"><strong>C \u2013 Grillowany oko\u0144 z zio\u0142ami z mas\u0142em, pikantn\u0105 ciecierzyc\u0105<\/strong><br \/>Alergeny: 1, 4,7<\/p><p style=\"text-align: center;\"><strong>D \u2013 Gronostaj sma\u017cony, puree ziemniaczane z cebulk\u0105 dymk\u0105 <\/strong><br \/>Alergeny: 1,3,7<\/p><p style=\"text-align: center;\"><span style=\"text-decoration: underline;\">Ciasta - wg oferta dnia<\/span><br \/>Alergeny:1,3,5,6,7,8,11<\/p>\t\t\t\t\t\t\t<\/div>\n\t\t\t\t\t\t\t\t\t\t\t<\/div>\n\n\t\t\t\t\t\t\t\t\t\t\t\t\t\t\n\t\t\t\t\t<div class=\"wd-tab-content wd-entry-content\">\n\t\t\t\t\t\t\t\t\t\t\t\t\t<div >\n\t\t\t\t\t\t\t\t<p style=\"text-align: center;\"><span style=\"text-decoration: underline;\">Przystawka - zgodnie z ofert\u0105 dnia<\/span><\/p><p style=\"text-align: center;\"><strong>A \u2013 W\u0105tr\u00f3bka drobiowa na cebuli, ry\u017c ja\u015bminowy<\/strong><br \/>Alergeny: 1<\/p><p style=\"text-align: center;\"><strong>B \u2013 Pieczone kark\u00f3wka z boczkiem i twarogiem, pieczone ziemniaki<br \/><\/strong>Alergeny: 1, 7<\/p><p style=\"text-align: center;\"><strong>C \u2013 Sma\u017cony dorsz, frytki warzywne , dip zio\u0142owy <\/strong><br \/>Alergeny: 1,3,4,7,9<\/p><p style=\"text-align: center;\"><strong>D \u2013 Spicy Aglio e Olio z Grand Ser Moravia<br \/><\/strong>Alergeny: 1,7<\/p><p style=\"text-align: center;\"><span style=\"text-decoration: underline;\">Ciasta - wg oferty dziennej\u00a0<br \/>Alergeny: 1,3,5,6,7,8,11<\/span><\/p>\t\t\t\t\t\t\t<\/div>\n\t\t\t\t\t\t\t\t\t\t\t<\/div>\n\n\t\t\t\t\t\t\t\t\t\t\t\t\t\t\n\t\t\t\t\t<div class=\"wd-tab-content wd-entry-content\">\n\t\t\t\t\t\t\t\t\t\t\t\t\t<div >\n\t\t\t\t\t\t\t\t<p style=\"text-align: center;\"><span style=\"text-decoration: underline;\">Przystawka - zgodnie z ofert\u0105 dnia<\/span><\/p><p style=\"text-align: center;\"><strong>A \u2013 udko z kaczki confit, odmiana kapusty, knedle ziemniaczano-bekonowe<\/strong><br \/>Alergeny: 1,3,7<\/p><p style=\"text-align: center;\"><strong>B \u2013 Policzki wo\u0142owe z puree ziemniaczanym<br \/><\/strong>Alergeny: 1,7, 9<\/p><p style=\"text-align: center;\"><strong>C \u2013 Grillowane tu\u0144czyk , warzywa ma\u015blane<\/strong><br \/>Alergeny: 4, 7<\/p><p style=\"text-align: center;\"><strong>D \u2013 Makaron ze szpinakiem i suszonymi pomidorami<br \/><\/strong>Alergeny: 1,7<\/p><p style=\"text-align: center;\"><span style=\"text-decoration: underline;\">Ciasta - wed\u0142ug dziennego menu<br \/><\/span>Alergeny: 1,3,5,6,7,8,11<\/p>\t\t\t\t\t\t\t<\/div>\n\t\t\t\t\t\t\t\t\t\t\t<\/div>\n\n\t\t\t\t\t\t\t\t\t\t\t\t\t\t\n\t\t\t\t\t<div class=\"wd-tab-content wd-entry-content\">\n\t\t\t\t\t\t\t\t\t\t\t\t\t<div >\n\t\t\t\t\t\t\t\t<p style=\"text-align: center;\"><span style=\"text-decoration: underline;\">Przystawka - zgodnie z ofert\u0105 dnia<\/span><\/p><p style=\"text-align: center;\"><strong>A \u2013 Stripsy z kurczaka w p\u0142atkach kukurydzianych na sa\u0142atce warzywnej, dip jogurtowo-zio\u0142owy, ciasto<\/strong><br \/>Alergeny: 1,3,7<\/p><p style=\"text-align: center;\"><strong>B \u2013 Ragout z dziczyzny z rozmarynem, pieczone ziemniaki<br \/><\/strong>Alergeny: 1,7<\/p><p style=\"text-align: center;\"><strong>C \u2013 oko\u0144 z sol\u0105 cytrynow\u0105, sos porowy, ry\u017c<\/strong><br \/>Alergeny: 4, 7, 9<\/p><p style=\"text-align: center;\"><strong>D \u2013 Pieczone broku\u0142y z szalotk\u0105<br \/><\/strong>Alergeny: 7<\/p><p style=\"text-align: center;\"><span style=\"text-decoration: underline;\">Ciasta - wg dziennego menu<\/span> <br \/>Alergeny: 1,3,5,6,7,8,11<\/p>\t\t\t\t\t\t\t<\/div>\n\t\t\t\t\t\t\t\t\t\t\t<\/div>\n\n\t\t\t\t\t\t\t\t\t\t\t\t\t\t\n\t\t\t\t\t<div class=\"wd-tab-content wd-entry-content\">\n\t\t\t\t\t\t\t\t\t\t\t\t\t<div >\n\t\t\t\t\t\t\t\t<p style=\"text-align: center;\"><span style=\"text-decoration: underline;\">Przystawka - zgodnie z ofert\u0105 dnia<\/span><\/p><p style=\"text-align: center;\"><strong>A - Szasz\u0142yk z kurczaka, gotowany ziemniak<\/strong><br \/>Alergeny: 1,7<\/p><p style=\"text-align: center;\"><strong>B - W\u0119dzony ozorek wieprzowy , puree ziemniaczane z chrzanem<br \/><\/strong>Alergeny: 1,7<\/p><p style=\"text-align: center;\"><strong>C \u2013 Mieszanka sa\u0142at z grillowanym tu\u0144czykiem z sezamem, ciasto<br \/><\/strong>Alergeny: 1, 4, 11<\/p><p style=\"text-align: center;\"><strong>D \u2013 Pikantny tost z mieszank\u0105 warzyw i fasoli<\/strong><br \/>Alergeny: 1.7<\/p><p style=\"text-align: center;\"><span style=\"text-decoration: underline;\">Ciasta - wg oferty dziennej<\/span><br \/>Alergeny: 1, 3,5,6,7,8,11<\/p>\t\t\t\t\t\t\t<\/div>\n\t\t\t\t\t\t\t\t\t\t\t<\/div>\n\n\t\t\t\t\t\t\t<\/div>\n\t\t<\/div>\n\t\t\t\t\t\t<\/div>\n\t\t\t\t<\/div>\n\t\t\t\t\t<\/div>\n\t\t<\/div>\n\t\t\t\t\t<\/div>\n\t\t<\/section>\n\t\t\t\t<\/div>\n\t\t\t\t\t<\/div>\n\t\t\t\t\t\t\t\t<\/div>\n\t\t\t\t<\/div>\n\t\t\t\t<\/div>\n\t\t\t\t\t<\/div>\n\t\t\t\t<\/div>\n\t\t<div class=\"elementor-element elementor-element-194521e4 wd-section-stretch-content e-flex e-con-boxed e-con e-parent\" data-id=\"194521e4\" data-element_type=\"container\">\n\t\t\t\t\t<div class=\"e-con-inner\">\n\t\t\t\t<div class=\"elementor-element elementor-element-1f4796c elementor-widget elementor-widget-html\" data-id=\"1f4796c\" data-element_type=\"widget\" data-widget_type=\"html.default\">\n\t\t\t\t<div class=\"elementor-widget-container\">\n\t\t\t\t\t<bookolosystem-engine apikey=\"gm1bi2mhn2\" lang=\"pl\" currency=\"CZK\" default-page=\"packages\"><\/bookolosystem-engine>\t\t\t\t<\/div>\n\t\t\t\t<\/div>\n\t\t\t\t\t<\/div>\n\t\t\t\t<\/div>\n\t\t\t\t<\/div>\n\t\t","protected":false},"excerpt":{"rendered":"<p>Dlaczego warto kupi\u0107 pobyt bezpo\u015brednio u nas? W przypadku naszych pobyt\u00f3w z niepe\u0142nym wy\u017cywieniem masz do wyboru 4 posi\u0142ki dziennie!A<\/p>\n","protected":false},"author":1,"featured_media":0,"parent":0,"menu_order":0,"comment_status":"closed","ping_status":"closed","template":"","meta":{"footnotes":""},"class_list":["post-22899","page","type-page","status-publish","hentry"],"_links":{"self":[{"href":"https:\/\/kolstejn.cz\/pl\/wp-json\/wp\/v2\/pages\/22899","targetHints":{"allow":["GET"]}}],"collection":[{"href":"https:\/\/kolstejn.cz\/pl\/wp-json\/wp\/v2\/pages"}],"about":[{"href":"https:\/\/kolstejn.cz\/pl\/wp-json\/wp\/v2\/types\/page"}],"author":[{"embeddable":true,"href":"https:\/\/kolstejn.cz\/pl\/wp-json\/wp\/v2\/users\/1"}],"replies":[{"embeddable":true,"href":"https:\/\/kolstejn.cz\/pl\/wp-json\/wp\/v2\/comments?post=22899"}],"version-history":[{"count":1,"href":"https:\/\/kolstejn.cz\/pl\/wp-json\/wp\/v2\/pages\/22899\/revisions"}],"predecessor-version":[{"id":25023,"href":"https:\/\/kolstejn.cz\/pl\/wp-json\/wp\/v2\/pages\/22899\/revisions\/25023"}],"wp:attachment":[{"href":"https:\/\/kolstejn.cz\/pl\/wp-json\/wp\/v2\/media?parent=22899"}],"curies":[{"name":"wp","href":"https:\/\/api.w.org\/{rel}","templated":true}]}}