{"id":22911,"date":"2024-04-23T08:49:30","date_gmt":"2024-04-23T06:49:30","guid":{"rendered":"https:\/\/kolstejn.cz\/vouchery\/"},"modified":"2026-03-11T14:53:43","modified_gmt":"2026-03-11T13:53:43","slug":"vouchery","status":"publish","type":"page","link":"https:\/\/kolstejn.cz\/pl\/vouchery\/","title":{"rendered":"Vouchery"},"content":{"rendered":"\t\t<div data-elementor-type=\"wp-page\" data-elementor-id=\"22911\" class=\"elementor elementor-22911 elementor-22796\" data-elementor-post-type=\"page\">\n\t\t\t\t<div class=\"elementor-element elementor-element-4165157 e-flex e-con-boxed e-con e-parent\" data-id=\"4165157\" data-element_type=\"container\">\n\t\t\t\t\t<div class=\"e-con-inner\">\n\t\t<div class=\"elementor-element elementor-element-7a88b0f e-con-full e-flex e-con e-child\" data-id=\"7a88b0f\" data-element_type=\"container\">\n\t\t\t\t<div class=\"elementor-element elementor-element-cec5fbe wd-width-100 elementor-widget elementor-widget-wd_title\" data-id=\"cec5fbe\" data-element_type=\"widget\" data-widget_type=\"wd_title.default\">\n\t\t\t\t<div class=\"elementor-widget-container\">\n\t\t\t\t\t\t\t<div class=\"title-wrapper wd-set-mb reset-last-child wd-title-color-default wd-title-style-default wd-title-size-large text-center\">\n\n\t\t\t\n\t\t\t<div class=\"liner-continer\">\n\t\t\t\t<h4 class=\"woodmart-title-container title wd-fontsize-xxl\">KARTY PODARUNKOWE<\/h4> \n\t\t\t\t\t\t\t<\/div>\n\n\t\t\t\t\t<\/div>\n\t\t\t\t\t\t<\/div>\n\t\t\t\t<\/div>\n\t\t\t\t<div class=\"elementor-element elementor-element-2adc793 elementor-widget elementor-widget-wd_text_block\" data-id=\"2adc793\" data-element_type=\"widget\" data-widget_type=\"wd_text_block.default\">\n\t\t\t\t<div class=\"elementor-widget-container\">\n\t\t\t\t\t\t\t<div class=\"wd-text-block reset-last-child text-center\">\n\t\t\t\n\t\t\t<p>Wyj\u0105tkowy prezent urodzinowy, prezent \u015blubny lub prezent na rocznic\u0119? Mamy dla Was inspiracj\u0119 \u2013 podarujcie oryginalne i niezapomniane prze\u017cycie. Je\u015bli chcesz da\u0107 najbardziej odpowiedni prezent swoim bliskim, przyjacio\u0142om i kolegom z pracy, oferujemy Wam us\u0142ug\u0119 premium w postaci bon\u00f3w podarunkowych.<\/p><p><strong>Wa\u017cno\u015b\u0107 bon\u00f3w wynosi 6 miesi\u0119cy od daty zakupu.<\/strong><\/p>\n\t\t\t\t\t<\/div>\n\t\t\t\t\t\t<\/div>\n\t\t\t\t<\/div>\n\t\t\t\t<div class=\"elementor-element elementor-element-e2b3e00 elementor-widget elementor-widget-wd_button\" data-id=\"e2b3e00\" data-element_type=\"widget\" data-widget_type=\"wd_button.default\">\n\t\t\t\t<div class=\"elementor-widget-container\">\n\t\t\t\t\t\t\t<div class=\"wd-button-wrapper text-center\" >\n\t\t\t<a class=\"btn btn-style-default btn-shape-rectangle btn-size-small btn-color-primary btn-icon-pos-right\"  href=\"https:\/\/kolstejn.cz\/wp-content\/uploads\/2024\/04\/Obchodni-podminky-vouchery.pdf\" target=\"_blank\">\n\t\t\t\t<span class=\"wd-btn-text\" data-elementor-setting-key=\"text\">\n\t\t\t\t\tZobacz regulamin\t\t\t\t<\/span>\n\n\t\t\t\t\t\t\t<\/a>\n\t\t<\/div>\n\t\t\t\t\t\t<\/div>\n\t\t\t\t<\/div>\n\t\t\t\t<\/div>\n\t\t\t\t\t<\/div>\n\t\t\t\t<\/div>\n\t\t<div class=\"elementor-element elementor-element-154ba18c wd-section-stretch-content e-flex e-con-boxed e-con e-parent\" data-id=\"154ba18c\" data-element_type=\"container\">\n\t\t\t\t\t<div class=\"e-con-inner\">\n\t\t\t\t<div class=\"elementor-element elementor-element-230b8a4 elementor-widget elementor-widget-html\" data-id=\"230b8a4\" data-element_type=\"widget\" data-widget_type=\"html.default\">\n\t\t\t\t<div class=\"elementor-widget-container\">\n\t\t\t\t\t<bookolosystem-engine apikey=\"gm1bi2mhn2\" lang=\"pl\" currency=\"CZK\"\n  default-page=\"vouchers\"><\/bookolosystem-engine>\t\t\t\t<\/div>\n\t\t\t\t<\/div>\n\t\t\t\t\t<\/div>\n\t\t\t\t<\/div>\n\t\t\t\t<\/div>\n\t\t","protected":false},"excerpt":{"rendered":"<p>KARTY PODARUNKOWE Wyj\u0105tkowy prezent urodzinowy, prezent \u015blubny lub prezent na rocznic\u0119? Mamy dla Was inspiracj\u0119 \u2013 podarujcie oryginalne i niezapomniane<\/p>\n","protected":false},"author":1,"featured_media":0,"parent":0,"menu_order":0,"comment_status":"closed","ping_status":"closed","template":"","meta":{"footnotes":""},"class_list":["post-22911","page","type-page","status-publish","hentry"],"_links":{"self":[{"href":"https:\/\/kolstejn.cz\/pl\/wp-json\/wp\/v2\/pages\/22911","targetHints":{"allow":["GET"]}}],"collection":[{"href":"https:\/\/kolstejn.cz\/pl\/wp-json\/wp\/v2\/pages"}],"about":[{"href":"https:\/\/kolstejn.cz\/pl\/wp-json\/wp\/v2\/types\/page"}],"author":[{"embeddable":true,"href":"https:\/\/kolstejn.cz\/pl\/wp-json\/wp\/v2\/users\/1"}],"replies":[{"embeddable":true,"href":"https:\/\/kolstejn.cz\/pl\/wp-json\/wp\/v2\/comments?post=22911"}],"version-history":[{"count":1,"href":"https:\/\/kolstejn.cz\/pl\/wp-json\/wp\/v2\/pages\/22911\/revisions"}],"predecessor-version":[{"id":25013,"href":"https:\/\/kolstejn.cz\/pl\/wp-json\/wp\/v2\/pages\/22911\/revisions\/25013"}],"wp:attachment":[{"href":"https:\/\/kolstejn.cz\/pl\/wp-json\/wp\/v2\/media?parent=22911"}],"curies":[{"name":"wp","href":"https:\/\/api.w.org\/{rel}","templated":true}]}}